{"id":4924,"date":"2025-03-01T14:00:24","date_gmt":"2025-03-01T14:00:24","guid":{"rendered":"https:\/\/asesorialastablasmadrid.es\/?page_id=4924"},"modified":"2025-03-01T15:23:22","modified_gmt":"2025-03-01T15:23:22","slug":"el-blog-modificaciones-fiscales-2025","status":"publish","type":"page","link":"https:\/\/asesorialastablasmadrid.es\/en\/el-blog-modificaciones-fiscales-2025","title":{"rendered":"MODIFICACIONES FISCALES PARA SOCIEDADES A PARTIR DE 2025"},"content":{"rendered":"<div data-elementor-type=\"wp-page\" data-elementor-id=\"4924\" class=\"elementor elementor-4924\" data-elementor-post-type=\"page\">\n\t\t\t\t<div class=\"elementor-element elementor-element-ad4774c e-con-full e-flex e-con e-parent\" data-id=\"ad4774c\" data-element_type=\"container\" data-settings=\"{&quot;background_background&quot;:&quot;classic&quot;}\">\n\t\t\t\t<div class=\"elementor-element elementor-element-90dc86e elementor-widget elementor-widget-text-editor\" data-id=\"90dc86e\" data-element_type=\"widget\" data-widget_type=\"text-editor.default\">\n\t\t\t\t<div class=\"elementor-widget-container\">\n\t\t\t\t\t\t\t\t\t<p>Modificaciones fiscales para sociedades a partir de 2025<\/p>\t\t\t\t\t\t\t\t<\/div>\n\t\t\t\t<\/div>\n\t\t\t\t<\/div>\n\t\t<div class=\"elementor-element elementor-element-797f943 e-flex e-con-boxed e-con e-parent\" data-id=\"797f943\" data-element_type=\"container\">\n\t\t\t\t\t<div class=\"e-con-inner\">\n\t\t\t\t<div class=\"elementor-element elementor-element-9baff8c elementor-widget__width-initial elementor-widget elementor-widget-text-editor\" data-id=\"9baff8c\" data-element_type=\"widget\" data-widget_type=\"text-editor.default\">\n\t\t\t\t<div class=\"elementor-widget-container\">\n\t\t\t\t\t\t\t\t\t<p><b>Modificaciones que establecen nuevos tipos impositivos al objeto de mejorar la tributaci\u00f3n de las sociedades especialmente las de deducida dimensi\u00f3n a partir del 2025.<\/b><\/p>\t\t\t\t\t\t\t\t<\/div>\n\t\t\t\t<\/div>\n\t\t\t\t<div class=\"elementor-element elementor-element-3f3e02e elementor-widget elementor-widget-text-editor\" data-id=\"3f3e02e\" data-element_type=\"widget\" data-widget_type=\"text-editor.default\">\n\t\t\t\t<div class=\"elementor-widget-container\">\n\t\t\t\t\t\t\t\t\t<p>Estas modificaciones, recogidas en la <strong>Ley 7\/2024<\/strong> y el <strong>Real Decreto-ley 9\/2024<\/strong>, afectan principalmente a micro pymes, entidades de reducida dimensi\u00f3n y grupos multinacionales. Si bien su aplicaci\u00f3n ser\u00e1 progresiva.<\/p>\t\t\t\t\t\t\t\t<\/div>\n\t\t\t\t<\/div>\n\t\t\t\t<div class=\"elementor-element elementor-element-f182caa elementor-widget elementor-widget-spacer\" data-id=\"f182caa\" data-element_type=\"widget\" data-widget_type=\"spacer.default\">\n\t\t\t\t<div class=\"elementor-widget-container\">\n\t\t\t\t\t\t\t<div class=\"elementor-spacer\">\n\t\t\t<div class=\"elementor-spacer-inner\"><\/div>\n\t\t<\/div>\n\t\t\t\t\t\t<\/div>\n\t\t\t\t<\/div>\n\t\t\t\t<div class=\"elementor-element elementor-element-c3878cf elementor-widget elementor-widget-text-editor\" data-id=\"c3878cf\" data-element_type=\"widget\" data-widget_type=\"text-editor.default\">\n\t\t\t\t<div class=\"elementor-widget-container\">\n\t\t\t\t\t\t\t\t\t<p><b>Tipos impositivos del Impuesto de Sociedades en 2025<\/b><\/p>\t\t\t\t\t\t\t\t<\/div>\n\t\t\t\t<\/div>\n\t\t\t\t<div class=\"elementor-element elementor-element-9829688 elementor-widget elementor-widget-text-editor\" data-id=\"9829688\" data-element_type=\"widget\" data-widget_type=\"text-editor.default\">\n\t\t\t\t<div class=\"elementor-widget-container\">\n\t\t\t\t\t\t\t\t\t<p>El tipo impositivo general del Impuesto sobre Sociedades se fija en el 25%, aunque hay diferentes tipos aplicables en funci\u00f3n de las circunstancias de la entidad:<\/p><p>Un tipo reducido del 23% se aplica a las entidades cuya cifra de negocio del per\u00edodo impositivo anterior no supere el mill\u00f3n de euros, salvo excepciones.<\/p><p>Un tipo reducido del 15% est\u00e1 destinado a las entidades de nueva creaci\u00f3n.<\/p><p>Las cooperativas que gozan de protecci\u00f3n fiscal se benefician de un tipo impositivo del 20%.<\/p><p>Las entidades sin fines de lucro tributan al 10%, y las sociedades de inversi\u00f3n en capital variable reguladas por la Ley 35\/2003 tienen un tipo reducido del 1%.<\/p><p>A partir de 2025, el Impuesto sobre Sociedades en Espa\u00f1a mantiene el tipo impositivo general del 25%. Ahora bien, se aplican tipos reducidos seg\u00fan las caracter\u00edsticas de las entidades:<\/p>\t\t\t\t\t\t\t\t<\/div>\n\t\t\t\t<\/div>\n\t\t\t\t<div class=\"elementor-element elementor-element-5524679 elementor-widget elementor-widget-spacer\" data-id=\"5524679\" data-element_type=\"widget\" data-widget_type=\"spacer.default\">\n\t\t\t\t<div class=\"elementor-widget-container\">\n\t\t\t\t\t\t\t<div class=\"elementor-spacer\">\n\t\t\t<div class=\"elementor-spacer-inner\"><\/div>\n\t\t<\/div>\n\t\t\t\t\t\t<\/div>\n\t\t\t\t<\/div>\n\t\t\t\t<div class=\"elementor-element elementor-element-1ebd7e8 elementor-widget elementor-widget-text-editor\" data-id=\"1ebd7e8\" data-element_type=\"widget\" data-widget_type=\"text-editor.default\">\n\t\t\t\t<div class=\"elementor-widget-container\">\n\t\t\t\t\t\t\t\t\t<p><b>Microempresas<\/b><\/p>\t\t\t\t\t\t\t\t<\/div>\n\t\t\t\t<\/div>\n\t\t\t\t<div class=\"elementor-element elementor-element-bd0819c elementor-widget elementor-widget-text-editor\" data-id=\"bd0819c\" data-element_type=\"widget\" data-widget_type=\"text-editor.default\">\n\t\t\t\t<div class=\"elementor-widget-container\">\n\t\t\t\t\t\t\t\t\t<p>Para entidades con una facturaci\u00f3n inferior a 1 mill\u00f3n de euros anuales, se introduce una reducci\u00f3n progresiva en el tipo impositivo.<\/p><p>En 2025, tributar\u00e1n al 21% por los primeros 50.000 euros de base imponible y al\u00a022%\u00a0por el resto.<\/p><p>Esta reducci\u00f3n continuar\u00e1 en los a\u00f1os siguientes, alcanzando en 2027 un 17% para los primeros\u00a050.000 euros\u00a0y un\u00a020%\u00a0para el resto.<\/p>\t\t\t\t\t\t\t\t<\/div>\n\t\t\t\t<\/div>\n\t\t\t\t<div class=\"elementor-element elementor-element-1fd0889 elementor-widget elementor-widget-spacer\" data-id=\"1fd0889\" data-element_type=\"widget\" data-widget_type=\"spacer.default\">\n\t\t\t\t<div class=\"elementor-widget-container\">\n\t\t\t\t\t\t\t<div class=\"elementor-spacer\">\n\t\t\t<div class=\"elementor-spacer-inner\"><\/div>\n\t\t<\/div>\n\t\t\t\t\t\t<\/div>\n\t\t\t\t<\/div>\n\t\t\t\t<div class=\"elementor-element elementor-element-c06ec0a elementor-widget elementor-widget-text-editor\" data-id=\"c06ec0a\" data-element_type=\"widget\" data-widget_type=\"text-editor.default\">\n\t\t\t\t<div class=\"elementor-widget-container\">\n\t\t\t\t\t\t\t\t\t<p><b>Peque\u00f1as y medianas empresas (pymes)<\/b><\/p>\t\t\t\t\t\t\t\t<\/div>\n\t\t\t\t<\/div>\n\t\t\t\t<div class=\"elementor-element elementor-element-29e8f28 elementor-widget elementor-widget-text-editor\" data-id=\"29e8f28\" data-element_type=\"widget\" data-widget_type=\"text-editor.default\">\n\t\t\t\t<div class=\"elementor-widget-container\">\n\t\t\t\t\t\t\t\t\t<p>Las pymes con una facturaci\u00f3n entre 1 y 10 millones de euros anuales tambi\u00e9n se beneficiar\u00e1n de una reducci\u00f3n progresiva.<\/p><p>En 2025, el tipo impositivo ser\u00e1 del 24%, disminuyendo un punto porcentual cada a\u00f1o hasta llegar al\u00a020%\u00a0en\u00a02029.<\/p>\t\t\t\t\t\t\t\t<\/div>\n\t\t\t\t<\/div>\n\t\t\t\t<div class=\"elementor-element elementor-element-ddcf567 elementor-widget elementor-widget-spacer\" data-id=\"ddcf567\" data-element_type=\"widget\" data-widget_type=\"spacer.default\">\n\t\t\t\t<div class=\"elementor-widget-container\">\n\t\t\t\t\t\t\t<div class=\"elementor-spacer\">\n\t\t\t<div class=\"elementor-spacer-inner\"><\/div>\n\t\t<\/div>\n\t\t\t\t\t\t<\/div>\n\t\t\t\t<\/div>\n\t\t\t\t<div class=\"elementor-element elementor-element-5938301 elementor-widget elementor-widget-text-editor\" data-id=\"5938301\" data-element_type=\"widget\" data-widget_type=\"text-editor.default\">\n\t\t\t\t<div class=\"elementor-widget-container\">\n\t\t\t\t\t\t\t\t\t<p><b>Entidades de nueva creaci\u00f3n<\/b><\/p>\t\t\t\t\t\t\t\t<\/div>\n\t\t\t\t<\/div>\n\t\t\t\t<div class=\"elementor-element elementor-element-7c702a1 elementor-widget elementor-widget-text-editor\" data-id=\"7c702a1\" data-element_type=\"widget\" data-widget_type=\"text-editor.default\">\n\t\t\t\t<div class=\"elementor-widget-container\">\n\t\t\t\t\t\t\t\t\t<p>Las empresas de nueva constituci\u00f3n que realicen actividades econ\u00f3micas tributar\u00e1n al\u00a015%\u00a0en el primer per\u00edodo impositivo con base imponible positiva y en el siguiente.<\/p>\t\t\t\t\t\t\t\t<\/div>\n\t\t\t\t<\/div>\n\t\t\t\t<div class=\"elementor-element elementor-element-d0e2c7e elementor-widget elementor-widget-spacer\" data-id=\"d0e2c7e\" data-element_type=\"widget\" data-widget_type=\"spacer.default\">\n\t\t\t\t<div class=\"elementor-widget-container\">\n\t\t\t\t\t\t\t<div class=\"elementor-spacer\">\n\t\t\t<div class=\"elementor-spacer-inner\"><\/div>\n\t\t<\/div>\n\t\t\t\t\t\t<\/div>\n\t\t\t\t<\/div>\n\t\t\t\t<div class=\"elementor-element elementor-element-e3c29fa elementor-widget elementor-widget-text-editor\" data-id=\"e3c29fa\" data-element_type=\"widget\" data-widget_type=\"text-editor.default\">\n\t\t\t\t<div class=\"elementor-widget-container\">\n\t\t\t\t\t\t\t\t\t<p><b>Empresas emergentes<\/b><\/p>\t\t\t\t\t\t\t\t<\/div>\n\t\t\t\t<\/div>\n\t\t\t\t<div class=\"elementor-element elementor-element-5434a77 elementor-widget elementor-widget-text-editor\" data-id=\"5434a77\" data-element_type=\"widget\" data-widget_type=\"text-editor.default\">\n\t\t\t\t<div class=\"elementor-widget-container\">\n\t\t\t\t\t\t\t\t\t<p>Las empresas emergentes reconocidas como tales tributar\u00e1n al 15% en el primer per\u00edodo impositivo con base imponible positiva y en los tres siguientes, siempre que mantengan dicha condici\u00f3n.<\/p>\t\t\t\t\t\t\t\t<\/div>\n\t\t\t\t<\/div>\n\t\t\t\t<div class=\"elementor-element elementor-element-703b6b8 elementor-widget elementor-widget-spacer\" data-id=\"703b6b8\" data-element_type=\"widget\" data-widget_type=\"spacer.default\">\n\t\t\t\t<div class=\"elementor-widget-container\">\n\t\t\t\t\t\t\t<div class=\"elementor-spacer\">\n\t\t\t<div class=\"elementor-spacer-inner\"><\/div>\n\t\t<\/div>\n\t\t\t\t\t\t<\/div>\n\t\t\t\t<\/div>\n\t\t\t\t<div class=\"elementor-element elementor-element-6381dec elementor-widget elementor-widget-text-editor\" data-id=\"6381dec\" data-element_type=\"widget\" data-widget_type=\"text-editor.default\">\n\t\t\t\t<div class=\"elementor-widget-container\">\n\t\t\t\t\t\t\t\t\t<p><b>Cooperativas fiscalmente protegidas<\/b><\/p>\t\t\t\t\t\t\t\t<\/div>\n\t\t\t\t<\/div>\n\t\t\t\t<div class=\"elementor-element elementor-element-127727a elementor-widget elementor-widget-text-editor\" data-id=\"127727a\" data-element_type=\"widget\" data-widget_type=\"text-editor.default\">\n\t\t\t\t<div class=\"elementor-widget-container\">\n\t\t\t\t\t\t\t\t\t<p>Tributan al\u00a020%\u00a0por los resultados cooperativos y al\u00a025%\u00a0por los extra cooperativos.<\/p>\t\t\t\t\t\t\t\t<\/div>\n\t\t\t\t<\/div>\n\t\t\t\t<div class=\"elementor-element elementor-element-ea899a4 elementor-widget elementor-widget-spacer\" data-id=\"ea899a4\" data-element_type=\"widget\" data-widget_type=\"spacer.default\">\n\t\t\t\t<div class=\"elementor-widget-container\">\n\t\t\t\t\t\t\t<div class=\"elementor-spacer\">\n\t\t\t<div class=\"elementor-spacer-inner\"><\/div>\n\t\t<\/div>\n\t\t\t\t\t\t<\/div>\n\t\t\t\t<\/div>\n\t\t\t\t<div class=\"elementor-element elementor-element-4f8cca6 elementor-widget elementor-widget-text-editor\" data-id=\"4f8cca6\" data-element_type=\"widget\" data-widget_type=\"text-editor.default\">\n\t\t\t\t<div class=\"elementor-widget-container\">\n\t\t\t\t\t\t\t\t\t<p><b>Entidades sin fines lucrativos<\/b><\/p>\t\t\t\t\t\t\t\t<\/div>\n\t\t\t\t<\/div>\n\t\t\t\t<div class=\"elementor-element elementor-element-4e92472 elementor-widget elementor-widget-text-editor\" data-id=\"4e92472\" data-element_type=\"widget\" data-widget_type=\"text-editor.default\">\n\t\t\t\t<div class=\"elementor-widget-container\">\n\t\t\t\t\t\t\t\t\t<p>Tributan al 10%, siempre que cumplan con los requisitos establecidos en la Ley 49\/2002.<\/p>\t\t\t\t\t\t\t\t<\/div>\n\t\t\t\t<\/div>\n\t\t\t\t<div class=\"elementor-element elementor-element-61a01ab elementor-widget elementor-widget-spacer\" data-id=\"61a01ab\" data-element_type=\"widget\" data-widget_type=\"spacer.default\">\n\t\t\t\t<div class=\"elementor-widget-container\">\n\t\t\t\t\t\t\t<div class=\"elementor-spacer\">\n\t\t\t<div class=\"elementor-spacer-inner\"><\/div>\n\t\t<\/div>\n\t\t\t\t\t\t<\/div>\n\t\t\t\t<\/div>\n\t\t\t\t<div class=\"elementor-element elementor-element-d822156 elementor-widget elementor-widget-text-editor\" data-id=\"d822156\" data-element_type=\"widget\" data-widget_type=\"text-editor.default\">\n\t\t\t\t<div class=\"elementor-widget-container\">\n\t\t\t\t\t\t\t\t\t<p><b>Sociedades de inversi\u00f3n colectiva<\/b><\/p>\t\t\t\t\t\t\t\t<\/div>\n\t\t\t\t<\/div>\n\t\t\t\t<div class=\"elementor-element elementor-element-7460016 elementor-widget elementor-widget-text-editor\" data-id=\"7460016\" data-element_type=\"widget\" data-widget_type=\"text-editor.default\">\n\t\t\t\t<div class=\"elementor-widget-container\">\n\t\t\t\t\t\t\t\t\t<p>Las Sociedades de Inversi\u00f3n de Capital Variable (SICAV) y otras instituciones de inversi\u00f3n colectiva tributan al\u00a01%, bajo ciertas condiciones.<\/p>\t\t\t\t\t\t\t\t<\/div>\n\t\t\t\t<\/div>\n\t\t\t\t<div class=\"elementor-element elementor-element-624a333 elementor-widget elementor-widget-spacer\" data-id=\"624a333\" data-element_type=\"widget\" data-widget_type=\"spacer.default\">\n\t\t\t\t<div class=\"elementor-widget-container\">\n\t\t\t\t\t\t\t<div class=\"elementor-spacer\">\n\t\t\t<div class=\"elementor-spacer-inner\"><\/div>\n\t\t<\/div>\n\t\t\t\t\t\t<\/div>\n\t\t\t\t<\/div>\n\t\t\t\t<div class=\"elementor-element elementor-element-8ce76f3 elementor-widget elementor-widget-button\" data-id=\"8ce76f3\" data-element_type=\"widget\" data-widget_type=\"button.default\">\n\t\t\t\t<div class=\"elementor-widget-container\">\n\t\t\t\t\t\t\t\t\t<div class=\"elementor-button-wrapper\">\n\t\t\t\t\t<a class=\"elementor-button elementor-button-link elementor-size-sm\" href=\"https:\/\/asesorialastablasmadrid.es\/en\/contacto-asesoria-legal-las-tablas-madrid\/\">\n\t\t\t\t\t\t<span class=\"elementor-button-content-wrapper\">\n\t\t\t\t\t\t\t\t\t<span class=\"elementor-button-text\"> Improve Your Results with Our Accounting Services!<\/span>\n\t\t\t\t\t<\/span>\n\t\t\t\t\t<\/a>\n\t\t\t\t<\/div>\n\t\t\t\t\t\t\t\t<\/div>\n\t\t\t\t<\/div>\n\t\t\t\t\t<\/div>\n\t\t\t\t<\/div>\n\t\t<div class=\"elementor-element elementor-element-a6bdd7f e-flex e-con-boxed e-con e-parent\" data-id=\"a6bdd7f\" data-element_type=\"container\">\n\t\t\t\t\t<div class=\"e-con-inner\">\n\t\t\t\t<div class=\"elementor-element elementor-element-38cb0e2 elementor-widget elementor-widget-spacer\" data-id=\"38cb0e2\" data-element_type=\"widget\" data-widget_type=\"spacer.default\">\n\t\t\t\t<div class=\"elementor-widget-container\">\n\t\t\t\t\t\t\t<div class=\"elementor-spacer\">\n\t\t\t<div class=\"elementor-spacer-inner\"><\/div>\n\t\t<\/div>\n\t\t\t\t\t\t<\/div>\n\t\t\t\t<\/div>\n\t\t\t\t\t<\/div>\n\t\t\t\t<\/div>\n\t\t\t\t<\/div>","protected":false},"excerpt":{"rendered":"<p>Modificaciones fiscales para sociedades a partir de 2025 Modificaciones que establecen nuevos tipos impositivos al objeto de mejorar la tributaci\u00f3n de las sociedades especialmente las de deducida dimensi\u00f3n a partir del 2025. Estas modificaciones, recogidas en la Ley 7\/2024 y el Real Decreto-ley 9\/2024, afectan principalmente a micro pymes, entidades de reducida dimensi\u00f3n y grupos [&hellip;]<\/p>","protected":false},"author":2,"featured_media":0,"parent":0,"menu_order":0,"comment_status":"closed","ping_status":"closed","template":"elementor_header_footer","meta":{"footnotes":""},"class_list":["post-4924","page","type-page","status-publish","hentry"],"yoast_head":"<!-- This site is optimized with the Yoast SEO Premium plugin v21.3 (Yoast SEO v24.5) - https:\/\/yoast.com\/wordpress\/plugins\/seo\/ -->\n<title>El Blog - Modificaciones fiscales 2025<\/title>\n<meta name=\"description\" content=\"Modificaciones que establecen nuevos tipos impositivos al objeto de mejorar la tributaci\u00f3n de las sociedades especialmente las de deducida dimensi\u00f3n a partir del 2025.\" \/>\n<meta name=\"robots\" content=\"index, follow, max-snippet:-1, max-image-preview:large, max-video-preview:-1\" \/>\n<link rel=\"canonical\" href=\"https:\/\/asesorialastablasmadrid.es\/en\/el-blog-modificaciones-fiscales-2025\/\" \/>\n<meta property=\"og:locale\" content=\"en_GB\" \/>\n<meta property=\"og:type\" content=\"article\" \/>\n<meta property=\"og:title\" content=\"MODIFICACIONES FISCALES PARA SOCIEDADES A PARTIR DE 2025\" \/>\n<meta property=\"og:description\" content=\"Modificaciones que establecen nuevos tipos impositivos al objeto de mejorar la tributaci\u00f3n de las sociedades especialmente las de deducida dimensi\u00f3n a partir del 2025.\" \/>\n<meta property=\"og:url\" content=\"https:\/\/asesorialastablasmadrid.es\/en\/el-blog-modificaciones-fiscales-2025\/\" \/>\n<meta property=\"og:site_name\" content=\"Asesoria las tablas\" \/>\n<meta property=\"article:publisher\" content=\"https:\/\/www.facebook.com\/asesorialastablas\" \/>\n<meta property=\"article:modified_time\" content=\"2025-03-01T15:23:22+00:00\" \/>\n<meta name=\"twitter:label1\" content=\"Estimated reading time\" \/>\n\t<meta name=\"twitter:data1\" content=\"3 minutes\" \/>\n<script type=\"application\/ld+json\" class=\"yoast-schema-graph\">{\"@context\":\"https:\/\/schema.org\",\"@graph\":[{\"@type\":\"WebPage\",\"@id\":\"https:\/\/asesorialastablasmadrid.es\/el-blog-modificaciones-fiscales-2025\",\"url\":\"https:\/\/asesorialastablasmadrid.es\/el-blog-modificaciones-fiscales-2025\",\"name\":\"El Blog - Modificaciones fiscales 2025\",\"isPartOf\":{\"@id\":\"https:\/\/asesorialastablasmadrid.es\/#website\"},\"datePublished\":\"2025-03-01T14:00:24+00:00\",\"dateModified\":\"2025-03-01T15:23:22+00:00\",\"description\":\"Modificaciones que establecen nuevos tipos impositivos al objeto de mejorar la tributaci\u00f3n de las sociedades especialmente las de deducida dimensi\u00f3n a partir del 2025.\",\"breadcrumb\":{\"@id\":\"https:\/\/asesorialastablasmadrid.es\/el-blog-modificaciones-fiscales-2025#breadcrumb\"},\"inLanguage\":\"en-GB\",\"potentialAction\":[{\"@type\":\"ReadAction\",\"target\":[\"https:\/\/asesorialastablasmadrid.es\/el-blog-modificaciones-fiscales-2025\"]}]},{\"@type\":\"BreadcrumbList\",\"@id\":\"https:\/\/asesorialastablasmadrid.es\/el-blog-modificaciones-fiscales-2025#breadcrumb\",\"itemListElement\":[{\"@type\":\"ListItem\",\"position\":1,\"name\":\"Portada\",\"item\":\"https:\/\/asesorialastablasmadrid.es\/\"},{\"@type\":\"ListItem\",\"position\":2,\"name\":\"MODIFICACIONES FISCALES PARA SOCIEDADES A PARTIR DE 2025\"}]},{\"@type\":\"WebSite\",\"@id\":\"https:\/\/asesorialastablasmadrid.es\/#website\",\"url\":\"https:\/\/asesorialastablasmadrid.es\/\",\"name\":\"Asesoria las tablas\",\"description\":\"Asesoria fiscal, laboral y contable\",\"publisher\":{\"@id\":\"https:\/\/asesorialastablasmadrid.es\/#organization\"},\"potentialAction\":[{\"@type\":\"SearchAction\",\"target\":{\"@type\":\"EntryPoint\",\"urlTemplate\":\"https:\/\/asesorialastablasmadrid.es\/?s={search_term_string}\"},\"query-input\":{\"@type\":\"PropertyValueSpecification\",\"valueRequired\":true,\"valueName\":\"search_term_string\"}}],\"inLanguage\":\"en-GB\"},{\"@type\":\"Organization\",\"@id\":\"https:\/\/asesorialastablasmadrid.es\/#organization\",\"name\":\"Asesoria las tablas\",\"url\":\"https:\/\/asesorialastablasmadrid.es\/\",\"logo\":{\"@type\":\"ImageObject\",\"inLanguage\":\"en-GB\",\"@id\":\"https:\/\/asesorialastablasmadrid.es\/#\/schema\/logo\/image\/\",\"url\":\"https:\/\/asesorialastablas.com\/wp-content\/uploads\/2023\/10\/NajeraLogo2-e1696915559586-1.png\",\"contentUrl\":\"https:\/\/asesorialastablas.com\/wp-content\/uploads\/2023\/10\/NajeraLogo2-e1696915559586-1.png\",\"width\":109,\"height\":114,\"caption\":\"Asesoria las tablas\"},\"image\":{\"@id\":\"https:\/\/asesorialastablasmadrid.es\/#\/schema\/logo\/image\/\"},\"sameAs\":[\"https:\/\/www.facebook.com\/asesorialastablas\"]}]}<\/script>\n<!-- \/ Yoast SEO Premium plugin. -->","yoast_head_json":{"title":"El Blog - Modificaciones fiscales 2025","description":"Modificaciones que establecen nuevos tipos impositivos al objeto de mejorar la tributaci\u00f3n de las sociedades especialmente las de deducida dimensi\u00f3n a partir del 2025.","robots":{"index":"index","follow":"follow","max-snippet":"max-snippet:-1","max-image-preview":"max-image-preview:large","max-video-preview":"max-video-preview:-1"},"canonical":"https:\/\/asesorialastablasmadrid.es\/en\/el-blog-modificaciones-fiscales-2025\/","og_locale":"en_GB","og_type":"article","og_title":"MODIFICACIONES FISCALES PARA SOCIEDADES A PARTIR DE 2025","og_description":"Modificaciones que establecen nuevos tipos impositivos al objeto de mejorar la tributaci\u00f3n de las sociedades especialmente las de deducida dimensi\u00f3n a partir del 2025.","og_url":"https:\/\/asesorialastablasmadrid.es\/en\/el-blog-modificaciones-fiscales-2025\/","og_site_name":"Asesoria las tablas","article_publisher":"https:\/\/www.facebook.com\/asesorialastablas","article_modified_time":"2025-03-01T15:23:22+00:00","twitter_misc":{"Estimated reading time":"3 minutes"},"schema":{"@context":"https:\/\/schema.org","@graph":[{"@type":"WebPage","@id":"https:\/\/asesorialastablasmadrid.es\/el-blog-modificaciones-fiscales-2025","url":"https:\/\/asesorialastablasmadrid.es\/el-blog-modificaciones-fiscales-2025","name":"El Blog - Modificaciones fiscales 2025","isPartOf":{"@id":"https:\/\/asesorialastablasmadrid.es\/#website"},"datePublished":"2025-03-01T14:00:24+00:00","dateModified":"2025-03-01T15:23:22+00:00","description":"Modificaciones que establecen nuevos tipos impositivos al objeto de mejorar la tributaci\u00f3n de las sociedades especialmente las de deducida dimensi\u00f3n a partir del 2025.","breadcrumb":{"@id":"https:\/\/asesorialastablasmadrid.es\/el-blog-modificaciones-fiscales-2025#breadcrumb"},"inLanguage":"en-GB","potentialAction":[{"@type":"ReadAction","target":["https:\/\/asesorialastablasmadrid.es\/el-blog-modificaciones-fiscales-2025"]}]},{"@type":"BreadcrumbList","@id":"https:\/\/asesorialastablasmadrid.es\/el-blog-modificaciones-fiscales-2025#breadcrumb","itemListElement":[{"@type":"ListItem","position":1,"name":"Portada","item":"https:\/\/asesorialastablasmadrid.es\/"},{"@type":"ListItem","position":2,"name":"MODIFICACIONES FISCALES PARA SOCIEDADES A PARTIR DE 2025"}]},{"@type":"WebSite","@id":"https:\/\/asesorialastablasmadrid.es\/#website","url":"https:\/\/asesorialastablasmadrid.es\/","name":"Asesoria las tablas","description":"Asesoria fiscal, laboral y contable","publisher":{"@id":"https:\/\/asesorialastablasmadrid.es\/#organization"},"potentialAction":[{"@type":"SearchAction","target":{"@type":"EntryPoint","urlTemplate":"https:\/\/asesorialastablasmadrid.es\/?s={search_term_string}"},"query-input":{"@type":"PropertyValueSpecification","valueRequired":true,"valueName":"search_term_string"}}],"inLanguage":"en-GB"},{"@type":"Organization","@id":"https:\/\/asesorialastablasmadrid.es\/#organization","name":"Asesoria las tablas","url":"https:\/\/asesorialastablasmadrid.es\/","logo":{"@type":"ImageObject","inLanguage":"en-GB","@id":"https:\/\/asesorialastablasmadrid.es\/#\/schema\/logo\/image\/","url":"https:\/\/asesorialastablas.com\/wp-content\/uploads\/2023\/10\/NajeraLogo2-e1696915559586-1.png","contentUrl":"https:\/\/asesorialastablas.com\/wp-content\/uploads\/2023\/10\/NajeraLogo2-e1696915559586-1.png","width":109,"height":114,"caption":"Asesoria las tablas"},"image":{"@id":"https:\/\/asesorialastablasmadrid.es\/#\/schema\/logo\/image\/"},"sameAs":["https:\/\/www.facebook.com\/asesorialastablas"]}]}},"_links":{"self":[{"href":"https:\/\/asesorialastablasmadrid.es\/en\/wp-json\/wp\/v2\/pages\/4924","targetHints":{"allow":["GET"]}}],"collection":[{"href":"https:\/\/asesorialastablasmadrid.es\/en\/wp-json\/wp\/v2\/pages"}],"about":[{"href":"https:\/\/asesorialastablasmadrid.es\/en\/wp-json\/wp\/v2\/types\/page"}],"author":[{"embeddable":true,"href":"https:\/\/asesorialastablasmadrid.es\/en\/wp-json\/wp\/v2\/users\/2"}],"replies":[{"embeddable":true,"href":"https:\/\/asesorialastablasmadrid.es\/en\/wp-json\/wp\/v2\/comments?post=4924"}],"version-history":[{"count":82,"href":"https:\/\/asesorialastablasmadrid.es\/en\/wp-json\/wp\/v2\/pages\/4924\/revisions"}],"predecessor-version":[{"id":5464,"href":"https:\/\/asesorialastablasmadrid.es\/en\/wp-json\/wp\/v2\/pages\/4924\/revisions\/5464"}],"wp:attachment":[{"href":"https:\/\/asesorialastablasmadrid.es\/en\/wp-json\/wp\/v2\/media?parent=4924"}],"curies":[{"name":"wp","href":"https:\/\/api.w.org\/{rel}","templated":true}]}}