{"id":4110,"date":"2024-07-20T02:27:23","date_gmt":"2024-07-20T02:27:23","guid":{"rendered":"https:\/\/asesorialastablasmadrid.es\/?page_id=4110"},"modified":"2024-07-20T02:29:42","modified_gmt":"2024-07-20T02:29:42","slug":"politica-de-cookies","status":"publish","type":"page","link":"https:\/\/asesorialastablasmadrid.es\/en\/politica-de-cookies","title":{"rendered":"Politica de Cookies"},"content":{"rendered":"<div data-elementor-type=\"wp-page\" data-elementor-id=\"4110\" class=\"elementor elementor-4110\" data-elementor-post-type=\"page\">\n\t\t\t\t<div class=\"elementor-element elementor-element-593f654 e-con-full e-flex e-con e-parent\" data-id=\"593f654\" data-element_type=\"container\">\n\t\t\t\t<div class=\"elementor-element elementor-element-2794f2c elementor-widget elementor-widget-text-editor\" data-id=\"2794f2c\" data-element_type=\"widget\" data-widget_type=\"text-editor.default\">\n\t\t\t\t<div class=\"elementor-widget-container\">\n\t\t\t\t\t\t\t\t\t<h3><strong>Cookie Policy<\/strong><\/h3><p>De conformidad con la legislaci\u00f3n espa\u00f1ola, le informamos de que este sitio web utiliza cookies. Asesor\u00eda Las Tablas S.L., con domicilio en Ctra. de Fuencarral, 44 (CAMPUS TRIBECA), Edif. 5 LOFT-2, 28108 Alcobendas, Madrid, y con correo electr\u00f3nico <a rel=\"noreferrer\">consultas@asesorialastablas.com<\/a> es la responsable de este sitio.<\/p><p>Esta pol\u00edtica de cookies ha sido revisada para cumplir con las normativas vigentes y las directrices del Comit\u00e9 Europeo de Protecci\u00f3n de Datos (CEPD).<\/p><h3>Informaci\u00f3n sobre el uso de las cookies<\/h3><p>Este sitio web utiliza cookies propias y de terceros para ofrecerle una mejor experiencia y servicio. Al navegar por nuestro sitio, su consentimiento se recoge de forma expresa. No obstante, puede configurar su navegador para bloquear cookies si as\u00ed lo prefiere, aunque esto puede afectar la funcionalidad del sitio.<\/p><h3>\u00bfQu\u00e9 es una Cookie?<\/h3><p>Las cookies son peque\u00f1os archivos de texto que se almacenan en su dispositivo cuando visita una p\u00e1gina web. Estas cookies ayudan a mejorar su experiencia en el sitio web al recordar sus preferencias y ofrecer funcionalidades adicionales.<\/p><h3>Tipos de Cookies<\/h3><p><strong>Cookies T\u00e9cnicas:<\/strong> Permiten la navegaci\u00f3n y el uso de las diferentes opciones o servicios del sitio web, como la reproducci\u00f3n de contenido multimedia y la seguridad durante la navegaci\u00f3n.<\/p><p><strong>Cookies Anal\u00edticas:<\/strong> Permiten el seguimiento y an\u00e1lisis del comportamiento de los usuarios para mejorar el rendimiento del sitio web. Estas cookies nos ayudan a entender qu\u00e9 p\u00e1ginas son m\u00e1s o menos visitadas y c\u00f3mo navegan los usuarios.<\/p><p><strong>Cookies de Preferencia\/Personalizaci\u00f3n:<\/strong> Recuerdan informaci\u00f3n que personaliza la experiencia del usuario, como el idioma o la regi\u00f3n.<\/p><p><strong>Cookies Publicitarias:<\/strong> Utilizadas para mostrar anuncios relevantes para el usuario y evitar que el mismo anuncio aparezca repetidamente.<\/p><h3>Gesti\u00f3n de Cookies<\/h3><p>Puede configurar su navegador para aceptar o rechazar cookies, o eliminar cookies almacenadas. Tenga en cuenta que desactivar cookies puede afectar la funcionalidad de este sitio web.<\/p><h3>Cookies Utilizadas en Este Sitio Web<\/h3><table><thead><tr><th><strong>Tipo de Cookie<\/strong><\/th><th><strong>Descripci\u00f3n<\/strong><\/th><\/tr><\/thead><tbody><tr><td><strong>Cookies Estr\u00edctamente Necesarias<\/strong><\/td><td>Permiten el funcionamiento b\u00e1sico del sitio web y no se pueden desactivar. Incluyen la gesti\u00f3n de sesiones y preferencias de usuario.<\/td><\/tr><tr><td><strong>Cookies de Rendimiento<\/strong><\/td><td>Permiten cuantificar el n\u00famero de visitas y fuentes de tr\u00e1fico, mejorando el rendimiento del sitio web.<\/td><\/tr><tr><td><strong>Cookies de Personalizaci\u00f3n<\/strong><\/td><td>Ayudan a mejorar la experiencia de usuario recordando preferencias y configuraciones.<\/td><\/tr><tr><td><strong>Cookies Publicitarias<\/strong><\/td><td>Utilizadas para mostrar anuncios relevantes y evitar la repetici\u00f3n excesiva de los mismos anuncios.<\/td><\/tr><\/tbody><\/table><p>Para m\u00e1s informaci\u00f3n sobre c\u00f3mo gestionamos las cookies, consulte nuestra <a href=\"https:\/\/asesorialastablasmadrid.es\/en\/politica-de-privacidad\/\">pol\u00edtica de privacidad<\/a><\/p><p><strong>Contacto:<\/strong> Asesor\u00eda Las Tablas S.L.<br \/>Ctra. de Fuencarral, 44 (CAMPUS TRIBECA), Edif. 5 LOFT-2, 28108 Alcobendas, Madrid<br \/>Tel\u00e9fono: 910 59 56 77 \/ +34 660 24 23 86<br \/>Correo Electr\u00f3nico: <a rel=\"noreferrer\">consultas@asesorialastablas.com<\/a><br \/>Web: <a href=\"https:\/\/asesorialastablasmadrid.es\/en\/\" target=\"_new\" rel=\"noreferrer\">www.asesorialastablasmadrid.es<\/a><\/p>\t\t\t\t\t\t\t\t<\/div>\n\t\t\t\t<\/div>\n\t\t\t\t<\/div>\n\t\t\t\t<\/div>","protected":false},"excerpt":{"rendered":"<p>Pol\u00edtica de Cookies De conformidad con la legislaci\u00f3n espa\u00f1ola, le informamos de que este sitio web utiliza cookies. Asesor\u00eda Las Tablas S.L., con domicilio en Ctra. de Fuencarral, 44 (CAMPUS TRIBECA), Edif. 5 LOFT-2, 28108 Alcobendas, Madrid, y con correo electr\u00f3nico consultas@asesorialastablas.com es la responsable de este sitio. Esta pol\u00edtica de cookies ha sido revisada [&hellip;]<\/p>","protected":false},"author":2,"featured_media":0,"parent":0,"menu_order":0,"comment_status":"closed","ping_status":"closed","template":"","meta":{"footnotes":""},"class_list":["post-4110","page","type-page","status-publish","hentry"],"yoast_head":"<!-- This site is optimized with the Yoast SEO Premium plugin v21.3 (Yoast SEO v24.5) - https:\/\/yoast.com\/wordpress\/plugins\/seo\/ -->\n<title>Politica de Cookies - Asesoria las tablas<\/title>\n<meta name=\"robots\" content=\"index, follow, max-snippet:-1, max-image-preview:large, max-video-preview:-1\" \/>\n<link rel=\"canonical\" href=\"https:\/\/asesorialastablasmadrid.es\/en\/politica-de-cookies\/\" \/>\n<meta property=\"og:locale\" content=\"en_GB\" \/>\n<meta property=\"og:type\" content=\"article\" \/>\n<meta property=\"og:title\" content=\"Politica de Cookies\" \/>\n<meta property=\"og:description\" content=\"Pol\u00edtica de Cookies De conformidad con la legislaci\u00f3n espa\u00f1ola, le informamos de que este sitio web utiliza cookies. Asesor\u00eda Las Tablas S.L., con domicilio en Ctra. de Fuencarral, 44 (CAMPUS TRIBECA), Edif. 5 LOFT-2, 28108 Alcobendas, Madrid, y con correo electr\u00f3nico consultas@asesorialastablas.com es la responsable de este sitio. Esta pol\u00edtica de cookies ha sido revisada [&hellip;]\" \/>\n<meta property=\"og:url\" content=\"https:\/\/asesorialastablasmadrid.es\/en\/politica-de-cookies\/\" \/>\n<meta property=\"og:site_name\" content=\"Asesoria las tablas\" \/>\n<meta property=\"article:publisher\" content=\"https:\/\/www.facebook.com\/asesorialastablas\" \/>\n<meta property=\"article:modified_time\" content=\"2024-07-20T02:29:42+00:00\" \/>\n<meta name=\"twitter:label1\" content=\"Estimated reading time\" \/>\n\t<meta name=\"twitter:data1\" content=\"2 minutes\" \/>\n<script type=\"application\/ld+json\" class=\"yoast-schema-graph\">{\"@context\":\"https:\/\/schema.org\",\"@graph\":[{\"@type\":\"WebPage\",\"@id\":\"https:\/\/asesorialastablasmadrid.es\/politica-de-cookies\",\"url\":\"https:\/\/asesorialastablasmadrid.es\/politica-de-cookies\",\"name\":\"Politica de Cookies - Asesoria las tablas\",\"isPartOf\":{\"@id\":\"https:\/\/asesorialastablasmadrid.es\/#website\"},\"datePublished\":\"2024-07-20T02:27:23+00:00\",\"dateModified\":\"2024-07-20T02:29:42+00:00\",\"breadcrumb\":{\"@id\":\"https:\/\/asesorialastablasmadrid.es\/politica-de-cookies#breadcrumb\"},\"inLanguage\":\"en-GB\",\"potentialAction\":[{\"@type\":\"ReadAction\",\"target\":[\"https:\/\/asesorialastablasmadrid.es\/politica-de-cookies\"]}]},{\"@type\":\"BreadcrumbList\",\"@id\":\"https:\/\/asesorialastablasmadrid.es\/politica-de-cookies#breadcrumb\",\"itemListElement\":[{\"@type\":\"ListItem\",\"position\":1,\"name\":\"Portada\",\"item\":\"https:\/\/asesorialastablasmadrid.es\/\"},{\"@type\":\"ListItem\",\"position\":2,\"name\":\"Politica de Cookies\"}]},{\"@type\":\"WebSite\",\"@id\":\"https:\/\/asesorialastablasmadrid.es\/#website\",\"url\":\"https:\/\/asesorialastablasmadrid.es\/\",\"name\":\"Asesoria las tablas\",\"description\":\"Asesoria fiscal, laboral y contable\",\"publisher\":{\"@id\":\"https:\/\/asesorialastablasmadrid.es\/#organization\"},\"potentialAction\":[{\"@type\":\"SearchAction\",\"target\":{\"@type\":\"EntryPoint\",\"urlTemplate\":\"https:\/\/asesorialastablasmadrid.es\/?s={search_term_string}\"},\"query-input\":{\"@type\":\"PropertyValueSpecification\",\"valueRequired\":true,\"valueName\":\"search_term_string\"}}],\"inLanguage\":\"en-GB\"},{\"@type\":\"Organization\",\"@id\":\"https:\/\/asesorialastablasmadrid.es\/#organization\",\"name\":\"Asesoria las tablas\",\"url\":\"https:\/\/asesorialastablasmadrid.es\/\",\"logo\":{\"@type\":\"ImageObject\",\"inLanguage\":\"en-GB\",\"@id\":\"https:\/\/asesorialastablasmadrid.es\/#\/schema\/logo\/image\/\",\"url\":\"https:\/\/asesorialastablas.com\/wp-content\/uploads\/2023\/10\/NajeraLogo2-e1696915559586-1.png\",\"contentUrl\":\"https:\/\/asesorialastablas.com\/wp-content\/uploads\/2023\/10\/NajeraLogo2-e1696915559586-1.png\",\"width\":109,\"height\":114,\"caption\":\"Asesoria las tablas\"},\"image\":{\"@id\":\"https:\/\/asesorialastablasmadrid.es\/#\/schema\/logo\/image\/\"},\"sameAs\":[\"https:\/\/www.facebook.com\/asesorialastablas\"]}]}<\/script>\n<!-- \/ Yoast SEO Premium plugin. -->","yoast_head_json":{"title":"Politica de Cookies - Asesoria las tablas","robots":{"index":"index","follow":"follow","max-snippet":"max-snippet:-1","max-image-preview":"max-image-preview:large","max-video-preview":"max-video-preview:-1"},"canonical":"https:\/\/asesorialastablasmadrid.es\/en\/politica-de-cookies\/","og_locale":"en_GB","og_type":"article","og_title":"Politica de Cookies","og_description":"Pol\u00edtica de Cookies De conformidad con la legislaci\u00f3n espa\u00f1ola, le informamos de que este sitio web utiliza cookies. Asesor\u00eda Las Tablas S.L., con domicilio en Ctra. de Fuencarral, 44 (CAMPUS TRIBECA), Edif. 5 LOFT-2, 28108 Alcobendas, Madrid, y con correo electr\u00f3nico consultas@asesorialastablas.com es la responsable de este sitio. Esta pol\u00edtica de cookies ha sido revisada [&hellip;]","og_url":"https:\/\/asesorialastablasmadrid.es\/en\/politica-de-cookies\/","og_site_name":"Asesoria las tablas","article_publisher":"https:\/\/www.facebook.com\/asesorialastablas","article_modified_time":"2024-07-20T02:29:42+00:00","twitter_misc":{"Estimated reading time":"2 minutes"},"schema":{"@context":"https:\/\/schema.org","@graph":[{"@type":"WebPage","@id":"https:\/\/asesorialastablasmadrid.es\/politica-de-cookies","url":"https:\/\/asesorialastablasmadrid.es\/politica-de-cookies","name":"Politica de Cookies - Asesoria las tablas","isPartOf":{"@id":"https:\/\/asesorialastablasmadrid.es\/#website"},"datePublished":"2024-07-20T02:27:23+00:00","dateModified":"2024-07-20T02:29:42+00:00","breadcrumb":{"@id":"https:\/\/asesorialastablasmadrid.es\/politica-de-cookies#breadcrumb"},"inLanguage":"en-GB","potentialAction":[{"@type":"ReadAction","target":["https:\/\/asesorialastablasmadrid.es\/politica-de-cookies"]}]},{"@type":"BreadcrumbList","@id":"https:\/\/asesorialastablasmadrid.es\/politica-de-cookies#breadcrumb","itemListElement":[{"@type":"ListItem","position":1,"name":"Portada","item":"https:\/\/asesorialastablasmadrid.es\/"},{"@type":"ListItem","position":2,"name":"Politica de Cookies"}]},{"@type":"WebSite","@id":"https:\/\/asesorialastablasmadrid.es\/#website","url":"https:\/\/asesorialastablasmadrid.es\/","name":"Asesoria las tablas","description":"Asesoria fiscal, laboral y contable","publisher":{"@id":"https:\/\/asesorialastablasmadrid.es\/#organization"},"potentialAction":[{"@type":"SearchAction","target":{"@type":"EntryPoint","urlTemplate":"https:\/\/asesorialastablasmadrid.es\/?s={search_term_string}"},"query-input":{"@type":"PropertyValueSpecification","valueRequired":true,"valueName":"search_term_string"}}],"inLanguage":"en-GB"},{"@type":"Organization","@id":"https:\/\/asesorialastablasmadrid.es\/#organization","name":"Asesoria las tablas","url":"https:\/\/asesorialastablasmadrid.es\/","logo":{"@type":"ImageObject","inLanguage":"en-GB","@id":"https:\/\/asesorialastablasmadrid.es\/#\/schema\/logo\/image\/","url":"https:\/\/asesorialastablas.com\/wp-content\/uploads\/2023\/10\/NajeraLogo2-e1696915559586-1.png","contentUrl":"https:\/\/asesorialastablas.com\/wp-content\/uploads\/2023\/10\/NajeraLogo2-e1696915559586-1.png","width":109,"height":114,"caption":"Asesoria las tablas"},"image":{"@id":"https:\/\/asesorialastablasmadrid.es\/#\/schema\/logo\/image\/"},"sameAs":["https:\/\/www.facebook.com\/asesorialastablas"]}]}},"_links":{"self":[{"href":"https:\/\/asesorialastablasmadrid.es\/en\/wp-json\/wp\/v2\/pages\/4110","targetHints":{"allow":["GET"]}}],"collection":[{"href":"https:\/\/asesorialastablasmadrid.es\/en\/wp-json\/wp\/v2\/pages"}],"about":[{"href":"https:\/\/asesorialastablasmadrid.es\/en\/wp-json\/wp\/v2\/types\/page"}],"author":[{"embeddable":true,"href":"https:\/\/asesorialastablasmadrid.es\/en\/wp-json\/wp\/v2\/users\/2"}],"replies":[{"embeddable":true,"href":"https:\/\/asesorialastablasmadrid.es\/en\/wp-json\/wp\/v2\/comments?post=4110"}],"version-history":[{"count":0,"href":"https:\/\/asesorialastablasmadrid.es\/en\/wp-json\/wp\/v2\/pages\/4110\/revisions"}],"wp:attachment":[{"href":"https:\/\/asesorialastablasmadrid.es\/en\/wp-json\/wp\/v2\/media?parent=4110"}],"curies":[{"name":"wp","href":"https:\/\/api.w.org\/{rel}","templated":true}]}}