{"id":3947,"date":"2024-07-04T08:34:49","date_gmt":"2024-07-04T08:34:49","guid":{"rendered":"https:\/\/asesorialastablasmadrid.es\/?page_id=3947"},"modified":"2024-07-04T08:34:50","modified_gmt":"2024-07-04T08:34:50","slug":"que-es-ser-autonomo","status":"publish","type":"page","link":"https:\/\/asesorialastablasmadrid.es\/en\/que-es-ser-autonomo","title":{"rendered":"What Does It Mean to Be Self-Employed?"},"content":{"rendered":"<div data-elementor-type=\"wp-page\" data-elementor-id=\"3947\" class=\"elementor elementor-3947\" data-elementor-post-type=\"page\">\n\t\t\t\t<div class=\"elementor-element elementor-element-ad4774c e-con-full e-flex e-con e-parent\" data-id=\"ad4774c\" data-element_type=\"container\" data-settings=\"{&quot;background_background&quot;:&quot;classic&quot;}\">\n\t\t\t\t<div class=\"elementor-element elementor-element-90dc86e elementor-widget elementor-widget-text-editor\" data-id=\"90dc86e\" data-element_type=\"widget\" data-widget_type=\"text-editor.default\">\n\t\t\t\t<div class=\"elementor-widget-container\">\n\t\t\t\t\t\t\t\t\t<p>What Does It Mean to Be Self-Employed?<\/p>\t\t\t\t\t\t\t\t<\/div>\n\t\t\t\t<\/div>\n\t\t\t\t<\/div>\n\t\t<div class=\"elementor-element elementor-element-a6bdd7f e-flex e-con-boxed e-con e-parent\" data-id=\"a6bdd7f\" data-element_type=\"container\">\n\t\t\t\t\t<div class=\"e-con-inner\">\n\t\t\t\t<div class=\"elementor-element elementor-element-f182caa elementor-widget elementor-widget-spacer\" data-id=\"f182caa\" data-element_type=\"widget\" data-widget_type=\"spacer.default\">\n\t\t\t\t<div class=\"elementor-widget-container\">\n\t\t\t\t\t\t\t<div class=\"elementor-spacer\">\n\t\t\t<div class=\"elementor-spacer-inner\"><\/div>\n\t\t<\/div>\n\t\t\t\t\t\t<\/div>\n\t\t\t\t<\/div>\n\t\t\t\t<div class=\"elementor-element elementor-element-9baff8c elementor-widget elementor-widget-text-editor\" data-id=\"9baff8c\" data-element_type=\"widget\" data-widget_type=\"text-editor.default\">\n\t\t\t\t<div class=\"elementor-widget-container\">\n\t\t\t\t\t\t\t\t\t<p><b>What Does It Mean to Be Self-Employed?<\/b><\/p>\t\t\t\t\t\t\t\t<\/div>\n\t\t\t\t<\/div>\n\t\t\t\t<div class=\"elementor-element elementor-element-3f3e02e elementor-widget elementor-widget-text-editor\" data-id=\"3f3e02e\" data-element_type=\"widget\" data-widget_type=\"text-editor.default\">\n\t\t\t\t<div class=\"elementor-widget-container\">\n\t\t\t\t\t\t\t\t\t<p>Self-employed individuals are people who engage in economic, professional, or business activities independently, without relying on an employment contract with a company. They are responsible for managing their business, handling their finances, invoicing clients, and fulfilling their tax and labor obligations.<\/p>\t\t\t\t\t\t\t\t<\/div>\n\t\t\t\t<\/div>\n\t\t\t\t<div class=\"elementor-element elementor-element-fd593f6 elementor-widget elementor-widget-spacer\" data-id=\"fd593f6\" data-element_type=\"widget\" data-widget_type=\"spacer.default\">\n\t\t\t\t<div class=\"elementor-widget-container\">\n\t\t\t\t\t\t\t<div class=\"elementor-spacer\">\n\t\t\t<div class=\"elementor-spacer-inner\"><\/div>\n\t\t<\/div>\n\t\t\t\t\t\t<\/div>\n\t\t\t\t<\/div>\n\t\t\t\t<div class=\"elementor-element elementor-element-c3878cf elementor-widget elementor-widget-text-editor\" data-id=\"c3878cf\" data-element_type=\"widget\" data-widget_type=\"text-editor.default\">\n\t\t\t\t<div class=\"elementor-widget-container\">\n\t\t\t\t\t\t\t\t\t<p><b>What Is a Company?<\/b><\/p>\t\t\t\t\t\t\t\t<\/div>\n\t\t\t\t<\/div>\n\t\t\t\t<div class=\"elementor-element elementor-element-9829688 elementor-widget elementor-widget-text-editor\" data-id=\"9829688\" data-element_type=\"widget\" data-widget_type=\"text-editor.default\">\n\t\t\t\t<div class=\"elementor-widget-container\">\n\t\t\t\t\t\t\t\t\t<p style=\"font-weight: 400;\">A company is a legal entity separate from its owners that can conduct commercial activities, acquire assets, incur debts, and assume rights and obligations in its own name. The specific characteristics of a company can vary depending on the chosen legal structure and the provisions contained in its bylaws and applicable legislation.<\/p><p style=\"font-weight: 400;\">A company can take various legal forms, with the most common being the Public Limited Company (S.A.), the Limited Liability Company (S.L.), and others such as general partnerships, limited partnerships, and partnerships limited by shares, among others.<\/p>\t\t\t\t\t\t\t\t<\/div>\n\t\t\t\t<\/div>\n\t\t\t\t\t<\/div>\n\t\t\t\t<\/div>\n\t\t<div class=\"elementor-element elementor-element-803ae23 e-flex e-con-boxed e-con e-parent\" data-id=\"803ae23\" data-element_type=\"container\">\n\t\t\t\t\t<div class=\"e-con-inner\">\n\t\t\t\t<div class=\"elementor-element elementor-element-4dcdc20 elementor-widget elementor-widget-button\" data-id=\"4dcdc20\" data-element_type=\"widget\" data-widget_type=\"button.default\">\n\t\t\t\t<div class=\"elementor-widget-container\">\n\t\t\t\t\t\t\t\t\t<div class=\"elementor-button-wrapper\">\n\t\t\t\t\t<a class=\"elementor-button elementor-button-link elementor-size-sm\" href=\"https:\/\/asesorialastablasmadrid.es\/en\/contacto-asesoria-legal-las-tablas-madrid\/\">\n\t\t\t\t\t\t<span class=\"elementor-button-content-wrapper\">\n\t\t\t\t\t\t\t\t\t<span class=\"elementor-button-text\"> Improve Your Results with Our Accounting Services!<\/span>\n\t\t\t\t\t<\/span>\n\t\t\t\t\t<\/a>\n\t\t\t\t<\/div>\n\t\t\t\t\t\t\t\t<\/div>\n\t\t\t\t<\/div>\n\t\t\t\t\t<\/div>\n\t\t\t\t<\/div>\n\t\t\t\t<\/div>","protected":false},"excerpt":{"rendered":"<p>\u00bfQu\u00e9 es ser Aut\u00f3nomo? \u00bfQu\u00e9 es ser Aut\u00f3nomo? Los Aut\u00f3nomos son personas que ejercen una actividad econ\u00f3mica, profesional o empresarial de forma independiente, sin depender de un contrato laboral con una empresa. Son responsables de gestionar su negocio, administrar sus finanzas, facturar a sus clientes y cumplir con sus obligaciones fiscales y laborales. \u00bfQu\u00e9 es [&hellip;]<\/p>","protected":false},"author":2,"featured_media":0,"parent":0,"menu_order":0,"comment_status":"closed","ping_status":"closed","template":"elementor_header_footer","meta":{"footnotes":""},"class_list":["post-3947","page","type-page","status-publish","hentry"],"yoast_head":"<!-- This site is optimized with the Yoast SEO Premium plugin v21.3 (Yoast SEO v24.5) - https:\/\/yoast.com\/wordpress\/plugins\/seo\/ -->\n<title>\u00bfQu\u00e9 es ser Aut\u00f3nomo? - Asesoria las tablas<\/title>\n<meta name=\"robots\" content=\"index, follow, max-snippet:-1, max-image-preview:large, max-video-preview:-1\" \/>\n<link rel=\"canonical\" href=\"https:\/\/asesorialastablasmadrid.es\/en\/que-es-ser-autonomo\/\" \/>\n<meta property=\"og:locale\" content=\"en_GB\" \/>\n<meta property=\"og:type\" content=\"article\" \/>\n<meta property=\"og:title\" content=\"\u00bfQu\u00e9 es ser Aut\u00f3nomo?\" \/>\n<meta property=\"og:description\" content=\"\u00bfQu\u00e9 es ser Aut\u00f3nomo? \u00bfQu\u00e9 es ser Aut\u00f3nomo? Los Aut\u00f3nomos son personas que ejercen una actividad econ\u00f3mica, profesional o empresarial de forma independiente, sin depender de un contrato laboral con una empresa. Son responsables de gestionar su negocio, administrar sus finanzas, facturar a sus clientes y cumplir con sus obligaciones fiscales y laborales. \u00bfQu\u00e9 es [&hellip;]\" \/>\n<meta property=\"og:url\" content=\"https:\/\/asesorialastablasmadrid.es\/en\/que-es-ser-autonomo\/\" \/>\n<meta property=\"og:site_name\" content=\"Asesoria las tablas\" \/>\n<meta property=\"article:publisher\" content=\"https:\/\/www.facebook.com\/asesorialastablas\" \/>\n<meta property=\"article:modified_time\" content=\"2024-07-04T08:34:50+00:00\" \/>\n<meta name=\"twitter:label1\" content=\"Estimated reading time\" \/>\n\t<meta name=\"twitter:data1\" content=\"1 minute\" \/>\n<script type=\"application\/ld+json\" class=\"yoast-schema-graph\">{\"@context\":\"https:\/\/schema.org\",\"@graph\":[{\"@type\":\"WebPage\",\"@id\":\"https:\/\/asesorialastablasmadrid.es\/que-es-ser-autonomo\",\"url\":\"https:\/\/asesorialastablasmadrid.es\/que-es-ser-autonomo\",\"name\":\"\u00bfQu\u00e9 es ser Aut\u00f3nomo? - Asesoria las tablas\",\"isPartOf\":{\"@id\":\"https:\/\/asesorialastablasmadrid.es\/#website\"},\"datePublished\":\"2024-07-04T08:34:49+00:00\",\"dateModified\":\"2024-07-04T08:34:50+00:00\",\"breadcrumb\":{\"@id\":\"https:\/\/asesorialastablasmadrid.es\/que-es-ser-autonomo#breadcrumb\"},\"inLanguage\":\"en-GB\",\"potentialAction\":[{\"@type\":\"ReadAction\",\"target\":[\"https:\/\/asesorialastablasmadrid.es\/que-es-ser-autonomo\"]}]},{\"@type\":\"BreadcrumbList\",\"@id\":\"https:\/\/asesorialastablasmadrid.es\/que-es-ser-autonomo#breadcrumb\",\"itemListElement\":[{\"@type\":\"ListItem\",\"position\":1,\"name\":\"Portada\",\"item\":\"https:\/\/asesorialastablasmadrid.es\/\"},{\"@type\":\"ListItem\",\"position\":2,\"name\":\"\u00bfQu\u00e9 es ser Aut\u00f3nomo?\"}]},{\"@type\":\"WebSite\",\"@id\":\"https:\/\/asesorialastablasmadrid.es\/#website\",\"url\":\"https:\/\/asesorialastablasmadrid.es\/\",\"name\":\"Asesoria las tablas\",\"description\":\"Asesoria fiscal, laboral y contable\",\"publisher\":{\"@id\":\"https:\/\/asesorialastablasmadrid.es\/#organization\"},\"potentialAction\":[{\"@type\":\"SearchAction\",\"target\":{\"@type\":\"EntryPoint\",\"urlTemplate\":\"https:\/\/asesorialastablasmadrid.es\/?s={search_term_string}\"},\"query-input\":{\"@type\":\"PropertyValueSpecification\",\"valueRequired\":true,\"valueName\":\"search_term_string\"}}],\"inLanguage\":\"en-GB\"},{\"@type\":\"Organization\",\"@id\":\"https:\/\/asesorialastablasmadrid.es\/#organization\",\"name\":\"Asesoria las tablas\",\"url\":\"https:\/\/asesorialastablasmadrid.es\/\",\"logo\":{\"@type\":\"ImageObject\",\"inLanguage\":\"en-GB\",\"@id\":\"https:\/\/asesorialastablasmadrid.es\/#\/schema\/logo\/image\/\",\"url\":\"https:\/\/asesorialastablas.com\/wp-content\/uploads\/2023\/10\/NajeraLogo2-e1696915559586-1.png\",\"contentUrl\":\"https:\/\/asesorialastablas.com\/wp-content\/uploads\/2023\/10\/NajeraLogo2-e1696915559586-1.png\",\"width\":109,\"height\":114,\"caption\":\"Asesoria las tablas\"},\"image\":{\"@id\":\"https:\/\/asesorialastablasmadrid.es\/#\/schema\/logo\/image\/\"},\"sameAs\":[\"https:\/\/www.facebook.com\/asesorialastablas\"]}]}<\/script>\n<!-- \/ Yoast SEO Premium plugin. -->","yoast_head_json":{"title":"\u00bfQu\u00e9 es ser Aut\u00f3nomo? - Asesoria las tablas","robots":{"index":"index","follow":"follow","max-snippet":"max-snippet:-1","max-image-preview":"max-image-preview:large","max-video-preview":"max-video-preview:-1"},"canonical":"https:\/\/asesorialastablasmadrid.es\/en\/que-es-ser-autonomo\/","og_locale":"en_GB","og_type":"article","og_title":"\u00bfQu\u00e9 es ser Aut\u00f3nomo?","og_description":"\u00bfQu\u00e9 es ser Aut\u00f3nomo? \u00bfQu\u00e9 es ser Aut\u00f3nomo? Los Aut\u00f3nomos son personas que ejercen una actividad econ\u00f3mica, profesional o empresarial de forma independiente, sin depender de un contrato laboral con una empresa. Son responsables de gestionar su negocio, administrar sus finanzas, facturar a sus clientes y cumplir con sus obligaciones fiscales y laborales. \u00bfQu\u00e9 es [&hellip;]","og_url":"https:\/\/asesorialastablasmadrid.es\/en\/que-es-ser-autonomo\/","og_site_name":"Asesoria las tablas","article_publisher":"https:\/\/www.facebook.com\/asesorialastablas","article_modified_time":"2024-07-04T08:34:50+00:00","twitter_misc":{"Estimated reading time":"1 minute"},"schema":{"@context":"https:\/\/schema.org","@graph":[{"@type":"WebPage","@id":"https:\/\/asesorialastablasmadrid.es\/que-es-ser-autonomo","url":"https:\/\/asesorialastablasmadrid.es\/que-es-ser-autonomo","name":"\u00bfQu\u00e9 es ser Aut\u00f3nomo? - Asesoria las tablas","isPartOf":{"@id":"https:\/\/asesorialastablasmadrid.es\/#website"},"datePublished":"2024-07-04T08:34:49+00:00","dateModified":"2024-07-04T08:34:50+00:00","breadcrumb":{"@id":"https:\/\/asesorialastablasmadrid.es\/que-es-ser-autonomo#breadcrumb"},"inLanguage":"en-GB","potentialAction":[{"@type":"ReadAction","target":["https:\/\/asesorialastablasmadrid.es\/que-es-ser-autonomo"]}]},{"@type":"BreadcrumbList","@id":"https:\/\/asesorialastablasmadrid.es\/que-es-ser-autonomo#breadcrumb","itemListElement":[{"@type":"ListItem","position":1,"name":"Portada","item":"https:\/\/asesorialastablasmadrid.es\/"},{"@type":"ListItem","position":2,"name":"\u00bfQu\u00e9 es ser Aut\u00f3nomo?"}]},{"@type":"WebSite","@id":"https:\/\/asesorialastablasmadrid.es\/#website","url":"https:\/\/asesorialastablasmadrid.es\/","name":"Asesoria las tablas","description":"Asesoria fiscal, laboral y contable","publisher":{"@id":"https:\/\/asesorialastablasmadrid.es\/#organization"},"potentialAction":[{"@type":"SearchAction","target":{"@type":"EntryPoint","urlTemplate":"https:\/\/asesorialastablasmadrid.es\/?s={search_term_string}"},"query-input":{"@type":"PropertyValueSpecification","valueRequired":true,"valueName":"search_term_string"}}],"inLanguage":"en-GB"},{"@type":"Organization","@id":"https:\/\/asesorialastablasmadrid.es\/#organization","name":"Asesoria las tablas","url":"https:\/\/asesorialastablasmadrid.es\/","logo":{"@type":"ImageObject","inLanguage":"en-GB","@id":"https:\/\/asesorialastablasmadrid.es\/#\/schema\/logo\/image\/","url":"https:\/\/asesorialastablas.com\/wp-content\/uploads\/2023\/10\/NajeraLogo2-e1696915559586-1.png","contentUrl":"https:\/\/asesorialastablas.com\/wp-content\/uploads\/2023\/10\/NajeraLogo2-e1696915559586-1.png","width":109,"height":114,"caption":"Asesoria las tablas"},"image":{"@id":"https:\/\/asesorialastablasmadrid.es\/#\/schema\/logo\/image\/"},"sameAs":["https:\/\/www.facebook.com\/asesorialastablas"]}]}},"_links":{"self":[{"href":"https:\/\/asesorialastablasmadrid.es\/en\/wp-json\/wp\/v2\/pages\/3947","targetHints":{"allow":["GET"]}}],"collection":[{"href":"https:\/\/asesorialastablasmadrid.es\/en\/wp-json\/wp\/v2\/pages"}],"about":[{"href":"https:\/\/asesorialastablasmadrid.es\/en\/wp-json\/wp\/v2\/types\/page"}],"author":[{"embeddable":true,"href":"https:\/\/asesorialastablasmadrid.es\/en\/wp-json\/wp\/v2\/users\/2"}],"replies":[{"embeddable":true,"href":"https:\/\/asesorialastablasmadrid.es\/en\/wp-json\/wp\/v2\/comments?post=3947"}],"version-history":[{"count":0,"href":"https:\/\/asesorialastablasmadrid.es\/en\/wp-json\/wp\/v2\/pages\/3947\/revisions"}],"wp:attachment":[{"href":"https:\/\/asesorialastablasmadrid.es\/en\/wp-json\/wp\/v2\/media?parent=3947"}],"curies":[{"name":"wp","href":"https:\/\/api.w.org\/{rel}","templated":true}]}}