{"id":346,"date":"2015-03-31T17:22:43","date_gmt":"2015-03-31T17:22:43","guid":{"rendered":"http:\/\/artaizasesores.com\/?page_id=346"},"modified":"2026-03-18T15:26:35","modified_gmt":"2026-03-18T15:26:35","slug":"asesoria-empresarial-madrid-gestoria-las-tablas","status":"publish","type":"page","link":"https:\/\/asesorialastablasmadrid.es\/en\/asesoria-empresarial-madrid-gestoria-las-tablas","title":{"rendered":"Business Advisory"},"content":{"rendered":"<div data-elementor-type=\"wp-page\" data-elementor-id=\"346\" class=\"elementor elementor-346\" data-elementor-post-type=\"page\">\n\t\t\t\t<div class=\"elementor-element elementor-element-70c59f8 e-flex e-con-boxed e-con e-parent\" data-id=\"70c59f8\" data-element_type=\"container\">\n\t\t\t\t\t<div class=\"e-con-inner\">\n\t\t\t\t<div class=\"elementor-element elementor-element-8fd01b7 elementor-widget__width-initial elementor-widget elementor-widget-text-editor\" data-id=\"8fd01b7\" data-element_type=\"widget\" data-widget_type=\"text-editor.default\">\n\t\t\t\t<div class=\"elementor-widget-container\">\n\t\t\t\t\t\t\t\t\t<h2><span style=\"color: #00455e;\">Business Advisory Services \u2013 Las Tablas<\/span><\/h2><p>At Asesor\u00eda Las Tablas, we are dedicated to providing comprehensive solutions to meet your needs, offering the convenience of accessing a wide range of services in one place. Our services include Business Advisory, Freelance Advisory, and Company Advisory, designed to help businesses and entrepreneurs succeed in a constantly evolving business environment.<\/p>\t\t\t\t\t\t\t\t<\/div>\n\t\t\t\t<\/div>\n\t\t\t\t\t<\/div>\n\t\t\t\t<\/div>\n\t\t<div class=\"elementor-element elementor-element-b4c902c e-flex e-con-boxed e-con e-parent\" data-id=\"b4c902c\" data-element_type=\"container\">\n\t\t\t\t\t<div class=\"e-con-inner\">\n\t\t<div class=\"elementor-element elementor-element-87fa482 e-con-full e-flex e-con e-child\" data-id=\"87fa482\" data-element_type=\"container\">\n\t\t\t\t<div class=\"elementor-element elementor-element-afbb02e elementor-widget__width-initial elementor-widget elementor-widget-text-editor\" data-id=\"afbb02e\" data-element_type=\"widget\" data-widget_type=\"text-editor.default\">\n\t\t\t\t<div class=\"elementor-widget-container\">\n\t\t\t\t\t\t\t\t\t<h4><strong>Seeking Business and Fiscal Success<\/strong><\/h4>\t\t\t\t\t\t\t\t<\/div>\n\t\t\t\t<\/div>\n\t\t\t\t<div class=\"elementor-element elementor-element-a7d2828 elementor-widget__width-initial elementor-widget elementor-widget-text-editor\" data-id=\"a7d2828\" data-element_type=\"widget\" data-widget_type=\"text-editor.default\">\n\t\t\t\t<div class=\"elementor-widget-container\">\n\t\t\t\t\t\t\t\t\t<p>At Asesor\u00eda Las Tablas, we not only offer business advisory services but also act as your partner in achieving business and fiscal success. Our goal is to provide guidance and support to facilitate decision-making and help you achieve your business and fiscal objectives. <span style=\"color: #00455e;\">\u00a0<\/span><\/p>\t\t\t\t\t\t\t\t<\/div>\n\t\t\t\t<\/div>\n\t\t\t\t<div class=\"elementor-element elementor-element-adadf65 elementor-widget elementor-widget-image\" data-id=\"adadf65\" data-element_type=\"widget\" data-widget_type=\"image.default\">\n\t\t\t\t<div class=\"elementor-widget-container\">\n\t\t\t\t\t\t\t\t\t\t\t\t\t\t\t<img fetchpriority=\"high\" decoding=\"async\" width=\"675\" height=\"675\" src=\"https:\/\/asesorialastablasmadrid.es\/wp-content\/uploads\/2024\/08\/Untitled-design-2024-08-20T171404.826.png\" class=\"attachment-2048x2048 size-2048x2048 wp-image-4172\" alt=\"\" srcset=\"https:\/\/asesorialastablasmadrid.es\/wp-content\/uploads\/2024\/08\/Untitled-design-2024-08-20T171404.826.png 675w, https:\/\/asesorialastablasmadrid.es\/wp-content\/uploads\/2024\/08\/Untitled-design-2024-08-20T171404.826-300x300.png 300w, https:\/\/asesorialastablasmadrid.es\/wp-content\/uploads\/2024\/08\/Untitled-design-2024-08-20T171404.826-150x150.png 150w, https:\/\/asesorialastablasmadrid.es\/wp-content\/uploads\/2024\/08\/Untitled-design-2024-08-20T171404.826-12x12.png 12w, https:\/\/asesorialastablasmadrid.es\/wp-content\/uploads\/2024\/08\/Untitled-design-2024-08-20T171404.826-100x100.png 100w\" sizes=\"(max-width: 675px) 100vw, 675px\" \/>\t\t\t\t\t\t\t\t\t\t\t\t\t\t\t<\/div>\n\t\t\t\t<\/div>\n\t\t\t\t<\/div>\n\t\t<div class=\"elementor-element elementor-element-a8d37b9 e-con-full e-flex e-con e-child\" data-id=\"a8d37b9\" data-element_type=\"container\">\n\t\t\t\t<div class=\"elementor-element elementor-element-cbb6cd2 elementor-widget elementor-widget-text-editor\" data-id=\"cbb6cd2\" data-element_type=\"widget\" data-widget_type=\"text-editor.default\">\n\t\t\t\t<div class=\"elementor-widget-container\">\n\t\t\t\t\t\t\t\t\t<h3><strong>Contact an Expert Advisor<\/strong><\/h3>\t\t\t\t\t\t\t\t<\/div>\n\t\t\t\t<\/div>\n\t\t\t\t<div class=\"elementor-element elementor-element-46e036d elementor-widget elementor-widget-text-editor\" data-id=\"46e036d\" data-element_type=\"widget\" data-widget_type=\"text-editor.default\">\n\t\t\t\t<div class=\"elementor-widget-container\">\n\t\t\t\t\t\t\t\t\t<p>Si tienes alguna duda, ll\u00e1manos al <strong>910 59 56 77<\/strong> If you have any questions, feel free to call us at 910 59 56 77 or fill out the form below with your details. A personal advisor will get in touch with you promptly to address any concerns you may have.<\/p>\t\t\t\t\t\t\t\t<\/div>\n\t\t\t\t<\/div>\n\t\t\t\t<div class=\"elementor-element elementor-element-edf7def elementor-widget elementor-widget-html\" data-id=\"edf7def\" data-element_type=\"widget\" data-widget_type=\"html.default\">\n\t\t\t\t<div class=\"elementor-widget-container\">\n\t\t\t\t\t\n<div class=\"wpcf7 no-js\" id=\"wpcf7-f4726-o1\" lang=\"es-ES\" dir=\"ltr\" data-wpcf7-id=\"4726\">\n<div class=\"screen-reader-response\"><p role=\"status\" aria-live=\"polite\" aria-atomic=\"true\"><\/p> <ul><\/ul><\/div>\n<form action=\"\/en\/wp-json\/wp\/v2\/pages\/346#wpcf7-f4726-o1\" method=\"post\" class=\"wpcf7-form init\" aria-label=\"Formulario de contacto\" novalidate=\"novalidate\" data-status=\"init\" data-trp-original-action=\"\/en\/wp-json\/wp\/v2\/pages\/346#wpcf7-f4726-o1\">\n<fieldset class=\"hidden-fields-container\"><input type=\"hidden\" name=\"_wpcf7\" value=\"4726\" \/><input type=\"hidden\" name=\"_wpcf7_version\" value=\"6.1.3\" \/><input type=\"hidden\" name=\"_wpcf7_locale\" value=\"es_ES\" \/><input type=\"hidden\" name=\"_wpcf7_unit_tag\" value=\"wpcf7-f4726-o1\" \/><input type=\"hidden\" name=\"_wpcf7_container_post\" value=\"0\" \/><input type=\"hidden\" name=\"_wpcf7_posted_data_hash\" value=\"\" \/>\n<\/fieldset>\n<p><label> Your Name<br \/>\n<span class=\"wpcf7-form-control-wrap\" data-name=\"your-name\"><input size=\"40\" maxlength=\"400\" class=\"wpcf7-form-control wpcf7-text wpcf7-validates-as-required\" autocomplete=\"name\" aria-required=\"true\" aria-invalid=\"false\" value=\"\" type=\"text\" name=\"your-name\" \/><\/span> <\/label>\n<\/p>\n<p><label> Email\nYour Email<br \/>\n<span class=\"wpcf7-form-control-wrap\" data-name=\"your-email\"><input size=\"40\" maxlength=\"400\" class=\"wpcf7-form-control wpcf7-email wpcf7-validates-as-required wpcf7-text wpcf7-validates-as-email\" autocomplete=\"email\" aria-required=\"true\" aria-invalid=\"false\" value=\"\" type=\"email\" name=\"your-email\" \/><\/span> <\/label>\n<\/p>\n<p><label> Tel\u00e9fono<br \/>\n<span class=\"wpcf7-form-control-wrap\" data-name=\"tel-176\"><input size=\"40\" maxlength=\"400\" class=\"wpcf7-form-control wpcf7-tel wpcf7-text wpcf7-validates-as-tel\" aria-invalid=\"false\" value=\"\" type=\"tel\" name=\"tel-176\" \/><\/span> <\/label>\n<\/p>\n<p><label> \u00bfEn qu\u00e9 te podemos ayudar?<br \/>\n<span class=\"wpcf7-form-control-wrap\" data-name=\"your-message\"><textarea cols=\"40\" rows=\"10\" maxlength=\"2000\" class=\"wpcf7-form-control wpcf7-textarea\" aria-invalid=\"false\" name=\"your-message\"><\/textarea><\/span> <\/label>\n<\/p>\n<p>Escribe el c\u00f3digo para continuar<input type=\"hidden\" name=\"_wpcf7_captcha_challenge_your-captcha\" value=\"2520636681\" \/><img decoding=\"async\" class=\"wpcf7-form-control wpcf7-captchac wpcf7-captcha-your-captcha\" width=\"72\" height=\"24\" alt=\"captcha\" src=\"https:\/\/asesorialastablasmadrid.es\/wp-content\/uploads\/wpcf7_captcha\/2520636681.png\" \/><span class=\"wpcf7-form-control-wrap\" data-name=\"your-captcha\"><input size=\"40\" class=\"wpcf7-form-control wpcf7-captchar\" autocomplete=\"off\" aria-invalid=\"false\" value=\"\" type=\"text\" name=\"your-captcha\" \/><\/span>\n<\/p>\n<p><input class=\"wpcf7-form-control wpcf7-submit has-spinner\" type=\"submit\" value=\"Send\" \/>\n<\/p><div class=\"wpcf7-response-output\" aria-hidden=\"true\"><\/div>\n<input type=\"hidden\" name=\"trp-form-language\" value=\"en\"\/><\/form>\n<\/div>\n\t\t\t\t<\/div>\n\t\t\t\t<\/div>\n\t\t\t\t<\/div>\n\t\t\t\t\t<\/div>\n\t\t\t\t<\/div>\n\t\t<div class=\"elementor-element elementor-element-683c15d e-flex e-con-boxed e-con e-parent\" data-id=\"683c15d\" data-element_type=\"container\" data-settings=\"{&quot;background_background&quot;:&quot;classic&quot;}\">\n\t\t\t\t\t<div class=\"e-con-inner\">\n\t\t<div class=\"elementor-element elementor-element-94e189c e-con-full e-flex e-con e-child\" data-id=\"94e189c\" data-element_type=\"container\">\n\t\t\t\t<div class=\"elementor-element elementor-element-64e70c5 elementor-widget__width-initial elementor-widget elementor-widget-text-editor\" data-id=\"64e70c5\" data-element_type=\"widget\" data-widget_type=\"text-editor.default\">\n\t\t\t\t<div class=\"elementor-widget-container\">\n\t\t\t\t\t\t\t\t\t<h4><span style=\"color: #3b5996;\"><strong><span style=\"color: #00455e;\">Freelance Registration<\/span> <\/strong><\/span><\/h4><p>We manage the registration process for freelancers looking to start their business activities.<\/p>\t\t\t\t\t\t\t\t<\/div>\n\t\t\t\t<\/div>\n\t\t\t\t<\/div>\n\t\t<div class=\"elementor-element elementor-element-50f4475 e-con-full e-flex e-con e-child\" data-id=\"50f4475\" data-element_type=\"container\">\n\t\t\t\t<div class=\"elementor-element elementor-element-037420c elementor-widget__width-initial elementor-widget elementor-widget-text-editor\" data-id=\"037420c\" data-element_type=\"widget\" data-widget_type=\"text-editor.default\">\n\t\t\t\t<div class=\"elementor-widget-container\">\n\t\t\t\t\t\t\t\t\t<h4><span style=\"color: #3b5996;\"><strong><span style=\"color: #00455e;\">Limited Company Registration<\/span> <\/strong><\/span><\/h4><p>We advise and handle the registration of Limited Companies for business development.<\/p>\t\t\t\t\t\t\t\t<\/div>\n\t\t\t\t<\/div>\n\t\t\t\t<\/div>\n\t\t<div class=\"elementor-element elementor-element-409a090 e-con-full e-flex e-con e-child\" data-id=\"409a090\" data-element_type=\"container\">\n\t\t\t\t<div class=\"elementor-element elementor-element-ec46eb1 elementor-widget__width-initial elementor-widget elementor-widget-text-editor\" data-id=\"ec46eb1\" data-element_type=\"widget\" data-widget_type=\"text-editor.default\">\n\t\t\t\t<div class=\"elementor-widget-container\">\n\t\t\t\t\t\t\t\t\t<h4><span style=\"color: #3b5996;\"><strong><span style=\"color: #00455e;\">Document Processing<\/span> <\/strong><\/span><\/h4><p>Support in the preparation and processing of mandatory documentation related to business activities.<\/p>\t\t\t\t\t\t\t\t<\/div>\n\t\t\t\t<\/div>\n\t\t\t\t<\/div>\n\t\t\t\t\t<\/div>\n\t\t\t\t<\/div>\n\t\t<div class=\"elementor-element elementor-element-3908a4e e-con-full e-flex e-con e-parent\" data-id=\"3908a4e\" data-element_type=\"container\">\n\t\t<div class=\"elementor-element elementor-element-87bccdf e-flex e-con-boxed e-con e-child\" data-id=\"87bccdf\" data-element_type=\"container\" data-settings=\"{&quot;background_background&quot;:&quot;classic&quot;}\">\n\t\t\t\t\t<div class=\"e-con-inner\">\n\t\t\t\t<div class=\"elementor-element elementor-element-d6f5552 elementor-widget elementor-widget-text-editor\" data-id=\"d6f5552\" data-element_type=\"widget\" data-widget_type=\"text-editor.default\">\n\t\t\t\t<div class=\"elementor-widget-container\">\n\t\t\t\t\t\t\t\t\t<p>\u00bfQuieres que hablemos de tu situaci\u00f3n legal?<\/p>\t\t\t\t\t\t\t\t<\/div>\n\t\t\t\t<\/div>\n\t\t\t\t<div class=\"elementor-element elementor-element-4e56e58 elementor-widget elementor-widget-text-editor\" data-id=\"4e56e58\" data-element_type=\"widget\" data-widget_type=\"text-editor.default\">\n\t\t\t\t<div class=\"elementor-widget-container\">\n\t\t\t\t\t\t\t\t\t<p>We want to hear about your current challenges and determine how we can help resolve them.<\/p>\t\t\t\t\t\t\t\t<\/div>\n\t\t\t\t<\/div>\n\t\t\t\t<div class=\"elementor-element elementor-element-a04a399 elementor-align-center elementor-widget__width-initial elementor-hidden-desktop elementor-hidden-tablet elementor-widget elementor-widget-button\" data-id=\"a04a399\" data-element_type=\"widget\" data-widget_type=\"button.default\">\n\t\t\t\t<div class=\"elementor-widget-container\">\n\t\t\t\t\t\t\t\t\t<div class=\"elementor-button-wrapper\">\n\t\t\t\t\t<a class=\"elementor-button elementor-button-link elementor-size-sm\" href=\"#\">\n\t\t\t\t\t\t<span class=\"elementor-button-content-wrapper\">\n\t\t\t\t\t\t\t\t\t<span class=\"elementor-button-text\">Ll\u00e1manos para m\u00e1s informaci\u00f3n<\/span>\n\t\t\t\t\t<\/span>\n\t\t\t\t\t<\/a>\n\t\t\t\t<\/div>\n\t\t\t\t\t\t\t\t<\/div>\n\t\t\t\t<\/div>\n\t\t\t\t<div class=\"elementor-element elementor-element-a938e85 elementor-align-center elementor-widget__width-initial elementor-widget elementor-widget-button\" data-id=\"a938e85\" data-element_type=\"widget\" data-widget_type=\"button.default\">\n\t\t\t\t<div class=\"elementor-widget-container\">\n\t\t\t\t\t\t\t\t\t<div class=\"elementor-button-wrapper\">\n\t\t\t\t\t<a class=\"elementor-button elementor-button-link elementor-size-sm\" href=\"https:\/\/asesorialastablasmadrid.es\/en\/sobre-nosotros-2\/\">\n\t\t\t\t\t\t<span class=\"elementor-button-content-wrapper\">\n\t\t\t\t\t\t\t\t\t<span class=\"elementor-button-text\">CONTACT ONE OF OUR ADVISORS<\/span>\n\t\t\t\t\t<\/span>\n\t\t\t\t\t<\/a>\n\t\t\t\t<\/div>\n\t\t\t\t\t\t\t\t<\/div>\n\t\t\t\t<\/div>\n\t\t\t\t\t<\/div>\n\t\t\t\t<\/div>\n\t\t\t\t<\/div>\n\t\t\t\t<\/div>","protected":false},"excerpt":{"rendered":"<p>Asesor\u00eda Empresarial Las Tablas &#8211; Empresas y Aut\u00f3nomos En ASESORIA LAS TABLAS, estamos comprometidos en aportar soluciones integrales para satisfacer sus necesidades, proporcion\u00e1ndole la comodidad de acceder a una amplia gama de servicios en un solo lugar. Nuestros servicios abarcan asesor\u00eda Empresarial, asesor\u00eda de Aut\u00f3nomos y asesor\u00eda de Sociedades, dise\u00f1ados para ayudar a empresas y [&hellip;]<\/p>","protected":false},"author":2,"featured_media":0,"parent":0,"menu_order":0,"comment_status":"closed","ping_status":"closed","template":"","meta":{"footnotes":""},"class_list":["post-346","page","type-page","status-publish","hentry"],"yoast_head":"<!-- This site is optimized with the Yoast SEO Premium plugin v21.3 (Yoast SEO v24.5) - https:\/\/yoast.com\/wordpress\/plugins\/seo\/ -->\n<title>Asesor\u00eda Empresarial en Madrid | Consultor\u00eda en Las Tablas<\/title>\n<meta name=\"description\" content=\"Impulsa tu negocio con nuestra asesor\u00eda empresarial en Madrid. Estrategia, gesti\u00f3n y apoyo constante para el crecimiento de tu empresa.\" \/>\n<meta name=\"robots\" content=\"index, follow, max-snippet:-1, max-image-preview:large, max-video-preview:-1\" \/>\n<link rel=\"canonical\" href=\"https:\/\/asesorialastablasmadrid.es\/en\/asesoria-empresarial-madrid-gestoria-las-tablas\/\" \/>\n<meta property=\"og:locale\" content=\"en_GB\" \/>\n<meta property=\"og:type\" content=\"article\" \/>\n<meta property=\"og:title\" content=\"Asesor\u00eda Empresarial\" \/>\n<meta property=\"og:description\" content=\"Impulsa tu negocio con nuestra asesor\u00eda empresarial en Madrid. Estrategia, gesti\u00f3n y apoyo constante para el crecimiento de tu empresa.\" \/>\n<meta property=\"og:url\" content=\"https:\/\/asesorialastablasmadrid.es\/en\/asesoria-empresarial-madrid-gestoria-las-tablas\/\" \/>\n<meta property=\"og:site_name\" content=\"Asesoria las tablas\" \/>\n<meta property=\"article:publisher\" content=\"https:\/\/www.facebook.com\/asesorialastablas\" \/>\n<meta property=\"article:modified_time\" content=\"2026-03-18T15:26:35+00:00\" \/>\n<meta property=\"og:image\" content=\"https:\/\/asesorialastablasmadrid.es\/wp-content\/uploads\/2024\/08\/Untitled-design-2024-08-20T171404.826.png\" \/>\n<meta name=\"twitter:label1\" content=\"Estimated reading time\" \/>\n\t<meta name=\"twitter:data1\" content=\"2 minutes\" \/>\n<script type=\"application\/ld+json\" class=\"yoast-schema-graph\">{\"@context\":\"https:\/\/schema.org\",\"@graph\":[{\"@type\":\"WebPage\",\"@id\":\"https:\/\/asesorialastablasmadrid.es\/asesoria-empresarial-madrid-gestoria-las-tablas\",\"url\":\"https:\/\/asesorialastablasmadrid.es\/asesoria-empresarial-madrid-gestoria-las-tablas\",\"name\":\"Asesor\u00eda Empresarial en Madrid | Consultor\u00eda en Las Tablas\",\"isPartOf\":{\"@id\":\"https:\/\/asesorialastablasmadrid.es\/#website\"},\"primaryImageOfPage\":{\"@id\":\"https:\/\/asesorialastablasmadrid.es\/asesoria-empresarial-madrid-gestoria-las-tablas#primaryimage\"},\"image\":{\"@id\":\"https:\/\/asesorialastablasmadrid.es\/asesoria-empresarial-madrid-gestoria-las-tablas#primaryimage\"},\"thumbnailUrl\":\"https:\/\/asesorialastablasmadrid.es\/wp-content\/uploads\/2024\/08\/Untitled-design-2024-08-20T171404.826.png\",\"datePublished\":\"2015-03-31T17:22:43+00:00\",\"dateModified\":\"2026-03-18T15:26:35+00:00\",\"description\":\"Impulsa tu negocio con nuestra asesor\u00eda empresarial en Madrid. Estrategia, gesti\u00f3n y apoyo constante para el crecimiento de tu empresa.\",\"breadcrumb\":{\"@id\":\"https:\/\/asesorialastablasmadrid.es\/asesoria-empresarial-madrid-gestoria-las-tablas#breadcrumb\"},\"inLanguage\":\"en-GB\",\"potentialAction\":[{\"@type\":\"ReadAction\",\"target\":[\"https:\/\/asesorialastablasmadrid.es\/asesoria-empresarial-madrid-gestoria-las-tablas\"]}]},{\"@type\":\"ImageObject\",\"inLanguage\":\"en-GB\",\"@id\":\"https:\/\/asesorialastablasmadrid.es\/asesoria-empresarial-madrid-gestoria-las-tablas#primaryimage\",\"url\":\"https:\/\/asesorialastablasmadrid.es\/wp-content\/uploads\/2024\/08\/Untitled-design-2024-08-20T171404.826.png\",\"contentUrl\":\"https:\/\/asesorialastablasmadrid.es\/wp-content\/uploads\/2024\/08\/Untitled-design-2024-08-20T171404.826.png\"},{\"@type\":\"BreadcrumbList\",\"@id\":\"https:\/\/asesorialastablasmadrid.es\/asesoria-empresarial-madrid-gestoria-las-tablas#breadcrumb\",\"itemListElement\":[{\"@type\":\"ListItem\",\"position\":1,\"name\":\"Portada\",\"item\":\"https:\/\/asesorialastablasmadrid.es\/\"},{\"@type\":\"ListItem\",\"position\":2,\"name\":\"Asesor\u00eda Empresarial\"}]},{\"@type\":\"WebSite\",\"@id\":\"https:\/\/asesorialastablasmadrid.es\/#website\",\"url\":\"https:\/\/asesorialastablasmadrid.es\/\",\"name\":\"Asesoria las tablas\",\"description\":\"Asesoria fiscal, laboral y contable\",\"publisher\":{\"@id\":\"https:\/\/asesorialastablasmadrid.es\/#organization\"},\"potentialAction\":[{\"@type\":\"SearchAction\",\"target\":{\"@type\":\"EntryPoint\",\"urlTemplate\":\"https:\/\/asesorialastablasmadrid.es\/?s={search_term_string}\"},\"query-input\":{\"@type\":\"PropertyValueSpecification\",\"valueRequired\":true,\"valueName\":\"search_term_string\"}}],\"inLanguage\":\"en-GB\"},{\"@type\":\"Organization\",\"@id\":\"https:\/\/asesorialastablasmadrid.es\/#organization\",\"name\":\"Asesoria las tablas\",\"url\":\"https:\/\/asesorialastablasmadrid.es\/\",\"logo\":{\"@type\":\"ImageObject\",\"inLanguage\":\"en-GB\",\"@id\":\"https:\/\/asesorialastablasmadrid.es\/#\/schema\/logo\/image\/\",\"url\":\"https:\/\/asesorialastablas.com\/wp-content\/uploads\/2023\/10\/NajeraLogo2-e1696915559586-1.png\",\"contentUrl\":\"https:\/\/asesorialastablas.com\/wp-content\/uploads\/2023\/10\/NajeraLogo2-e1696915559586-1.png\",\"width\":109,\"height\":114,\"caption\":\"Asesoria las tablas\"},\"image\":{\"@id\":\"https:\/\/asesorialastablasmadrid.es\/#\/schema\/logo\/image\/\"},\"sameAs\":[\"https:\/\/www.facebook.com\/asesorialastablas\"]}]}<\/script>\n<!-- \/ Yoast SEO Premium plugin. -->","yoast_head_json":{"title":"Asesor\u00eda Empresarial en Madrid | Consultor\u00eda en Las Tablas","description":"Impulsa tu negocio con nuestra asesor\u00eda empresarial en Madrid. Estrategia, gesti\u00f3n y apoyo constante para el crecimiento de tu empresa.","robots":{"index":"index","follow":"follow","max-snippet":"max-snippet:-1","max-image-preview":"max-image-preview:large","max-video-preview":"max-video-preview:-1"},"canonical":"https:\/\/asesorialastablasmadrid.es\/en\/asesoria-empresarial-madrid-gestoria-las-tablas\/","og_locale":"en_GB","og_type":"article","og_title":"Asesor\u00eda Empresarial","og_description":"Impulsa tu negocio con nuestra asesor\u00eda empresarial en Madrid. Estrategia, gesti\u00f3n y apoyo constante para el crecimiento de tu empresa.","og_url":"https:\/\/asesorialastablasmadrid.es\/en\/asesoria-empresarial-madrid-gestoria-las-tablas\/","og_site_name":"Asesoria las tablas","article_publisher":"https:\/\/www.facebook.com\/asesorialastablas","article_modified_time":"2026-03-18T15:26:35+00:00","og_image":[{"url":"https:\/\/asesorialastablasmadrid.es\/wp-content\/uploads\/2024\/08\/Untitled-design-2024-08-20T171404.826.png","type":"","width":"","height":""}],"twitter_misc":{"Estimated reading time":"2 minutes"},"schema":{"@context":"https:\/\/schema.org","@graph":[{"@type":"WebPage","@id":"https:\/\/asesorialastablasmadrid.es\/asesoria-empresarial-madrid-gestoria-las-tablas","url":"https:\/\/asesorialastablasmadrid.es\/asesoria-empresarial-madrid-gestoria-las-tablas","name":"Asesor\u00eda Empresarial en Madrid | Consultor\u00eda en Las Tablas","isPartOf":{"@id":"https:\/\/asesorialastablasmadrid.es\/#website"},"primaryImageOfPage":{"@id":"https:\/\/asesorialastablasmadrid.es\/asesoria-empresarial-madrid-gestoria-las-tablas#primaryimage"},"image":{"@id":"https:\/\/asesorialastablasmadrid.es\/asesoria-empresarial-madrid-gestoria-las-tablas#primaryimage"},"thumbnailUrl":"https:\/\/asesorialastablasmadrid.es\/wp-content\/uploads\/2024\/08\/Untitled-design-2024-08-20T171404.826.png","datePublished":"2015-03-31T17:22:43+00:00","dateModified":"2026-03-18T15:26:35+00:00","description":"Impulsa tu negocio con nuestra asesor\u00eda empresarial en Madrid. Estrategia, gesti\u00f3n y apoyo constante para el crecimiento de tu empresa.","breadcrumb":{"@id":"https:\/\/asesorialastablasmadrid.es\/asesoria-empresarial-madrid-gestoria-las-tablas#breadcrumb"},"inLanguage":"en-GB","potentialAction":[{"@type":"ReadAction","target":["https:\/\/asesorialastablasmadrid.es\/asesoria-empresarial-madrid-gestoria-las-tablas"]}]},{"@type":"ImageObject","inLanguage":"en-GB","@id":"https:\/\/asesorialastablasmadrid.es\/asesoria-empresarial-madrid-gestoria-las-tablas#primaryimage","url":"https:\/\/asesorialastablasmadrid.es\/wp-content\/uploads\/2024\/08\/Untitled-design-2024-08-20T171404.826.png","contentUrl":"https:\/\/asesorialastablasmadrid.es\/wp-content\/uploads\/2024\/08\/Untitled-design-2024-08-20T171404.826.png"},{"@type":"BreadcrumbList","@id":"https:\/\/asesorialastablasmadrid.es\/asesoria-empresarial-madrid-gestoria-las-tablas#breadcrumb","itemListElement":[{"@type":"ListItem","position":1,"name":"Portada","item":"https:\/\/asesorialastablasmadrid.es\/"},{"@type":"ListItem","position":2,"name":"Asesor\u00eda Empresarial"}]},{"@type":"WebSite","@id":"https:\/\/asesorialastablasmadrid.es\/#website","url":"https:\/\/asesorialastablasmadrid.es\/","name":"Asesoria las tablas","description":"Asesoria fiscal, laboral y contable","publisher":{"@id":"https:\/\/asesorialastablasmadrid.es\/#organization"},"potentialAction":[{"@type":"SearchAction","target":{"@type":"EntryPoint","urlTemplate":"https:\/\/asesorialastablasmadrid.es\/?s={search_term_string}"},"query-input":{"@type":"PropertyValueSpecification","valueRequired":true,"valueName":"search_term_string"}}],"inLanguage":"en-GB"},{"@type":"Organization","@id":"https:\/\/asesorialastablasmadrid.es\/#organization","name":"Asesoria las tablas","url":"https:\/\/asesorialastablasmadrid.es\/","logo":{"@type":"ImageObject","inLanguage":"en-GB","@id":"https:\/\/asesorialastablasmadrid.es\/#\/schema\/logo\/image\/","url":"https:\/\/asesorialastablas.com\/wp-content\/uploads\/2023\/10\/NajeraLogo2-e1696915559586-1.png","contentUrl":"https:\/\/asesorialastablas.com\/wp-content\/uploads\/2023\/10\/NajeraLogo2-e1696915559586-1.png","width":109,"height":114,"caption":"Asesoria las tablas"},"image":{"@id":"https:\/\/asesorialastablasmadrid.es\/#\/schema\/logo\/image\/"},"sameAs":["https:\/\/www.facebook.com\/asesorialastablas"]}]}},"_links":{"self":[{"href":"https:\/\/asesorialastablasmadrid.es\/en\/wp-json\/wp\/v2\/pages\/346","targetHints":{"allow":["GET"]}}],"collection":[{"href":"https:\/\/asesorialastablasmadrid.es\/en\/wp-json\/wp\/v2\/pages"}],"about":[{"href":"https:\/\/asesorialastablasmadrid.es\/en\/wp-json\/wp\/v2\/types\/page"}],"author":[{"embeddable":true,"href":"https:\/\/asesorialastablasmadrid.es\/en\/wp-json\/wp\/v2\/users\/2"}],"replies":[{"embeddable":true,"href":"https:\/\/asesorialastablasmadrid.es\/en\/wp-json\/wp\/v2\/comments?post=346"}],"version-history":[{"count":9,"href":"https:\/\/asesorialastablasmadrid.es\/en\/wp-json\/wp\/v2\/pages\/346\/revisions"}],"predecessor-version":[{"id":5299,"href":"https:\/\/asesorialastablasmadrid.es\/en\/wp-json\/wp\/v2\/pages\/346\/revisions\/5299"}],"wp:attachment":[{"href":"https:\/\/asesorialastablasmadrid.es\/en\/wp-json\/wp\/v2\/media?parent=346"}],"curies":[{"name":"wp","href":"https:\/\/api.w.org\/{rel}","templated":true}]}}