{"id":344,"date":"2015-03-31T17:22:34","date_gmt":"2015-03-31T17:22:34","guid":{"rendered":"http:\/\/artaizasesores.com\/?page_id=344"},"modified":"2026-03-18T15:24:46","modified_gmt":"2026-03-18T15:24:46","slug":"asesoria-contable-madrid-gestoria-las-tablas","status":"publish","type":"page","link":"https:\/\/asesorialastablasmadrid.es\/en\/asesoria-contable-madrid-gestoria-las-tablas","title":{"rendered":"Accounting Advisory"},"content":{"rendered":"<div data-elementor-type=\"wp-page\" data-elementor-id=\"344\" class=\"elementor elementor-344\" data-elementor-post-type=\"page\">\n\t\t\t\t<div class=\"elementor-element elementor-element-dc8e6f1 e-flex e-con-boxed e-con e-parent\" data-id=\"dc8e6f1\" data-element_type=\"container\">\n\t\t\t\t\t<div class=\"e-con-inner\">\n\t\t\t\t<div class=\"elementor-element elementor-element-21b6795 elementor-widget elementor-widget-text-editor\" data-id=\"21b6795\" data-element_type=\"widget\" data-widget_type=\"text-editor.default\">\n\t\t\t\t<div class=\"elementor-widget-container\">\n\t\t\t\t\t\t\t\t\t<h2><span style=\"color: #99ccff;\"><span style=\"color: #00455e;\">Accounting Advisory Services at Asesor\u00eda Las Tablas<\/span><\/span><\/h2><p>In the ever-evolving business world, financial accounting is a crucial component of any business. At Asesor\u00eda Las Tablas, our team of professionals is here to provide expert advice on this matter.<\/p>\t\t\t\t\t\t\t\t<\/div>\n\t\t\t\t<\/div>\n\t\t\t\t\t<\/div>\n\t\t\t\t<\/div>\n\t\t<div class=\"elementor-element elementor-element-6a1617d e-flex e-con-boxed e-con e-parent\" data-id=\"6a1617d\" data-element_type=\"container\" data-settings=\"{&quot;background_background&quot;:&quot;classic&quot;}\">\n\t\t\t\t\t<div class=\"e-con-inner\">\n\t\t<div class=\"elementor-element elementor-element-ab8084e e-con-full e-flex e-con e-child\" data-id=\"ab8084e\" data-element_type=\"container\">\n\t\t\t\t<div class=\"elementor-element elementor-element-1bb2571 elementor-widget elementor-widget-text-editor\" data-id=\"1bb2571\" data-element_type=\"widget\" data-widget_type=\"text-editor.default\">\n\t\t\t\t<div class=\"elementor-widget-container\">\n\t\t\t\t\t\t\t\t\t<h3><strong>Specialists in Accounting and Consulting<\/strong><\/h3>\t\t\t\t\t\t\t\t<\/div>\n\t\t\t\t<\/div>\n\t\t\t\t<div class=\"elementor-element elementor-element-6befcbd elementor-widget elementor-widget-text-editor\" data-id=\"6befcbd\" data-element_type=\"widget\" data-widget_type=\"text-editor.default\">\n\t\t\t\t<div class=\"elementor-widget-container\">\n\t\t\t\t\t\t\t\t\t<p>Our expertise in legal advisory and consulting enables us to offer the best solutions for every aspect of your accounting and fiscal situation. With over 20 years of experience, our advisors will provide significant optimization from a tax perspective. Contact us if you want to enhance your accounting, fiscal, and financial situation!\u00a0<strong>\u00a1Cont\u00e1ctenos si quiere mejorar su situaci\u00f3n contable, fiscal y financiera!<\/strong><\/p>\t\t\t\t\t\t\t\t<\/div>\n\t\t\t\t<\/div>\n\t\t\t\t<div class=\"elementor-element elementor-element-a9d796e elementor-widget elementor-widget-image\" data-id=\"a9d796e\" data-element_type=\"widget\" data-widget_type=\"image.default\">\n\t\t\t\t<div class=\"elementor-widget-container\">\n\t\t\t\t\t\t\t\t\t\t\t\t\t\t\t<img fetchpriority=\"high\" decoding=\"async\" width=\"675\" height=\"675\" src=\"https:\/\/asesorialastablasmadrid.es\/wp-content\/uploads\/2024\/08\/Untitled-design-2024-08-20T172200.741.png\" class=\"attachment-2048x2048 size-2048x2048 wp-image-4204\" alt=\"\" srcset=\"https:\/\/asesorialastablasmadrid.es\/wp-content\/uploads\/2024\/08\/Untitled-design-2024-08-20T172200.741.png 675w, https:\/\/asesorialastablasmadrid.es\/wp-content\/uploads\/2024\/08\/Untitled-design-2024-08-20T172200.741-300x300.png 300w, https:\/\/asesorialastablasmadrid.es\/wp-content\/uploads\/2024\/08\/Untitled-design-2024-08-20T172200.741-150x150.png 150w, https:\/\/asesorialastablasmadrid.es\/wp-content\/uploads\/2024\/08\/Untitled-design-2024-08-20T172200.741-12x12.png 12w, https:\/\/asesorialastablasmadrid.es\/wp-content\/uploads\/2024\/08\/Untitled-design-2024-08-20T172200.741-100x100.png 100w\" sizes=\"(max-width: 675px) 100vw, 675px\" \/>\t\t\t\t\t\t\t\t\t\t\t\t\t\t\t<\/div>\n\t\t\t\t<\/div>\n\t\t\t\t<\/div>\n\t\t<div class=\"elementor-element elementor-element-5b4dbf9 e-con-full e-flex e-con e-child\" data-id=\"5b4dbf9\" data-element_type=\"container\">\n\t\t\t\t<div class=\"elementor-element elementor-element-cc3ca05 elementor-widget elementor-widget-text-editor\" data-id=\"cc3ca05\" data-element_type=\"widget\" data-widget_type=\"text-editor.default\">\n\t\t\t\t<div class=\"elementor-widget-container\">\n\t\t\t\t\t\t\t\t\t<h3><strong>Contact an Expert Advisor<\/strong><\/h3>\t\t\t\t\t\t\t\t<\/div>\n\t\t\t\t<\/div>\n\t\t\t\t<div class=\"elementor-element elementor-element-8b48407 elementor-widget elementor-widget-text-editor\" data-id=\"8b48407\" data-element_type=\"widget\" data-widget_type=\"text-editor.default\">\n\t\t\t\t<div class=\"elementor-widget-container\">\n\t\t\t\t\t\t\t\t\t<p>Si tienes alguna duda, ll\u00e1manos al <strong>910 59 56 77<\/strong> If you have any questions, feel free to call us at 910 59 56 77 or fill out the form below with your details. A personal advisor will get in touch with you promptly to address any concerns you may have.<\/p>\t\t\t\t\t\t\t\t<\/div>\n\t\t\t\t<\/div>\n\t\t\t\t<div class=\"elementor-element elementor-element-48a5d8c elementor-widget elementor-widget-html\" data-id=\"48a5d8c\" data-element_type=\"widget\" data-widget_type=\"html.default\">\n\t\t\t\t<div class=\"elementor-widget-container\">\n\t\t\t\t\t\n<div class=\"wpcf7 no-js\" id=\"wpcf7-f4726-o1\" lang=\"es-ES\" dir=\"ltr\" data-wpcf7-id=\"4726\">\n<div class=\"screen-reader-response\"><p role=\"status\" aria-live=\"polite\" aria-atomic=\"true\"><\/p> <ul><\/ul><\/div>\n<form action=\"\/en\/wp-json\/wp\/v2\/pages\/344#wpcf7-f4726-o1\" method=\"post\" class=\"wpcf7-form init\" aria-label=\"Formulario de contacto\" novalidate=\"novalidate\" data-status=\"init\" data-trp-original-action=\"\/en\/wp-json\/wp\/v2\/pages\/344#wpcf7-f4726-o1\">\n<fieldset class=\"hidden-fields-container\"><input type=\"hidden\" name=\"_wpcf7\" value=\"4726\" \/><input type=\"hidden\" name=\"_wpcf7_version\" value=\"6.1.3\" \/><input type=\"hidden\" name=\"_wpcf7_locale\" value=\"es_ES\" \/><input type=\"hidden\" name=\"_wpcf7_unit_tag\" value=\"wpcf7-f4726-o1\" \/><input type=\"hidden\" name=\"_wpcf7_container_post\" value=\"0\" \/><input type=\"hidden\" name=\"_wpcf7_posted_data_hash\" value=\"\" \/>\n<\/fieldset>\n<p><label> Your Name<br \/>\n<span class=\"wpcf7-form-control-wrap\" data-name=\"your-name\"><input size=\"40\" maxlength=\"400\" class=\"wpcf7-form-control wpcf7-text wpcf7-validates-as-required\" autocomplete=\"name\" aria-required=\"true\" aria-invalid=\"false\" value=\"\" type=\"text\" name=\"your-name\" \/><\/span> <\/label>\n<\/p>\n<p><label> Email\nYour Email<br \/>\n<span class=\"wpcf7-form-control-wrap\" data-name=\"your-email\"><input size=\"40\" maxlength=\"400\" class=\"wpcf7-form-control wpcf7-email wpcf7-validates-as-required wpcf7-text wpcf7-validates-as-email\" autocomplete=\"email\" aria-required=\"true\" aria-invalid=\"false\" value=\"\" type=\"email\" name=\"your-email\" \/><\/span> <\/label>\n<\/p>\n<p><label> Tel\u00e9fono<br \/>\n<span class=\"wpcf7-form-control-wrap\" data-name=\"tel-176\"><input size=\"40\" maxlength=\"400\" class=\"wpcf7-form-control wpcf7-tel wpcf7-text wpcf7-validates-as-tel\" aria-invalid=\"false\" value=\"\" type=\"tel\" name=\"tel-176\" \/><\/span> <\/label>\n<\/p>\n<p><label> \u00bfEn qu\u00e9 te podemos ayudar?<br \/>\n<span class=\"wpcf7-form-control-wrap\" data-name=\"your-message\"><textarea cols=\"40\" rows=\"10\" maxlength=\"2000\" class=\"wpcf7-form-control wpcf7-textarea\" aria-invalid=\"false\" name=\"your-message\"><\/textarea><\/span> <\/label>\n<\/p>\n<p>Escribe el c\u00f3digo para continuar<input type=\"hidden\" name=\"_wpcf7_captcha_challenge_your-captcha\" value=\"1315406827\" \/><img decoding=\"async\" class=\"wpcf7-form-control wpcf7-captchac wpcf7-captcha-your-captcha\" width=\"72\" height=\"24\" alt=\"captcha\" src=\"https:\/\/asesorialastablasmadrid.es\/wp-content\/uploads\/wpcf7_captcha\/1315406827.png\" \/><span class=\"wpcf7-form-control-wrap\" data-name=\"your-captcha\"><input size=\"40\" class=\"wpcf7-form-control wpcf7-captchar\" autocomplete=\"off\" aria-invalid=\"false\" value=\"\" type=\"text\" name=\"your-captcha\" \/><\/span>\n<\/p>\n<p><input class=\"wpcf7-form-control wpcf7-submit has-spinner\" type=\"submit\" value=\"Send\" \/>\n<\/p><div class=\"wpcf7-response-output\" aria-hidden=\"true\"><\/div>\n<input type=\"hidden\" name=\"trp-form-language\" value=\"en\"\/><\/form>\n<\/div>\n\t\t\t\t<\/div>\n\t\t\t\t<\/div>\n\t\t\t\t<\/div>\n\t\t\t\t\t<\/div>\n\t\t\t\t<\/div>\n\t\t<div class=\"elementor-element elementor-element-6106b3b e-flex e-con-boxed e-con e-parent\" data-id=\"6106b3b\" data-element_type=\"container\" data-settings=\"{&quot;background_background&quot;:&quot;classic&quot;}\">\n\t\t\t\t\t<div class=\"e-con-inner\">\n\t\t<div class=\"elementor-element elementor-element-0ce130b e-con-full e-flex e-con e-child\" data-id=\"0ce130b\" data-element_type=\"container\">\n\t\t\t\t<div class=\"elementor-element elementor-element-5ca36b8 elementor-widget elementor-widget-text-editor\" data-id=\"5ca36b8\" data-element_type=\"widget\" data-widget_type=\"text-editor.default\">\n\t\t\t\t<div class=\"elementor-widget-container\">\n\t\t\t\t\t\t\t\t\t<h4><span style=\"color: #3b5996;\"><strong><span style=\"color: #00455e;\">Official Accounting According to the General Accounting Plan<\/span> <\/strong><\/span><\/h4><p>Control of official accounting regulated by the General Accounting Plan and preparation of reports.<\/p>\t\t\t\t\t\t\t\t<\/div>\n\t\t\t\t<\/div>\n\t\t\t\t<\/div>\n\t\t<div class=\"elementor-element elementor-element-a18da99 e-con-full e-flex e-con e-child\" data-id=\"a18da99\" data-element_type=\"container\">\n\t\t\t\t<div class=\"elementor-element elementor-element-6b367f3 elementor-widget elementor-widget-text-editor\" data-id=\"6b367f3\" data-element_type=\"widget\" data-widget_type=\"text-editor.default\">\n\t\t\t\t<div class=\"elementor-widget-container\">\n\t\t\t\t\t\t\t\t\t<h4><span style=\"color: #3b5996;\"><strong><span style=\"color: #00455e;\">Preparation and Legalization of Official Books<\/span> <\/strong><\/span><\/h4><p>Management and development of the necessary official books for business activities.<\/p>\t\t\t\t\t\t\t\t<\/div>\n\t\t\t\t<\/div>\n\t\t\t\t<\/div>\n\t\t<div class=\"elementor-element elementor-element-a7fd4c1 e-con-full e-flex e-con e-child\" data-id=\"a7fd4c1\" data-element_type=\"container\">\n\t\t\t\t<div class=\"elementor-element elementor-element-d1d6b49 elementor-widget elementor-widget-text-editor\" data-id=\"d1d6b49\" data-element_type=\"widget\" data-widget_type=\"text-editor.default\">\n\t\t\t\t<div class=\"elementor-widget-container\">\n\t\t\t\t\t\t\t\t\t<h4><span style=\"color: #3b5996;\"><strong><span style=\"color: #00455e;\">Preparation of Accounting Reports<\/span> <\/strong><\/span><\/h4><p>Development and analysis of the company\u2019s accounting situation, creating detailed reports on balance statuses.<\/p>\t\t\t\t\t\t\t\t<\/div>\n\t\t\t\t<\/div>\n\t\t\t\t<\/div>\n\t\t<div class=\"elementor-element elementor-element-e4c5f7c e-con-full e-flex e-con e-child\" data-id=\"e4c5f7c\" data-element_type=\"container\">\n\t\t\t\t<div class=\"elementor-element elementor-element-0d96f84 elementor-widget elementor-widget-text-editor\" data-id=\"0d96f84\" data-element_type=\"widget\" data-widget_type=\"text-editor.default\">\n\t\t\t\t<div class=\"elementor-widget-container\">\n\t\t\t\t\t\t\t\t\t<h4><span style=\"color: #3b5996;\"><strong><span style=\"color: #00455e;\">Comprehensive Accounting Advice<\/span> <\/strong><\/span><\/h4><p>Complete accounting advice based on business activity and aligned with company obligations.<\/p>\t\t\t\t\t\t\t\t<\/div>\n\t\t\t\t<\/div>\n\t\t\t\t<\/div>\n\t\t<div class=\"elementor-element elementor-element-dc5feb3 e-con-full e-flex e-con e-child\" data-id=\"dc5feb3\" data-element_type=\"container\">\n\t\t\t\t<div class=\"elementor-element elementor-element-720e221 elementor-widget elementor-widget-text-editor\" data-id=\"720e221\" data-element_type=\"widget\" data-widget_type=\"text-editor.default\">\n\t\t\t\t<div class=\"elementor-widget-container\">\n\t\t\t\t\t\t\t\t\t<h4><span style=\"color: #3b5996;\"><strong><span style=\"color: #00455e;\">Budgetary Accounting<\/span> <\/strong><\/span><\/h4><p>Control and preparation of budgetary accounting to optimize fiscal benefits.<\/p>\t\t\t\t\t\t\t\t<\/div>\n\t\t\t\t<\/div>\n\t\t\t\t<\/div>\n\t\t<div class=\"elementor-element elementor-element-f4b57d9 e-con-full e-flex e-con e-child\" data-id=\"f4b57d9\" data-element_type=\"container\">\n\t\t\t\t<div class=\"elementor-element elementor-element-830eae5 elementor-widget elementor-widget-text-editor\" data-id=\"830eae5\" data-element_type=\"widget\" data-widget_type=\"text-editor.default\">\n\t\t\t\t<div class=\"elementor-widget-container\">\n\t\t\t\t\t\t\t\t\t<h4><span style=\"color: #3b5996;\"><strong><span style=\"color: #00455e;\">Annual Accounts Deposit at the Commercial Registry<\/span> <\/strong><\/span><\/h4><p>Advice on annual accounts and management of procedures with the Commercial Registry related to the company.<\/p>\t\t\t\t\t\t\t\t<\/div>\n\t\t\t\t<\/div>\n\t\t\t\t<\/div>\n\t\t\t\t\t<\/div>\n\t\t\t\t<\/div>\n\t\t<div class=\"elementor-element elementor-element-0adef20 e-con-full e-flex e-con e-parent\" data-id=\"0adef20\" data-element_type=\"container\">\n\t\t<div class=\"elementor-element elementor-element-b2d324b e-flex e-con-boxed e-con e-child\" data-id=\"b2d324b\" data-element_type=\"container\" data-settings=\"{&quot;background_background&quot;:&quot;classic&quot;}\">\n\t\t\t\t\t<div class=\"e-con-inner\">\n\t\t\t\t<div class=\"elementor-element elementor-element-7cfe499 elementor-widget elementor-widget-text-editor\" data-id=\"7cfe499\" data-element_type=\"widget\" data-widget_type=\"text-editor.default\">\n\t\t\t\t<div class=\"elementor-widget-container\">\n\t\t\t\t\t\t\t\t\t<p>\u00bfQuieres que hablemos de tu situaci\u00f3n financiera?<\/p>\t\t\t\t\t\t\t\t<\/div>\n\t\t\t\t<\/div>\n\t\t\t\t<div class=\"elementor-element elementor-element-6880bbb elementor-widget elementor-widget-text-editor\" data-id=\"6880bbb\" data-element_type=\"widget\" data-widget_type=\"text-editor.default\">\n\t\t\t\t<div class=\"elementor-widget-container\">\n\t\t\t\t\t\t\t\t\t<p>We want to hear about your current challenges and determine how we can help resolve them.<\/p>\t\t\t\t\t\t\t\t<\/div>\n\t\t\t\t<\/div>\n\t\t\t\t<div class=\"elementor-element elementor-element-c9d9af2 elementor-align-center elementor-widget__width-initial elementor-hidden-desktop elementor-hidden-tablet elementor-widget elementor-widget-button\" data-id=\"c9d9af2\" data-element_type=\"widget\" data-widget_type=\"button.default\">\n\t\t\t\t<div class=\"elementor-widget-container\">\n\t\t\t\t\t\t\t\t\t<div class=\"elementor-button-wrapper\">\n\t\t\t\t\t<a class=\"elementor-button elementor-button-link elementor-size-sm\" href=\"#\">\n\t\t\t\t\t\t<span class=\"elementor-button-content-wrapper\">\n\t\t\t\t\t\t\t\t\t<span class=\"elementor-button-text\">Ll\u00e1manos para m\u00e1s informaci\u00f3n<\/span>\n\t\t\t\t\t<\/span>\n\t\t\t\t\t<\/a>\n\t\t\t\t<\/div>\n\t\t\t\t\t\t\t\t<\/div>\n\t\t\t\t<\/div>\n\t\t\t\t<div class=\"elementor-element elementor-element-8209a5b elementor-align-center elementor-widget__width-initial elementor-widget elementor-widget-button\" data-id=\"8209a5b\" data-element_type=\"widget\" data-widget_type=\"button.default\">\n\t\t\t\t<div class=\"elementor-widget-container\">\n\t\t\t\t\t\t\t\t\t<div class=\"elementor-button-wrapper\">\n\t\t\t\t\t<a class=\"elementor-button elementor-button-link elementor-size-sm\" href=\"https:\/\/asesorialastablasmadrid.es\/en\/sobre-nosotros-2\/\">\n\t\t\t\t\t\t<span class=\"elementor-button-content-wrapper\">\n\t\t\t\t\t\t\t\t\t<span class=\"elementor-button-text\">CONTACT ONE OF OUR ADVISORS<\/span>\n\t\t\t\t\t<\/span>\n\t\t\t\t\t<\/a>\n\t\t\t\t<\/div>\n\t\t\t\t\t\t\t\t<\/div>\n\t\t\t\t<\/div>\n\t\t\t\t\t<\/div>\n\t\t\t\t<\/div>\n\t\t\t\t<\/div>\n\t\t\t\t<\/div>","protected":false},"excerpt":{"rendered":"<p>Asesor\u00eda Contable Las Tablas En el mundo empresarial en constante evoluci\u00f3n, la contabilidad financiera es una parte esencial de cualquier negocio. En Asesor\u00eda Las Tablas, nuestro equipo de profesionales le puede asesorar en este aspecto. Especialistas en Contabilidad y Consultor\u00eda Nuestra experiencia en asesor\u00eda y consultor\u00eda legal, nos capacita para ofrecer la mejor soluci\u00f3n en [&hellip;]<\/p>","protected":false},"author":2,"featured_media":0,"parent":0,"menu_order":0,"comment_status":"closed","ping_status":"closed","template":"","meta":{"footnotes":""},"class_list":["post-344","page","type-page","status-publish","hentry"],"yoast_head":"<!-- This site is optimized with the Yoast SEO Premium plugin v21.3 (Yoast SEO v24.5) - https:\/\/yoast.com\/wordpress\/plugins\/seo\/ -->\n<title>Asesor\u00eda Contable en Madrid | Gesti\u00f3n de Cuentas en Las Tablas<\/title>\n<meta name=\"description\" content=\"Llevamos la contabilidad de tu negocio de forma clara y precisa. Balances, libros oficiales y asesoramiento financiero experto en Madrid.\" \/>\n<meta name=\"robots\" content=\"index, follow, max-snippet:-1, max-image-preview:large, max-video-preview:-1\" \/>\n<link rel=\"canonical\" href=\"https:\/\/asesorialastablasmadrid.es\/en\/asesoria-contable-madrid-gestoria-las-tablas\/\" \/>\n<meta property=\"og:locale\" content=\"en_GB\" \/>\n<meta property=\"og:type\" content=\"article\" \/>\n<meta property=\"og:title\" content=\"Asesor\u00eda Contable\" \/>\n<meta property=\"og:description\" content=\"Llevamos la contabilidad de tu negocio de forma clara y precisa. Balances, libros oficiales y asesoramiento financiero experto en Madrid.\" \/>\n<meta property=\"og:url\" content=\"https:\/\/asesorialastablasmadrid.es\/en\/asesoria-contable-madrid-gestoria-las-tablas\/\" \/>\n<meta property=\"og:site_name\" content=\"Asesoria las tablas\" \/>\n<meta property=\"article:publisher\" content=\"https:\/\/www.facebook.com\/asesorialastablas\" \/>\n<meta property=\"article:modified_time\" content=\"2026-03-18T15:24:46+00:00\" \/>\n<meta property=\"og:image\" content=\"https:\/\/asesorialastablasmadrid.es\/wp-content\/uploads\/2024\/08\/Untitled-design-2024-08-20T172200.741.png\" \/>\n<meta name=\"twitter:label1\" content=\"Estimated reading time\" \/>\n\t<meta name=\"twitter:data1\" content=\"2 minutes\" \/>\n<script type=\"application\/ld+json\" class=\"yoast-schema-graph\">{\"@context\":\"https:\/\/schema.org\",\"@graph\":[{\"@type\":\"WebPage\",\"@id\":\"https:\/\/asesorialastablasmadrid.es\/asesoria-contable-madrid-gestoria-las-tablas\",\"url\":\"https:\/\/asesorialastablasmadrid.es\/asesoria-contable-madrid-gestoria-las-tablas\",\"name\":\"Asesor\u00eda Contable en Madrid | Gesti\u00f3n de Cuentas en Las Tablas\",\"isPartOf\":{\"@id\":\"https:\/\/asesorialastablasmadrid.es\/#website\"},\"primaryImageOfPage\":{\"@id\":\"https:\/\/asesorialastablasmadrid.es\/asesoria-contable-madrid-gestoria-las-tablas#primaryimage\"},\"image\":{\"@id\":\"https:\/\/asesorialastablasmadrid.es\/asesoria-contable-madrid-gestoria-las-tablas#primaryimage\"},\"thumbnailUrl\":\"https:\/\/asesorialastablasmadrid.es\/wp-content\/uploads\/2024\/08\/Untitled-design-2024-08-20T172200.741.png\",\"datePublished\":\"2015-03-31T17:22:34+00:00\",\"dateModified\":\"2026-03-18T15:24:46+00:00\",\"description\":\"Llevamos la contabilidad de tu negocio de forma clara y precisa. Balances, libros oficiales y asesoramiento financiero experto en Madrid.\",\"breadcrumb\":{\"@id\":\"https:\/\/asesorialastablasmadrid.es\/asesoria-contable-madrid-gestoria-las-tablas#breadcrumb\"},\"inLanguage\":\"en-GB\",\"potentialAction\":[{\"@type\":\"ReadAction\",\"target\":[\"https:\/\/asesorialastablasmadrid.es\/asesoria-contable-madrid-gestoria-las-tablas\"]}]},{\"@type\":\"ImageObject\",\"inLanguage\":\"en-GB\",\"@id\":\"https:\/\/asesorialastablasmadrid.es\/asesoria-contable-madrid-gestoria-las-tablas#primaryimage\",\"url\":\"https:\/\/asesorialastablasmadrid.es\/wp-content\/uploads\/2024\/08\/Untitled-design-2024-08-20T172200.741.png\",\"contentUrl\":\"https:\/\/asesorialastablasmadrid.es\/wp-content\/uploads\/2024\/08\/Untitled-design-2024-08-20T172200.741.png\"},{\"@type\":\"BreadcrumbList\",\"@id\":\"https:\/\/asesorialastablasmadrid.es\/asesoria-contable-madrid-gestoria-las-tablas#breadcrumb\",\"itemListElement\":[{\"@type\":\"ListItem\",\"position\":1,\"name\":\"Portada\",\"item\":\"https:\/\/asesorialastablasmadrid.es\/\"},{\"@type\":\"ListItem\",\"position\":2,\"name\":\"Asesor\u00eda Contable\"}]},{\"@type\":\"WebSite\",\"@id\":\"https:\/\/asesorialastablasmadrid.es\/#website\",\"url\":\"https:\/\/asesorialastablasmadrid.es\/\",\"name\":\"Asesoria las tablas\",\"description\":\"Asesoria fiscal, laboral y contable\",\"publisher\":{\"@id\":\"https:\/\/asesorialastablasmadrid.es\/#organization\"},\"potentialAction\":[{\"@type\":\"SearchAction\",\"target\":{\"@type\":\"EntryPoint\",\"urlTemplate\":\"https:\/\/asesorialastablasmadrid.es\/?s={search_term_string}\"},\"query-input\":{\"@type\":\"PropertyValueSpecification\",\"valueRequired\":true,\"valueName\":\"search_term_string\"}}],\"inLanguage\":\"en-GB\"},{\"@type\":\"Organization\",\"@id\":\"https:\/\/asesorialastablasmadrid.es\/#organization\",\"name\":\"Asesoria las tablas\",\"url\":\"https:\/\/asesorialastablasmadrid.es\/\",\"logo\":{\"@type\":\"ImageObject\",\"inLanguage\":\"en-GB\",\"@id\":\"https:\/\/asesorialastablasmadrid.es\/#\/schema\/logo\/image\/\",\"url\":\"https:\/\/asesorialastablas.com\/wp-content\/uploads\/2023\/10\/NajeraLogo2-e1696915559586-1.png\",\"contentUrl\":\"https:\/\/asesorialastablas.com\/wp-content\/uploads\/2023\/10\/NajeraLogo2-e1696915559586-1.png\",\"width\":109,\"height\":114,\"caption\":\"Asesoria las tablas\"},\"image\":{\"@id\":\"https:\/\/asesorialastablasmadrid.es\/#\/schema\/logo\/image\/\"},\"sameAs\":[\"https:\/\/www.facebook.com\/asesorialastablas\"]}]}<\/script>\n<!-- \/ Yoast SEO Premium plugin. -->","yoast_head_json":{"title":"Asesor\u00eda Contable en Madrid | Gesti\u00f3n de Cuentas en Las Tablas","description":"Llevamos la contabilidad de tu negocio de forma clara y precisa. Balances, libros oficiales y asesoramiento financiero experto en Madrid.","robots":{"index":"index","follow":"follow","max-snippet":"max-snippet:-1","max-image-preview":"max-image-preview:large","max-video-preview":"max-video-preview:-1"},"canonical":"https:\/\/asesorialastablasmadrid.es\/en\/asesoria-contable-madrid-gestoria-las-tablas\/","og_locale":"en_GB","og_type":"article","og_title":"Asesor\u00eda Contable","og_description":"Llevamos la contabilidad de tu negocio de forma clara y precisa. Balances, libros oficiales y asesoramiento financiero experto en Madrid.","og_url":"https:\/\/asesorialastablasmadrid.es\/en\/asesoria-contable-madrid-gestoria-las-tablas\/","og_site_name":"Asesoria las tablas","article_publisher":"https:\/\/www.facebook.com\/asesorialastablas","article_modified_time":"2026-03-18T15:24:46+00:00","og_image":[{"url":"https:\/\/asesorialastablasmadrid.es\/wp-content\/uploads\/2024\/08\/Untitled-design-2024-08-20T172200.741.png","type":"","width":"","height":""}],"twitter_misc":{"Estimated reading time":"2 minutes"},"schema":{"@context":"https:\/\/schema.org","@graph":[{"@type":"WebPage","@id":"https:\/\/asesorialastablasmadrid.es\/asesoria-contable-madrid-gestoria-las-tablas","url":"https:\/\/asesorialastablasmadrid.es\/asesoria-contable-madrid-gestoria-las-tablas","name":"Asesor\u00eda Contable en Madrid | Gesti\u00f3n de Cuentas en Las Tablas","isPartOf":{"@id":"https:\/\/asesorialastablasmadrid.es\/#website"},"primaryImageOfPage":{"@id":"https:\/\/asesorialastablasmadrid.es\/asesoria-contable-madrid-gestoria-las-tablas#primaryimage"},"image":{"@id":"https:\/\/asesorialastablasmadrid.es\/asesoria-contable-madrid-gestoria-las-tablas#primaryimage"},"thumbnailUrl":"https:\/\/asesorialastablasmadrid.es\/wp-content\/uploads\/2024\/08\/Untitled-design-2024-08-20T172200.741.png","datePublished":"2015-03-31T17:22:34+00:00","dateModified":"2026-03-18T15:24:46+00:00","description":"Llevamos la contabilidad de tu negocio de forma clara y precisa. Balances, libros oficiales y asesoramiento financiero experto en Madrid.","breadcrumb":{"@id":"https:\/\/asesorialastablasmadrid.es\/asesoria-contable-madrid-gestoria-las-tablas#breadcrumb"},"inLanguage":"en-GB","potentialAction":[{"@type":"ReadAction","target":["https:\/\/asesorialastablasmadrid.es\/asesoria-contable-madrid-gestoria-las-tablas"]}]},{"@type":"ImageObject","inLanguage":"en-GB","@id":"https:\/\/asesorialastablasmadrid.es\/asesoria-contable-madrid-gestoria-las-tablas#primaryimage","url":"https:\/\/asesorialastablasmadrid.es\/wp-content\/uploads\/2024\/08\/Untitled-design-2024-08-20T172200.741.png","contentUrl":"https:\/\/asesorialastablasmadrid.es\/wp-content\/uploads\/2024\/08\/Untitled-design-2024-08-20T172200.741.png"},{"@type":"BreadcrumbList","@id":"https:\/\/asesorialastablasmadrid.es\/asesoria-contable-madrid-gestoria-las-tablas#breadcrumb","itemListElement":[{"@type":"ListItem","position":1,"name":"Portada","item":"https:\/\/asesorialastablasmadrid.es\/"},{"@type":"ListItem","position":2,"name":"Asesor\u00eda Contable"}]},{"@type":"WebSite","@id":"https:\/\/asesorialastablasmadrid.es\/#website","url":"https:\/\/asesorialastablasmadrid.es\/","name":"Asesoria las tablas","description":"Asesoria fiscal, laboral y contable","publisher":{"@id":"https:\/\/asesorialastablasmadrid.es\/#organization"},"potentialAction":[{"@type":"SearchAction","target":{"@type":"EntryPoint","urlTemplate":"https:\/\/asesorialastablasmadrid.es\/?s={search_term_string}"},"query-input":{"@type":"PropertyValueSpecification","valueRequired":true,"valueName":"search_term_string"}}],"inLanguage":"en-GB"},{"@type":"Organization","@id":"https:\/\/asesorialastablasmadrid.es\/#organization","name":"Asesoria las tablas","url":"https:\/\/asesorialastablasmadrid.es\/","logo":{"@type":"ImageObject","inLanguage":"en-GB","@id":"https:\/\/asesorialastablasmadrid.es\/#\/schema\/logo\/image\/","url":"https:\/\/asesorialastablas.com\/wp-content\/uploads\/2023\/10\/NajeraLogo2-e1696915559586-1.png","contentUrl":"https:\/\/asesorialastablas.com\/wp-content\/uploads\/2023\/10\/NajeraLogo2-e1696915559586-1.png","width":109,"height":114,"caption":"Asesoria las tablas"},"image":{"@id":"https:\/\/asesorialastablasmadrid.es\/#\/schema\/logo\/image\/"},"sameAs":["https:\/\/www.facebook.com\/asesorialastablas"]}]}},"_links":{"self":[{"href":"https:\/\/asesorialastablasmadrid.es\/en\/wp-json\/wp\/v2\/pages\/344","targetHints":{"allow":["GET"]}}],"collection":[{"href":"https:\/\/asesorialastablasmadrid.es\/en\/wp-json\/wp\/v2\/pages"}],"about":[{"href":"https:\/\/asesorialastablasmadrid.es\/en\/wp-json\/wp\/v2\/types\/page"}],"author":[{"embeddable":true,"href":"https:\/\/asesorialastablasmadrid.es\/en\/wp-json\/wp\/v2\/users\/2"}],"replies":[{"embeddable":true,"href":"https:\/\/asesorialastablasmadrid.es\/en\/wp-json\/wp\/v2\/comments?post=344"}],"version-history":[{"count":9,"href":"https:\/\/asesorialastablasmadrid.es\/en\/wp-json\/wp\/v2\/pages\/344\/revisions"}],"predecessor-version":[{"id":5224,"href":"https:\/\/asesorialastablasmadrid.es\/en\/wp-json\/wp\/v2\/pages\/344\/revisions\/5224"}],"wp:attachment":[{"href":"https:\/\/asesorialastablasmadrid.es\/en\/wp-json\/wp\/v2\/media?parent=344"}],"curies":[{"name":"wp","href":"https:\/\/api.w.org\/{rel}","templated":true}]}}