{"id":342,"date":"2015-03-31T17:23:29","date_gmt":"2015-03-31T17:23:29","guid":{"rendered":"http:\/\/artaizasesores.com\/?page_id=342"},"modified":"2026-03-18T15:24:03","modified_gmt":"2026-03-18T15:24:03","slug":"madrid-gestoria-las-tablas","status":"publish","type":"page","link":"https:\/\/asesorialastablasmadrid.es\/en\/madrid-gestoria-las-tablas","title":{"rendered":"Labor Advisory"},"content":{"rendered":"<div data-elementor-type=\"wp-page\" data-elementor-id=\"342\" class=\"elementor elementor-342\" data-elementor-post-type=\"page\">\n\t\t\t\t<div class=\"elementor-element elementor-element-f9ff7cb e-flex e-con-boxed e-con e-parent\" data-id=\"f9ff7cb\" data-element_type=\"container\" data-settings=\"{&quot;background_background&quot;:&quot;classic&quot;}\">\n\t\t\t\t\t<div class=\"e-con-inner\">\n\t\t\t\t<div class=\"elementor-element elementor-element-988978e elementor-widget elementor-widget-text-editor\" data-id=\"988978e\" data-element_type=\"widget\" data-widget_type=\"text-editor.default\">\n\t\t\t\t<div class=\"elementor-widget-container\">\n\t\t\t\t\t\t\t\t\t<h2><span style=\"color: #99ccff;\"><span style=\"color: #00455e;\">Labor Advisory Services at Asesor\u00eda Las Tablas \u2013 Your Partner in the Labor World<\/span><\/span><\/h2>\nIn a constantly evolving labor environment, where legislation frequently changes, new challenges often arise for Companies, Freelancers, and Employees. At Asesor\u00eda Las Tablas, we understand these issues and provide comprehensive labor-related services.\t\t\t\t\t\t\t\t<\/div>\n\t\t\t\t<\/div>\n\t\t\t\t\t<\/div>\n\t\t\t\t<\/div>\n\t\t<div class=\"elementor-element elementor-element-38b3ae1 e-flex e-con-boxed e-con e-parent\" data-id=\"38b3ae1\" data-element_type=\"container\" data-settings=\"{&quot;background_background&quot;:&quot;classic&quot;}\">\n\t\t\t\t\t<div class=\"e-con-inner\">\n\t\t<div class=\"elementor-element elementor-element-634cb3b e-con-full e-flex e-con e-child\" data-id=\"634cb3b\" data-element_type=\"container\">\n\t\t\t\t<div class=\"elementor-element elementor-element-af87f81 elementor-widget elementor-widget-text-editor\" data-id=\"af87f81\" data-element_type=\"widget\" data-widget_type=\"text-editor.default\">\n\t\t\t\t<div class=\"elementor-widget-container\">\n\t\t\t\t\t\t\t\t\t<h3><b>Su<\/b><b>\u00a0Your Partner in Labor Success<\/b><\/h3>\t\t\t\t\t\t\t\t<\/div>\n\t\t\t\t<\/div>\n\t\t\t\t<div class=\"elementor-element elementor-element-6f36ef3 elementor-widget elementor-widget-text-editor\" data-id=\"6f36ef3\" data-element_type=\"widget\" data-widget_type=\"text-editor.default\">\n\t\t\t\t<div class=\"elementor-widget-container\">\n\t\t\t\t\t\t\t\t\t<p>At Asesor\u00eda Las Tablas, we offer more than just labor advisory services; our goal is to simplify document management and other procedures. Our experience and commitment ensure high-quality service in a dynamic labor environment. Contact us and discover how we can make a difference in your labor situation!<strong>\u00a1Cont\u00e1ctanos hoy y descubre c\u00f3mo podemos marcar la diferencia en tu situaci\u00f3n laboral!<\/strong><\/p>\t\t\t\t\t\t\t\t<\/div>\n\t\t\t\t<\/div>\n\t\t\t\t<div class=\"elementor-element elementor-element-0b625fe elementor-widget elementor-widget-image\" data-id=\"0b625fe\" data-element_type=\"widget\" data-widget_type=\"image.default\">\n\t\t\t\t<div class=\"elementor-widget-container\">\n\t\t\t\t\t\t\t\t\t\t\t\t\t\t\t<img fetchpriority=\"high\" decoding=\"async\" width=\"675\" height=\"675\" src=\"https:\/\/asesorialastablasmadrid.es\/wp-content\/uploads\/2024\/08\/Untitled-design-2024-08-20T172407.095.png\" class=\"attachment-full size-full wp-image-4209\" alt=\"\" srcset=\"https:\/\/asesorialastablasmadrid.es\/wp-content\/uploads\/2024\/08\/Untitled-design-2024-08-20T172407.095.png 675w, https:\/\/asesorialastablasmadrid.es\/wp-content\/uploads\/2024\/08\/Untitled-design-2024-08-20T172407.095-300x300.png 300w, https:\/\/asesorialastablasmadrid.es\/wp-content\/uploads\/2024\/08\/Untitled-design-2024-08-20T172407.095-150x150.png 150w, https:\/\/asesorialastablasmadrid.es\/wp-content\/uploads\/2024\/08\/Untitled-design-2024-08-20T172407.095-12x12.png 12w, https:\/\/asesorialastablasmadrid.es\/wp-content\/uploads\/2024\/08\/Untitled-design-2024-08-20T172407.095-100x100.png 100w\" sizes=\"(max-width: 675px) 100vw, 675px\" \/>\t\t\t\t\t\t\t\t\t\t\t\t\t\t\t<\/div>\n\t\t\t\t<\/div>\n\t\t\t\t<\/div>\n\t\t<div class=\"elementor-element elementor-element-7b8424d e-con-full e-flex e-con e-child\" data-id=\"7b8424d\" data-element_type=\"container\">\n\t\t\t\t<div class=\"elementor-element elementor-element-c8813b8 elementor-widget elementor-widget-text-editor\" data-id=\"c8813b8\" data-element_type=\"widget\" data-widget_type=\"text-editor.default\">\n\t\t\t\t<div class=\"elementor-widget-container\">\n\t\t\t\t\t\t\t\t\t<h3><strong>Contact an Expert Advisor<\/strong><\/h3>\t\t\t\t\t\t\t\t<\/div>\n\t\t\t\t<\/div>\n\t\t\t\t<div class=\"elementor-element elementor-element-e63d03e elementor-widget elementor-widget-text-editor\" data-id=\"e63d03e\" data-element_type=\"widget\" data-widget_type=\"text-editor.default\">\n\t\t\t\t<div class=\"elementor-widget-container\">\n\t\t\t\t\t\t\t\t\t<p>Si tienes alguna duda, ll\u00e1manos al <strong>910 59 56 77<\/strong> If you have any questions, feel free to call us at 910 59 56 77 or fill out the form below with your details. A personal advisor will get in touch with you promptly to address any concerns you may have.<\/p>\t\t\t\t\t\t\t\t<\/div>\n\t\t\t\t<\/div>\n\t\t\t\t<div class=\"elementor-element elementor-element-e3d82cd elementor-widget elementor-widget-html\" data-id=\"e3d82cd\" data-element_type=\"widget\" data-widget_type=\"html.default\">\n\t\t\t\t<div class=\"elementor-widget-container\">\n\t\t\t\t\t\n<div class=\"wpcf7 no-js\" id=\"wpcf7-f4726-o1\" lang=\"es-ES\" dir=\"ltr\" data-wpcf7-id=\"4726\">\n<div class=\"screen-reader-response\"><p role=\"status\" aria-live=\"polite\" aria-atomic=\"true\"><\/p> <ul><\/ul><\/div>\n<form action=\"\/en\/wp-json\/wp\/v2\/pages\/342#wpcf7-f4726-o1\" method=\"post\" class=\"wpcf7-form init\" aria-label=\"Formulario de contacto\" novalidate=\"novalidate\" data-status=\"init\" data-trp-original-action=\"\/en\/wp-json\/wp\/v2\/pages\/342#wpcf7-f4726-o1\">\n<fieldset class=\"hidden-fields-container\"><input type=\"hidden\" name=\"_wpcf7\" value=\"4726\" \/><input type=\"hidden\" name=\"_wpcf7_version\" value=\"6.1.3\" \/><input type=\"hidden\" name=\"_wpcf7_locale\" value=\"es_ES\" \/><input type=\"hidden\" name=\"_wpcf7_unit_tag\" value=\"wpcf7-f4726-o1\" \/><input type=\"hidden\" name=\"_wpcf7_container_post\" value=\"0\" \/><input type=\"hidden\" name=\"_wpcf7_posted_data_hash\" value=\"\" \/>\n<\/fieldset>\n<p><label> Your Name<br \/>\n<span class=\"wpcf7-form-control-wrap\" data-name=\"your-name\"><input size=\"40\" maxlength=\"400\" class=\"wpcf7-form-control wpcf7-text wpcf7-validates-as-required\" autocomplete=\"name\" aria-required=\"true\" aria-invalid=\"false\" value=\"\" type=\"text\" name=\"your-name\" \/><\/span> <\/label>\n<\/p>\n<p><label> Email\nYour Email<br \/>\n<span class=\"wpcf7-form-control-wrap\" data-name=\"your-email\"><input size=\"40\" maxlength=\"400\" class=\"wpcf7-form-control wpcf7-email wpcf7-validates-as-required wpcf7-text wpcf7-validates-as-email\" autocomplete=\"email\" aria-required=\"true\" aria-invalid=\"false\" value=\"\" type=\"email\" name=\"your-email\" \/><\/span> <\/label>\n<\/p>\n<p><label> Tel\u00e9fono<br \/>\n<span class=\"wpcf7-form-control-wrap\" data-name=\"tel-176\"><input size=\"40\" maxlength=\"400\" class=\"wpcf7-form-control wpcf7-tel wpcf7-text wpcf7-validates-as-tel\" aria-invalid=\"false\" value=\"\" type=\"tel\" name=\"tel-176\" \/><\/span> <\/label>\n<\/p>\n<p><label> \u00bfEn qu\u00e9 te podemos ayudar?<br \/>\n<span class=\"wpcf7-form-control-wrap\" data-name=\"your-message\"><textarea cols=\"40\" rows=\"10\" maxlength=\"2000\" class=\"wpcf7-form-control wpcf7-textarea\" aria-invalid=\"false\" name=\"your-message\"><\/textarea><\/span> <\/label>\n<\/p>\n<p>Escribe el c\u00f3digo para continuar<input type=\"hidden\" name=\"_wpcf7_captcha_challenge_your-captcha\" value=\"378013259\" \/><img decoding=\"async\" class=\"wpcf7-form-control wpcf7-captchac wpcf7-captcha-your-captcha\" width=\"72\" height=\"24\" alt=\"captcha\" src=\"https:\/\/asesorialastablasmadrid.es\/wp-content\/uploads\/wpcf7_captcha\/378013259.png\" \/><span class=\"wpcf7-form-control-wrap\" data-name=\"your-captcha\"><input size=\"40\" class=\"wpcf7-form-control wpcf7-captchar\" autocomplete=\"off\" aria-invalid=\"false\" value=\"\" type=\"text\" name=\"your-captcha\" \/><\/span>\n<\/p>\n<p><input class=\"wpcf7-form-control wpcf7-submit has-spinner\" type=\"submit\" value=\"Send\" \/>\n<\/p><div class=\"wpcf7-response-output\" aria-hidden=\"true\"><\/div>\n<input type=\"hidden\" name=\"trp-form-language\" value=\"en\"\/><\/form>\n<\/div>\n\t\t\t\t<\/div>\n\t\t\t\t<\/div>\n\t\t\t\t<\/div>\n\t\t\t\t\t<\/div>\n\t\t\t\t<\/div>\n\t\t<div class=\"elementor-element elementor-element-364c28c e-flex e-con-boxed e-con e-parent\" data-id=\"364c28c\" data-element_type=\"container\" data-settings=\"{&quot;background_background&quot;:&quot;classic&quot;}\">\n\t\t\t\t\t<div class=\"e-con-inner\">\n\t\t<div class=\"elementor-element elementor-element-870c324 e-con-full e-flex e-con e-child\" data-id=\"870c324\" data-element_type=\"container\">\n\t\t\t\t<div class=\"elementor-element elementor-element-5a50898 elementor-widget elementor-widget-text-editor\" data-id=\"5a50898\" data-element_type=\"widget\" data-widget_type=\"text-editor.default\">\n\t\t\t\t<div class=\"elementor-widget-container\">\n\t\t\t\t\t\t\t\t\t<h4><span style=\"color: #3b5996;\"><strong><span style=\"color: #00455e;\"><i  class=\"x-icon x-icon-certificate\" ><\/i>\u00a0 Payroll and Social Security Management<\/span> <\/strong><\/span><\/h4>\nWe handle all aspects of payroll and social security management, advising on the options that best suit the client.\t\t\t\t\t\t\t\t<\/div>\n\t\t\t\t<\/div>\n\t\t\t\t<\/div>\n\t\t<div class=\"elementor-element elementor-element-9bbe945 e-con-full e-flex e-con e-child\" data-id=\"9bbe945\" data-element_type=\"container\">\n\t\t\t\t<div class=\"elementor-element elementor-element-4df092b elementor-widget elementor-widget-text-editor\" data-id=\"4df092b\" data-element_type=\"widget\" data-widget_type=\"text-editor.default\">\n\t\t\t\t<div class=\"elementor-widget-container\">\n\t\t\t\t\t\t\t\t\t<h4><span style=\"color: #3b5996;\"><strong><span style=\"color: #00455e;\"><i  class=\"x-icon x-icon-certificate\" ><\/i>\u00a0\u00a0Claims <\/span> <\/strong><\/span><\/h4>\nAdvice and management on claims related to the client's business activities.\t\t\t\t\t\t\t\t<\/div>\n\t\t\t\t<\/div>\n\t\t\t\t<\/div>\n\t\t<div class=\"elementor-element elementor-element-43787ab e-con-full e-flex e-con e-child\" data-id=\"43787ab\" data-element_type=\"container\">\n\t\t\t\t<div class=\"elementor-element elementor-element-3a241b7 elementor-widget elementor-widget-text-editor\" data-id=\"3a241b7\" data-element_type=\"widget\" data-widget_type=\"text-editor.default\">\n\t\t\t\t<div class=\"elementor-widget-container\">\n\t\t\t\t\t\t\t\t\t<h4><span style=\"color: #3b5996;\"><strong><span style=\"color: #00455e;\"><i  class=\"x-icon x-icon-certificate\" ><\/i>\u00a0 Social Security Management<\/span> <\/strong><\/span><\/h4>\nEstablishing connections with Social Security and managing mandatory procedures for business operations.\t\t\t\t\t\t\t\t<\/div>\n\t\t\t\t<\/div>\n\t\t\t\t<\/div>\n\t\t\t\t\t<\/div>\n\t\t\t\t<\/div>\n\t\t<div class=\"elementor-element elementor-element-64bae14 e-con-full e-flex e-con e-parent\" data-id=\"64bae14\" data-element_type=\"container\">\n\t\t<div class=\"elementor-element elementor-element-a1b5390 e-flex e-con-boxed e-con e-child\" data-id=\"a1b5390\" data-element_type=\"container\" data-settings=\"{&quot;background_background&quot;:&quot;classic&quot;}\">\n\t\t\t\t\t<div class=\"e-con-inner\">\n\t\t\t\t<div class=\"elementor-element elementor-element-9f29e41 elementor-widget elementor-widget-text-editor\" data-id=\"9f29e41\" data-element_type=\"widget\" data-widget_type=\"text-editor.default\">\n\t\t\t\t<div class=\"elementor-widget-container\">\n\t\t\t\t\t\t\t\t\t<p>\u00bfQuieres que hablemos de tu situaci\u00f3n laboral?<\/p>\t\t\t\t\t\t\t\t<\/div>\n\t\t\t\t<\/div>\n\t\t\t\t<div class=\"elementor-element elementor-element-7e51b96 elementor-widget elementor-widget-text-editor\" data-id=\"7e51b96\" data-element_type=\"widget\" data-widget_type=\"text-editor.default\">\n\t\t\t\t<div class=\"elementor-widget-container\">\n\t\t\t\t\t\t\t\t\t<p>We want to hear about your current challenges and determine how we can help resolve them.<\/p>\t\t\t\t\t\t\t\t<\/div>\n\t\t\t\t<\/div>\n\t\t\t\t<div class=\"elementor-element elementor-element-e35b2aa elementor-align-center elementor-widget__width-initial elementor-hidden-desktop elementor-hidden-tablet elementor-widget elementor-widget-button\" data-id=\"e35b2aa\" data-element_type=\"widget\" data-widget_type=\"button.default\">\n\t\t\t\t<div class=\"elementor-widget-container\">\n\t\t\t\t\t\t\t\t\t<div class=\"elementor-button-wrapper\">\n\t\t\t\t\t<a class=\"elementor-button elementor-button-link elementor-size-sm\" href=\"#\">\n\t\t\t\t\t\t<span class=\"elementor-button-content-wrapper\">\n\t\t\t\t\t\t\t\t\t<span class=\"elementor-button-text\">Ll\u00e1manos para m\u00e1s informaci\u00f3n<\/span>\n\t\t\t\t\t<\/span>\n\t\t\t\t\t<\/a>\n\t\t\t\t<\/div>\n\t\t\t\t\t\t\t\t<\/div>\n\t\t\t\t<\/div>\n\t\t\t\t<div class=\"elementor-element elementor-element-2dde0e7 elementor-align-center elementor-widget__width-initial elementor-widget elementor-widget-button\" data-id=\"2dde0e7\" data-element_type=\"widget\" data-widget_type=\"button.default\">\n\t\t\t\t<div class=\"elementor-widget-container\">\n\t\t\t\t\t\t\t\t\t<div class=\"elementor-button-wrapper\">\n\t\t\t\t\t<a class=\"elementor-button elementor-button-link elementor-size-sm\" href=\"https:\/\/asesorialastablasmadrid.es\/en\/sobre-nosotros-2\/\">\n\t\t\t\t\t\t<span class=\"elementor-button-content-wrapper\">\n\t\t\t\t\t\t\t\t\t<span class=\"elementor-button-text\">CONTACT ONE OF OUR ADVISORS<\/span>\n\t\t\t\t\t<\/span>\n\t\t\t\t\t<\/a>\n\t\t\t\t<\/div>\n\t\t\t\t\t\t\t\t<\/div>\n\t\t\t\t<\/div>\n\t\t\t\t\t<\/div>\n\t\t\t\t<\/div>\n\t\t\t\t<\/div>\n\t\t\t\t<\/div>","protected":false},"excerpt":{"rendered":"<p>Asesor\u00eda Laboral Las Tablas &#8211; Su Aliado en el Mundo Laboral En un mundo laboral en constante cambio, donde la legislaci\u00f3n cambia constantemente, a menudo se plantean nuevas inc\u00f3gnitas para Sociedades, Aut\u00f3nomos y Trabajadores por Cuenta Ajena. En Asesor\u00eda Las Tablas comprendemos la problem\u00e1tica que lo anterior plantea y prestamos servicios en materia laboral al [&hellip;]<\/p>","protected":false},"author":2,"featured_media":0,"parent":0,"menu_order":0,"comment_status":"closed","ping_status":"closed","template":"","meta":{"footnotes":""},"class_list":["post-342","page","type-page","status-publish","hentry"],"yoast_head":"<!-- This site is optimized with the Yoast SEO Premium plugin v21.3 (Yoast SEO v24.5) - https:\/\/yoast.com\/wordpress\/plugins\/seo\/ -->\n<title>Gestor\u00eda en Las Tablas Madrid | Tr\u00e1mites R\u00e1pidos y Eficaces<\/title>\n<meta name=\"description\" content=\"Asesoramiento integral en materia laboral a empresas y aut\u00f3nomos.\u00a0Gestor y Servicio personalizado. Especializados en\u00a0n\u00f3minas\" \/>\n<meta name=\"robots\" content=\"index, follow, max-snippet:-1, max-image-preview:large, max-video-preview:-1\" \/>\n<link rel=\"canonical\" href=\"https:\/\/asesorialastablasmadrid.es\/en\/madrid-gestoria-las-tablas\/\" \/>\n<meta property=\"og:locale\" content=\"en_GB\" \/>\n<meta property=\"og:type\" content=\"article\" \/>\n<meta property=\"og:title\" content=\"Asesor\u00eda Laboral\" \/>\n<meta property=\"og:description\" content=\"Asesoramiento integral en materia laboral a empresas y aut\u00f3nomos.\u00a0Gestor y Servicio personalizado. Especializados en\u00a0n\u00f3minas\" \/>\n<meta property=\"og:url\" content=\"https:\/\/asesorialastablasmadrid.es\/en\/madrid-gestoria-las-tablas\/\" \/>\n<meta property=\"og:site_name\" content=\"Asesoria las tablas\" \/>\n<meta property=\"article:publisher\" content=\"https:\/\/www.facebook.com\/asesorialastablas\" \/>\n<meta property=\"article:modified_time\" content=\"2026-03-18T15:24:03+00:00\" \/>\n<meta property=\"og:image\" content=\"https:\/\/asesorialastablasmadrid.es\/wp-content\/uploads\/2024\/08\/Untitled-design-2024-08-20T172407.095.png\" \/>\n<meta name=\"twitter:label1\" content=\"Estimated reading time\" \/>\n\t<meta name=\"twitter:data1\" content=\"2 minutes\" \/>\n<script type=\"application\/ld+json\" class=\"yoast-schema-graph\">{\"@context\":\"https:\/\/schema.org\",\"@graph\":[{\"@type\":\"WebPage\",\"@id\":\"https:\/\/asesorialastablasmadrid.es\/madrid-gestoria-las-tablas\",\"url\":\"https:\/\/asesorialastablasmadrid.es\/madrid-gestoria-las-tablas\",\"name\":\"Gestor\u00eda en Las Tablas Madrid | Tr\u00e1mites R\u00e1pidos y Eficaces\",\"isPartOf\":{\"@id\":\"https:\/\/asesorialastablasmadrid.es\/#website\"},\"primaryImageOfPage\":{\"@id\":\"https:\/\/asesorialastablasmadrid.es\/madrid-gestoria-las-tablas#primaryimage\"},\"image\":{\"@id\":\"https:\/\/asesorialastablasmadrid.es\/madrid-gestoria-las-tablas#primaryimage\"},\"thumbnailUrl\":\"https:\/\/asesorialastablasmadrid.es\/wp-content\/uploads\/2024\/08\/Untitled-design-2024-08-20T172407.095.png\",\"datePublished\":\"2015-03-31T17:23:29+00:00\",\"dateModified\":\"2026-03-18T15:24:03+00:00\",\"description\":\"Asesoramiento integral en materia laboral a empresas y aut\u00f3nomos.\u00a0Gestor y Servicio personalizado. Especializados en\u00a0n\u00f3minas\",\"breadcrumb\":{\"@id\":\"https:\/\/asesorialastablasmadrid.es\/madrid-gestoria-las-tablas#breadcrumb\"},\"inLanguage\":\"en-GB\",\"potentialAction\":[{\"@type\":\"ReadAction\",\"target\":[\"https:\/\/asesorialastablasmadrid.es\/madrid-gestoria-las-tablas\"]}]},{\"@type\":\"ImageObject\",\"inLanguage\":\"en-GB\",\"@id\":\"https:\/\/asesorialastablasmadrid.es\/madrid-gestoria-las-tablas#primaryimage\",\"url\":\"https:\/\/asesorialastablasmadrid.es\/wp-content\/uploads\/2024\/08\/Untitled-design-2024-08-20T172407.095.png\",\"contentUrl\":\"https:\/\/asesorialastablasmadrid.es\/wp-content\/uploads\/2024\/08\/Untitled-design-2024-08-20T172407.095.png\"},{\"@type\":\"BreadcrumbList\",\"@id\":\"https:\/\/asesorialastablasmadrid.es\/madrid-gestoria-las-tablas#breadcrumb\",\"itemListElement\":[{\"@type\":\"ListItem\",\"position\":1,\"name\":\"Portada\",\"item\":\"https:\/\/asesorialastablasmadrid.es\/\"},{\"@type\":\"ListItem\",\"position\":2,\"name\":\"Asesor\u00eda Laboral\"}]},{\"@type\":\"WebSite\",\"@id\":\"https:\/\/asesorialastablasmadrid.es\/#website\",\"url\":\"https:\/\/asesorialastablasmadrid.es\/\",\"name\":\"Asesoria las tablas\",\"description\":\"Asesoria fiscal, laboral y contable\",\"publisher\":{\"@id\":\"https:\/\/asesorialastablasmadrid.es\/#organization\"},\"potentialAction\":[{\"@type\":\"SearchAction\",\"target\":{\"@type\":\"EntryPoint\",\"urlTemplate\":\"https:\/\/asesorialastablasmadrid.es\/?s={search_term_string}\"},\"query-input\":{\"@type\":\"PropertyValueSpecification\",\"valueRequired\":true,\"valueName\":\"search_term_string\"}}],\"inLanguage\":\"en-GB\"},{\"@type\":\"Organization\",\"@id\":\"https:\/\/asesorialastablasmadrid.es\/#organization\",\"name\":\"Asesoria las tablas\",\"url\":\"https:\/\/asesorialastablasmadrid.es\/\",\"logo\":{\"@type\":\"ImageObject\",\"inLanguage\":\"en-GB\",\"@id\":\"https:\/\/asesorialastablasmadrid.es\/#\/schema\/logo\/image\/\",\"url\":\"https:\/\/asesorialastablas.com\/wp-content\/uploads\/2023\/10\/NajeraLogo2-e1696915559586-1.png\",\"contentUrl\":\"https:\/\/asesorialastablas.com\/wp-content\/uploads\/2023\/10\/NajeraLogo2-e1696915559586-1.png\",\"width\":109,\"height\":114,\"caption\":\"Asesoria las tablas\"},\"image\":{\"@id\":\"https:\/\/asesorialastablasmadrid.es\/#\/schema\/logo\/image\/\"},\"sameAs\":[\"https:\/\/www.facebook.com\/asesorialastablas\"]}]}<\/script>\n<!-- \/ Yoast SEO Premium plugin. -->","yoast_head_json":{"title":"Gestor\u00eda en Las Tablas Madrid | Tr\u00e1mites R\u00e1pidos y Eficaces","description":"Asesoramiento integral en materia laboral a empresas y aut\u00f3nomos.\u00a0Gestor y Servicio personalizado. Especializados en\u00a0n\u00f3minas","robots":{"index":"index","follow":"follow","max-snippet":"max-snippet:-1","max-image-preview":"max-image-preview:large","max-video-preview":"max-video-preview:-1"},"canonical":"https:\/\/asesorialastablasmadrid.es\/en\/madrid-gestoria-las-tablas\/","og_locale":"en_GB","og_type":"article","og_title":"Asesor\u00eda Laboral","og_description":"Asesoramiento integral en materia laboral a empresas y aut\u00f3nomos.\u00a0Gestor y Servicio personalizado. Especializados en\u00a0n\u00f3minas","og_url":"https:\/\/asesorialastablasmadrid.es\/en\/madrid-gestoria-las-tablas\/","og_site_name":"Asesoria las tablas","article_publisher":"https:\/\/www.facebook.com\/asesorialastablas","article_modified_time":"2026-03-18T15:24:03+00:00","og_image":[{"url":"https:\/\/asesorialastablasmadrid.es\/wp-content\/uploads\/2024\/08\/Untitled-design-2024-08-20T172407.095.png","type":"","width":"","height":""}],"twitter_misc":{"Estimated reading time":"2 minutes"},"schema":{"@context":"https:\/\/schema.org","@graph":[{"@type":"WebPage","@id":"https:\/\/asesorialastablasmadrid.es\/madrid-gestoria-las-tablas","url":"https:\/\/asesorialastablasmadrid.es\/madrid-gestoria-las-tablas","name":"Gestor\u00eda en Las Tablas Madrid | Tr\u00e1mites R\u00e1pidos y Eficaces","isPartOf":{"@id":"https:\/\/asesorialastablasmadrid.es\/#website"},"primaryImageOfPage":{"@id":"https:\/\/asesorialastablasmadrid.es\/madrid-gestoria-las-tablas#primaryimage"},"image":{"@id":"https:\/\/asesorialastablasmadrid.es\/madrid-gestoria-las-tablas#primaryimage"},"thumbnailUrl":"https:\/\/asesorialastablasmadrid.es\/wp-content\/uploads\/2024\/08\/Untitled-design-2024-08-20T172407.095.png","datePublished":"2015-03-31T17:23:29+00:00","dateModified":"2026-03-18T15:24:03+00:00","description":"Asesoramiento integral en materia laboral a empresas y aut\u00f3nomos.\u00a0Gestor y Servicio personalizado. Especializados en\u00a0n\u00f3minas","breadcrumb":{"@id":"https:\/\/asesorialastablasmadrid.es\/madrid-gestoria-las-tablas#breadcrumb"},"inLanguage":"en-GB","potentialAction":[{"@type":"ReadAction","target":["https:\/\/asesorialastablasmadrid.es\/madrid-gestoria-las-tablas"]}]},{"@type":"ImageObject","inLanguage":"en-GB","@id":"https:\/\/asesorialastablasmadrid.es\/madrid-gestoria-las-tablas#primaryimage","url":"https:\/\/asesorialastablasmadrid.es\/wp-content\/uploads\/2024\/08\/Untitled-design-2024-08-20T172407.095.png","contentUrl":"https:\/\/asesorialastablasmadrid.es\/wp-content\/uploads\/2024\/08\/Untitled-design-2024-08-20T172407.095.png"},{"@type":"BreadcrumbList","@id":"https:\/\/asesorialastablasmadrid.es\/madrid-gestoria-las-tablas#breadcrumb","itemListElement":[{"@type":"ListItem","position":1,"name":"Portada","item":"https:\/\/asesorialastablasmadrid.es\/"},{"@type":"ListItem","position":2,"name":"Asesor\u00eda Laboral"}]},{"@type":"WebSite","@id":"https:\/\/asesorialastablasmadrid.es\/#website","url":"https:\/\/asesorialastablasmadrid.es\/","name":"Asesoria las tablas","description":"Asesoria fiscal, laboral y contable","publisher":{"@id":"https:\/\/asesorialastablasmadrid.es\/#organization"},"potentialAction":[{"@type":"SearchAction","target":{"@type":"EntryPoint","urlTemplate":"https:\/\/asesorialastablasmadrid.es\/?s={search_term_string}"},"query-input":{"@type":"PropertyValueSpecification","valueRequired":true,"valueName":"search_term_string"}}],"inLanguage":"en-GB"},{"@type":"Organization","@id":"https:\/\/asesorialastablasmadrid.es\/#organization","name":"Asesoria las tablas","url":"https:\/\/asesorialastablasmadrid.es\/","logo":{"@type":"ImageObject","inLanguage":"en-GB","@id":"https:\/\/asesorialastablasmadrid.es\/#\/schema\/logo\/image\/","url":"https:\/\/asesorialastablas.com\/wp-content\/uploads\/2023\/10\/NajeraLogo2-e1696915559586-1.png","contentUrl":"https:\/\/asesorialastablas.com\/wp-content\/uploads\/2023\/10\/NajeraLogo2-e1696915559586-1.png","width":109,"height":114,"caption":"Asesoria las tablas"},"image":{"@id":"https:\/\/asesorialastablasmadrid.es\/#\/schema\/logo\/image\/"},"sameAs":["https:\/\/www.facebook.com\/asesorialastablas"]}]}},"_links":{"self":[{"href":"https:\/\/asesorialastablasmadrid.es\/en\/wp-json\/wp\/v2\/pages\/342","targetHints":{"allow":["GET"]}}],"collection":[{"href":"https:\/\/asesorialastablasmadrid.es\/en\/wp-json\/wp\/v2\/pages"}],"about":[{"href":"https:\/\/asesorialastablasmadrid.es\/en\/wp-json\/wp\/v2\/types\/page"}],"author":[{"embeddable":true,"href":"https:\/\/asesorialastablasmadrid.es\/en\/wp-json\/wp\/v2\/users\/2"}],"replies":[{"embeddable":true,"href":"https:\/\/asesorialastablasmadrid.es\/en\/wp-json\/wp\/v2\/comments?post=342"}],"version-history":[{"count":6,"href":"https:\/\/asesorialastablasmadrid.es\/en\/wp-json\/wp\/v2\/pages\/342\/revisions"}],"predecessor-version":[{"id":5214,"href":"https:\/\/asesorialastablasmadrid.es\/en\/wp-json\/wp\/v2\/pages\/342\/revisions\/5214"}],"wp:attachment":[{"href":"https:\/\/asesorialastablasmadrid.es\/en\/wp-json\/wp\/v2\/media?parent=342"}],"curies":[{"name":"wp","href":"https:\/\/api.w.org\/{rel}","templated":true}]}}