{"id":324,"date":"2015-03-31T17:22:40","date_gmt":"2015-03-31T17:22:40","guid":{"rendered":"http:\/\/artaizasesores.com\/?page_id=324"},"modified":"2026-03-18T15:23:00","modified_gmt":"2026-03-18T15:23:00","slug":"asesoria-fiscal-las-tablas-madrid","status":"publish","type":"page","link":"https:\/\/asesorialastablasmadrid.es\/en\/asesoria-fiscal-las-tablas-madrid","title":{"rendered":"Tax Advisory"},"content":{"rendered":"<div data-elementor-type=\"wp-page\" data-elementor-id=\"324\" class=\"elementor elementor-324\" data-elementor-post-type=\"page\">\n\t\t\t\t<div class=\"elementor-element elementor-element-3a54835 e-flex e-con-boxed e-con e-parent\" data-id=\"3a54835\" data-element_type=\"container\">\n\t\t\t\t\t<div class=\"e-con-inner\">\n\t\t\t\t<div class=\"elementor-element elementor-element-9bd4528 elementor-widget__width-initial elementor-widget elementor-widget-text-editor\" data-id=\"9bd4528\" data-element_type=\"widget\" data-widget_type=\"text-editor.default\">\n\t\t\t\t<div class=\"elementor-widget-container\">\n\t\t\t\t\t\t\t\t\t<h2><span style=\"color: #99ccff;\"><span style=\"color: #00455e;\">Tax Advisory Services at Asesor\u00eda Las Tablas \u2013 Your Partner in Tax and Fiscal Advisory<\/span><\/span><\/h2>\nEn ASESORIA LAS TABLAS<strong>, <\/strong>At Asesor\u00eda Las Tablas, we are your premier partner in tax and fiscal advisory. Our commitment is to thoroughly understand the current tax and fiscal situation and leverage that knowledge to benefit both businesses and individuals, locally and nationally.\t\t\t\t\t\t\t\t<\/div>\n\t\t\t\t<\/div>\n\t\t\t\t\t<\/div>\n\t\t\t\t<\/div>\n\t\t<div class=\"elementor-element elementor-element-ecb76d2 e-flex e-con-boxed e-con e-parent\" data-id=\"ecb76d2\" data-element_type=\"container\">\n\t\t\t\t\t<div class=\"e-con-inner\">\n\t\t<div class=\"elementor-element elementor-element-ddae2d4 e-con-full e-flex e-con e-child\" data-id=\"ddae2d4\" data-element_type=\"container\">\n\t\t\t\t<div class=\"elementor-element elementor-element-5d65e9b elementor-widget elementor-widget-text-editor\" data-id=\"5d65e9b\" data-element_type=\"widget\" data-widget_type=\"text-editor.default\">\n\t\t\t\t<div class=\"elementor-widget-container\">\n\t\t\t\t\t\t\t\t\t<h3><strong>Our Tax Advisory Services<\/strong><\/h3>\t\t\t\t\t\t\t\t<\/div>\n\t\t\t\t<\/div>\n\t\t\t\t<div class=\"elementor-element elementor-element-1223d69 elementor-widget elementor-widget-text-editor\" data-id=\"1223d69\" data-element_type=\"widget\" data-widget_type=\"text-editor.default\">\n\t\t\t\t<div class=\"elementor-widget-container\">\n\t\t\t\t\t\t\t\t\t<p>Our team of economists specializes in tax advisory. We recognize that taxes and duties can be complex and challenging for both individuals and businesses. Therefore, we provide services that go beyond merely completing forms and submitting declarations.<\/p>\t\t\t\t\t\t\t\t<\/div>\n\t\t\t\t<\/div>\n\t\t\t\t<div class=\"elementor-element elementor-element-48b6458 elementor-widget elementor-widget-text-editor\" data-id=\"48b6458\" data-element_type=\"widget\" data-widget_type=\"text-editor.default\">\n\t\t\t\t<div class=\"elementor-widget-container\">\n\t\t\t\t\t\t\t\t\t<h3><strong>Our Expertise<\/strong><\/h3>\t\t\t\t\t\t\t\t<\/div>\n\t\t\t\t<\/div>\n\t\t\t\t<div class=\"elementor-element elementor-element-499c5dc elementor-widget elementor-widget-text-editor\" data-id=\"499c5dc\" data-element_type=\"widget\" data-widget_type=\"text-editor.default\">\n\t\t\t\t<div class=\"elementor-widget-container\">\n\t\t\t\t\t\t\t\t\t<p>At Asesor\u00eda Fiscal Las Tablas, professionalism is our advantage. We are well-versed in current tax legislation and the various amendments made through court rulings that establish legal precedents.<\/p>\t\t\t\t\t\t\t\t<\/div>\n\t\t\t\t<\/div>\n\t\t\t\t<div class=\"elementor-element elementor-element-0cee661 elementor-widget elementor-widget-text-editor\" data-id=\"0cee661\" data-element_type=\"widget\" data-widget_type=\"text-editor.default\">\n\t\t\t\t<div class=\"elementor-widget-container\">\n\t\t\t\t\t\t\t\t\t<h3><strong>Your Partner in Financial Success<\/strong><\/h3>\t\t\t\t\t\t\t\t<\/div>\n\t\t\t\t<\/div>\n\t\t\t\t<div class=\"elementor-element elementor-element-7308034 elementor-widget elementor-widget-text-editor\" data-id=\"7308034\" data-element_type=\"widget\" data-widget_type=\"text-editor.default\">\n\t\t\t\t<div class=\"elementor-widget-container\">\n\t\t\t\t\t\t\t\t\t<p>Beyond tax matters, we maintain close relationships with various financial entities that have digital advisors, facilitating interactions with them.<\/p>\t\t\t\t\t\t\t\t<\/div>\n\t\t\t\t<\/div>\n\t\t\t\t<\/div>\n\t\t<div class=\"elementor-element elementor-element-995b338 e-con-full e-flex e-con e-child\" data-id=\"995b338\" data-element_type=\"container\">\n\t\t<div class=\"elementor-element elementor-element-c1e106c e-con-full e-flex e-con e-child\" data-id=\"c1e106c\" data-element_type=\"container\">\n\t\t\t\t<div class=\"elementor-element elementor-element-061bb7e elementor-widget elementor-widget-text-editor\" data-id=\"061bb7e\" data-element_type=\"widget\" data-widget_type=\"text-editor.default\">\n\t\t\t\t<div class=\"elementor-widget-container\">\n\t\t\t\t\t\t\t\t\t<h3><strong>Contact an Expert Advisor<\/strong><\/h3>\t\t\t\t\t\t\t\t<\/div>\n\t\t\t\t<\/div>\n\t\t\t\t<div class=\"elementor-element elementor-element-e6d0cae elementor-widget elementor-widget-text-editor\" data-id=\"e6d0cae\" data-element_type=\"widget\" data-widget_type=\"text-editor.default\">\n\t\t\t\t<div class=\"elementor-widget-container\">\n\t\t\t\t\t\t\t\t\t<p>Si tienes alguna duda, ll\u00e1manos al <strong>910 59 56 77<\/strong> If you have any questions, feel free to call us at 910 59 56 77 or fill out the form below with your details. A personal advisor will get in touch with you promptly to address any concerns you may have.<\/p>\t\t\t\t\t\t\t\t<\/div>\n\t\t\t\t<\/div>\n\t\t\t\t<div class=\"elementor-element elementor-element-db33711 elementor-widget elementor-widget-html\" data-id=\"db33711\" data-element_type=\"widget\" data-widget_type=\"html.default\">\n\t\t\t\t<div class=\"elementor-widget-container\">\n\t\t\t\t\t\n<div class=\"wpcf7 no-js\" id=\"wpcf7-f4726-o1\" lang=\"es-ES\" dir=\"ltr\" data-wpcf7-id=\"4726\">\n<div class=\"screen-reader-response\"><p role=\"status\" aria-live=\"polite\" aria-atomic=\"true\"><\/p> <ul><\/ul><\/div>\n<form action=\"\/en\/wp-json\/wp\/v2\/pages\/324#wpcf7-f4726-o1\" method=\"post\" class=\"wpcf7-form init\" aria-label=\"Formulario de contacto\" novalidate=\"novalidate\" data-status=\"init\" data-trp-original-action=\"\/en\/wp-json\/wp\/v2\/pages\/324#wpcf7-f4726-o1\">\n<fieldset class=\"hidden-fields-container\"><input type=\"hidden\" name=\"_wpcf7\" value=\"4726\" \/><input type=\"hidden\" name=\"_wpcf7_version\" value=\"6.1.3\" \/><input type=\"hidden\" name=\"_wpcf7_locale\" value=\"es_ES\" \/><input type=\"hidden\" name=\"_wpcf7_unit_tag\" value=\"wpcf7-f4726-o1\" \/><input type=\"hidden\" name=\"_wpcf7_container_post\" value=\"0\" \/><input type=\"hidden\" name=\"_wpcf7_posted_data_hash\" value=\"\" \/>\n<\/fieldset>\n<p><label> Your Name<br \/>\n<span class=\"wpcf7-form-control-wrap\" data-name=\"your-name\"><input size=\"40\" maxlength=\"400\" class=\"wpcf7-form-control wpcf7-text wpcf7-validates-as-required\" autocomplete=\"name\" aria-required=\"true\" aria-invalid=\"false\" value=\"\" type=\"text\" name=\"your-name\" \/><\/span> <\/label>\n<\/p>\n<p><label> Email\nYour Email<br \/>\n<span class=\"wpcf7-form-control-wrap\" data-name=\"your-email\"><input size=\"40\" maxlength=\"400\" class=\"wpcf7-form-control wpcf7-email wpcf7-validates-as-required wpcf7-text wpcf7-validates-as-email\" autocomplete=\"email\" aria-required=\"true\" aria-invalid=\"false\" value=\"\" type=\"email\" name=\"your-email\" \/><\/span> <\/label>\n<\/p>\n<p><label> Tel\u00e9fono<br \/>\n<span class=\"wpcf7-form-control-wrap\" data-name=\"tel-176\"><input size=\"40\" maxlength=\"400\" class=\"wpcf7-form-control wpcf7-tel wpcf7-text wpcf7-validates-as-tel\" aria-invalid=\"false\" value=\"\" type=\"tel\" name=\"tel-176\" \/><\/span> <\/label>\n<\/p>\n<p><label> \u00bfEn qu\u00e9 te podemos ayudar?<br \/>\n<span class=\"wpcf7-form-control-wrap\" data-name=\"your-message\"><textarea cols=\"40\" rows=\"10\" maxlength=\"2000\" class=\"wpcf7-form-control wpcf7-textarea\" aria-invalid=\"false\" name=\"your-message\"><\/textarea><\/span> <\/label>\n<\/p>\n<p>Escribe el c\u00f3digo para continuar<input type=\"hidden\" name=\"_wpcf7_captcha_challenge_your-captcha\" value=\"852017776\" \/><img decoding=\"async\" class=\"wpcf7-form-control wpcf7-captchac wpcf7-captcha-your-captcha\" width=\"72\" height=\"24\" alt=\"captcha\" src=\"https:\/\/asesorialastablasmadrid.es\/wp-content\/uploads\/wpcf7_captcha\/852017776.png\" \/><span class=\"wpcf7-form-control-wrap\" data-name=\"your-captcha\"><input size=\"40\" class=\"wpcf7-form-control wpcf7-captchar\" autocomplete=\"off\" aria-invalid=\"false\" value=\"\" type=\"text\" name=\"your-captcha\" \/><\/span>\n<\/p>\n<p><input class=\"wpcf7-form-control wpcf7-submit has-spinner\" type=\"submit\" value=\"Send\" \/>\n<\/p><div class=\"wpcf7-response-output\" aria-hidden=\"true\"><\/div>\n<input type=\"hidden\" name=\"trp-form-language\" value=\"en\"\/><\/form>\n<\/div>\n\t\t\t\t<\/div>\n\t\t\t\t<\/div>\n\t\t\t\t<\/div>\n\t\t\t\t<\/div>\n\t\t\t\t\t<\/div>\n\t\t\t\t<\/div>\n\t\t<div class=\"elementor-element elementor-element-ca4cf61 e-flex e-con-boxed e-con e-parent\" data-id=\"ca4cf61\" data-element_type=\"container\" data-settings=\"{&quot;background_background&quot;:&quot;classic&quot;}\">\n\t\t\t\t\t<div class=\"e-con-inner\">\n\t\t<div class=\"elementor-element elementor-element-28a1002 e-con-full e-flex e-con e-child\" data-id=\"28a1002\" data-element_type=\"container\">\n\t\t\t\t<div class=\"elementor-element elementor-element-af81b82 elementor-widget elementor-widget-text-editor\" data-id=\"af81b82\" data-element_type=\"widget\" data-widget_type=\"text-editor.default\">\n\t\t\t\t<div class=\"elementor-widget-container\">\n\t\t\t\t\t\t\t\t\t<h4><span style=\"color: #3b5996;\"><strong><span style=\"color: #00455e;\">Tax Planning<\/span> <\/strong><\/span><\/h4><p>Analysis, development, and planning of taxes and fiscal matters tailored to the client\u2019s specific characteristics.<\/p>\t\t\t\t\t\t\t\t<\/div>\n\t\t\t\t<\/div>\n\t\t\t\t<\/div>\n\t\t<div class=\"elementor-element elementor-element-164f75e e-con-full e-flex e-con e-child\" data-id=\"164f75e\" data-element_type=\"container\">\n\t\t\t\t<div class=\"elementor-element elementor-element-1a197b6 elementor-widget elementor-widget-text-editor\" data-id=\"1a197b6\" data-element_type=\"widget\" data-widget_type=\"text-editor.default\">\n\t\t\t\t<div class=\"elementor-widget-container\">\n\t\t\t\t\t\t\t\t\t<h4><span style=\"color: #3b5996;\"><strong><span style=\"color: #00455e;\">Comprehensive Tax Advisory<\/span> <\/strong><\/span><\/h4><p>Tax advisory based on an analysis of the company\u2019s characteristics and its business activities.<\/p>\t\t\t\t\t\t\t\t<\/div>\n\t\t\t\t<\/div>\n\t\t\t\t<\/div>\n\t\t<div class=\"elementor-element elementor-element-b200311 e-con-full e-flex e-con e-child\" data-id=\"b200311\" data-element_type=\"container\">\n\t\t\t\t<div class=\"elementor-element elementor-element-ec5a830 elementor-widget elementor-widget-text-editor\" data-id=\"ec5a830\" data-element_type=\"widget\" data-widget_type=\"text-editor.default\">\n\t\t\t\t<div class=\"elementor-widget-container\">\n\t\t\t\t\t\t\t\t\t<h4><span style=\"color: #3b5996;\"><strong><span style=\"color: #00455e;\">Corporate Tax<\/span> <\/strong><\/span><\/h4><p>Study, development, and submission of Corporate Tax tailored to the company\u2019s characteristics and billing.<\/p>\t\t\t\t\t\t\t\t<\/div>\n\t\t\t\t<\/div>\n\t\t\t\t<\/div>\n\t\t<div class=\"elementor-element elementor-element-39e0073 e-con-full e-flex e-con e-child\" data-id=\"39e0073\" data-element_type=\"container\">\n\t\t\t\t<div class=\"elementor-element elementor-element-0691804 elementor-widget elementor-widget-text-editor\" data-id=\"0691804\" data-element_type=\"widget\" data-widget_type=\"text-editor.default\">\n\t\t\t\t<div class=\"elementor-widget-container\">\n\t\t\t\t\t\t\t\t\t<h4><span style=\"color: #3b5996;\"><strong><span style=\"color: #00455e;\"><i  class=\"x-icon x-icon-certificate\" ><\/i>\u00a0 Economic-Administrative Claims<\/span> <\/strong><\/span><\/h4>\n<p>Management and advice on potential economic-administrative claims related to business activities.<\/p>\t\t\t\t\t\t\t\t<\/div>\n\t\t\t\t<\/div>\n\t\t\t\t<\/div>\n\t\t<div class=\"elementor-element elementor-element-bcb88e6 e-con-full e-flex e-con e-child\" data-id=\"bcb88e6\" data-element_type=\"container\">\n\t\t\t\t<div class=\"elementor-element elementor-element-cb74bec elementor-widget elementor-widget-text-editor\" data-id=\"cb74bec\" data-element_type=\"widget\" data-widget_type=\"text-editor.default\">\n\t\t\t\t<div class=\"elementor-widget-container\">\n\t\t\t\t\t\t\t\t\t<h4><span style=\"color: #3b5996;\"><strong><span style=\"color: #00455e;\">Value Added Tax (VAT)<\/span> <\/strong><\/span><\/h4><p>Study, development, and submission of VAT based on the client\u2019s billing.<\/p>\t\t\t\t\t\t\t\t<\/div>\n\t\t\t\t<\/div>\n\t\t\t\t<\/div>\n\t\t<div class=\"elementor-element elementor-element-653c83c e-con-full e-flex e-con e-child\" data-id=\"653c83c\" data-element_type=\"container\">\n\t\t\t\t<div class=\"elementor-element elementor-element-92f78ca elementor-widget elementor-widget-text-editor\" data-id=\"92f78ca\" data-element_type=\"widget\" data-widget_type=\"text-editor.default\">\n\t\t\t\t<div class=\"elementor-widget-container\">\n\t\t\t\t\t\t\t\t\t<h4><span style=\"color: #3b5996;\"><strong><span style=\"color: #00455e;\">Withholding and Annual Declarations<\/span> <\/strong><\/span><\/h4><p>Management and submission of withholding and annual declarations, tailored to the client.<\/p>\t\t\t\t\t\t\t\t<\/div>\n\t\t\t\t<\/div>\n\t\t\t\t<\/div>\n\t\t\t\t\t<\/div>\n\t\t\t\t<\/div>\n\t\t<div class=\"elementor-element elementor-element-10d10af e-con-full e-flex e-con e-parent\" data-id=\"10d10af\" data-element_type=\"container\">\n\t\t<div class=\"elementor-element elementor-element-0b324b2 e-flex e-con-boxed e-con e-child\" data-id=\"0b324b2\" data-element_type=\"container\" data-settings=\"{&quot;background_background&quot;:&quot;classic&quot;}\">\n\t\t\t\t\t<div class=\"e-con-inner\">\n\t\t\t\t<div class=\"elementor-element elementor-element-304b1cc elementor-widget elementor-widget-text-editor\" data-id=\"304b1cc\" data-element_type=\"widget\" data-widget_type=\"text-editor.default\">\n\t\t\t\t<div class=\"elementor-widget-container\">\n\t\t\t\t\t\t\t\t\t<p>Want to Discuss Your Tax Situation?<\/p>\t\t\t\t\t\t\t\t<\/div>\n\t\t\t\t<\/div>\n\t\t\t\t<div class=\"elementor-element elementor-element-3a2e38b elementor-widget elementor-widget-text-editor\" data-id=\"3a2e38b\" data-element_type=\"widget\" data-widget_type=\"text-editor.default\">\n\t\t\t\t<div class=\"elementor-widget-container\">\n\t\t\t\t\t\t\t\t\t<p>We want to hear about your current challenges and determine how we can help resolve them.<\/p>\t\t\t\t\t\t\t\t<\/div>\n\t\t\t\t<\/div>\n\t\t\t\t<div class=\"elementor-element elementor-element-69177dc elementor-align-center elementor-widget__width-initial elementor-hidden-desktop elementor-hidden-tablet elementor-widget elementor-widget-button\" data-id=\"69177dc\" data-element_type=\"widget\" data-widget_type=\"button.default\">\n\t\t\t\t<div class=\"elementor-widget-container\">\n\t\t\t\t\t\t\t\t\t<div class=\"elementor-button-wrapper\">\n\t\t\t\t\t<a class=\"elementor-button elementor-button-link elementor-size-sm\" href=\"#\">\n\t\t\t\t\t\t<span class=\"elementor-button-content-wrapper\">\n\t\t\t\t\t\t\t\t\t<span class=\"elementor-button-text\">Ll\u00e1manos para m\u00e1s informaci\u00f3n<\/span>\n\t\t\t\t\t<\/span>\n\t\t\t\t\t<\/a>\n\t\t\t\t<\/div>\n\t\t\t\t\t\t\t\t<\/div>\n\t\t\t\t<\/div>\n\t\t\t\t<div class=\"elementor-element elementor-element-6de8b8b elementor-align-center elementor-widget__width-initial elementor-widget elementor-widget-button\" data-id=\"6de8b8b\" data-element_type=\"widget\" data-widget_type=\"button.default\">\n\t\t\t\t<div class=\"elementor-widget-container\">\n\t\t\t\t\t\t\t\t\t<div class=\"elementor-button-wrapper\">\n\t\t\t\t\t<a class=\"elementor-button elementor-button-link elementor-size-sm\" href=\"https:\/\/asesorialastablasmadrid.es\/en\/sobre-nosotros-2\/\">\n\t\t\t\t\t\t<span class=\"elementor-button-content-wrapper\">\n\t\t\t\t\t\t\t\t\t<span class=\"elementor-button-text\">CONTACT ONE OF OUR ADVISORS<\/span>\n\t\t\t\t\t<\/span>\n\t\t\t\t\t<\/a>\n\t\t\t\t<\/div>\n\t\t\t\t\t\t\t\t<\/div>\n\t\t\t\t<\/div>\n\t\t\t\t\t<\/div>\n\t\t\t\t<\/div>\n\t\t\t\t<\/div>\n\t\t\t\t<\/div>","protected":false},"excerpt":{"rendered":"<p>Asesor\u00eda Fiscal Las Tablas &#8211; Su Socio en Asesor\u00eda Fiscal y Tributaria En ASESORIA LAS TABLAS, somos su mejor socio en asesor\u00eda fiscal y tributaria. Nuestro compromiso es conocer a fondo la situaci\u00f3n tributaria y fiscal actual, y utilizar ese conocimiento en beneficio de empresas y particulares, tanto a nivel local como estatal. Nuestros Servicios [&hellip;]<\/p>","protected":false},"author":2,"featured_media":0,"parent":0,"menu_order":0,"comment_status":"closed","ping_status":"closed","template":"","meta":{"footnotes":""},"class_list":["post-324","page","type-page","status-publish","hentry"],"yoast_head":"<!-- This site is optimized with the Yoast SEO Premium plugin v21.3 (Yoast SEO v24.5) - https:\/\/yoast.com\/wordpress\/plugins\/seo\/ -->\n<title>Asesor\u00eda Fiscal en Las Tablas Madrid | Expertos en Impuestos<\/title>\n<meta name=\"description\" content=\"Gesti\u00f3n fiscal eficiente para aut\u00f3nomos y pymes en Las Tablas. Optimizamos tus impuestos y cumplimos con todas tus obligaciones tributarias.\" \/>\n<meta name=\"robots\" content=\"index, follow, max-snippet:-1, max-image-preview:large, max-video-preview:-1\" \/>\n<link rel=\"canonical\" href=\"https:\/\/asesorialastablasmadrid.es\/en\/asesoria-fiscal-las-tablas-madrid\/\" \/>\n<meta property=\"og:locale\" content=\"en_GB\" \/>\n<meta property=\"og:type\" content=\"article\" \/>\n<meta property=\"og:title\" content=\"Asesor\u00eda Fiscal\" \/>\n<meta property=\"og:description\" content=\"Gesti\u00f3n fiscal eficiente para aut\u00f3nomos y pymes en Las Tablas. Optimizamos tus impuestos y cumplimos con todas tus obligaciones tributarias.\" \/>\n<meta property=\"og:url\" content=\"https:\/\/asesorialastablasmadrid.es\/en\/asesoria-fiscal-las-tablas-madrid\/\" \/>\n<meta property=\"og:site_name\" content=\"Asesoria las tablas\" \/>\n<meta property=\"article:publisher\" content=\"https:\/\/www.facebook.com\/asesorialastablas\" \/>\n<meta property=\"article:modified_time\" content=\"2026-03-18T15:23:00+00:00\" \/>\n<meta name=\"twitter:label1\" content=\"Estimated reading time\" \/>\n\t<meta name=\"twitter:data1\" content=\"2 minutes\" \/>\n<script type=\"application\/ld+json\" class=\"yoast-schema-graph\">{\"@context\":\"https:\/\/schema.org\",\"@graph\":[{\"@type\":\"WebPage\",\"@id\":\"https:\/\/asesorialastablasmadrid.es\/asesoria-fiscal-las-tablas-madrid\",\"url\":\"https:\/\/asesorialastablasmadrid.es\/asesoria-fiscal-las-tablas-madrid\",\"name\":\"Asesor\u00eda Fiscal en Las Tablas Madrid | Expertos en Impuestos\",\"isPartOf\":{\"@id\":\"https:\/\/asesorialastablasmadrid.es\/#website\"},\"datePublished\":\"2015-03-31T17:22:40+00:00\",\"dateModified\":\"2026-03-18T15:23:00+00:00\",\"description\":\"Gesti\u00f3n fiscal eficiente para aut\u00f3nomos y pymes en Las Tablas. Optimizamos tus impuestos y cumplimos con todas tus obligaciones tributarias.\",\"breadcrumb\":{\"@id\":\"https:\/\/asesorialastablasmadrid.es\/asesoria-fiscal-las-tablas-madrid#breadcrumb\"},\"inLanguage\":\"en-GB\",\"potentialAction\":[{\"@type\":\"ReadAction\",\"target\":[\"https:\/\/asesorialastablasmadrid.es\/asesoria-fiscal-las-tablas-madrid\"]}]},{\"@type\":\"BreadcrumbList\",\"@id\":\"https:\/\/asesorialastablasmadrid.es\/asesoria-fiscal-las-tablas-madrid#breadcrumb\",\"itemListElement\":[{\"@type\":\"ListItem\",\"position\":1,\"name\":\"Portada\",\"item\":\"https:\/\/asesorialastablasmadrid.es\/\"},{\"@type\":\"ListItem\",\"position\":2,\"name\":\"Asesor\u00eda Fiscal\"}]},{\"@type\":\"WebSite\",\"@id\":\"https:\/\/asesorialastablasmadrid.es\/#website\",\"url\":\"https:\/\/asesorialastablasmadrid.es\/\",\"name\":\"Asesoria las tablas\",\"description\":\"Asesoria fiscal, laboral y contable\",\"publisher\":{\"@id\":\"https:\/\/asesorialastablasmadrid.es\/#organization\"},\"potentialAction\":[{\"@type\":\"SearchAction\",\"target\":{\"@type\":\"EntryPoint\",\"urlTemplate\":\"https:\/\/asesorialastablasmadrid.es\/?s={search_term_string}\"},\"query-input\":{\"@type\":\"PropertyValueSpecification\",\"valueRequired\":true,\"valueName\":\"search_term_string\"}}],\"inLanguage\":\"en-GB\"},{\"@type\":\"Organization\",\"@id\":\"https:\/\/asesorialastablasmadrid.es\/#organization\",\"name\":\"Asesoria las tablas\",\"url\":\"https:\/\/asesorialastablasmadrid.es\/\",\"logo\":{\"@type\":\"ImageObject\",\"inLanguage\":\"en-GB\",\"@id\":\"https:\/\/asesorialastablasmadrid.es\/#\/schema\/logo\/image\/\",\"url\":\"https:\/\/asesorialastablas.com\/wp-content\/uploads\/2023\/10\/NajeraLogo2-e1696915559586-1.png\",\"contentUrl\":\"https:\/\/asesorialastablas.com\/wp-content\/uploads\/2023\/10\/NajeraLogo2-e1696915559586-1.png\",\"width\":109,\"height\":114,\"caption\":\"Asesoria las tablas\"},\"image\":{\"@id\":\"https:\/\/asesorialastablasmadrid.es\/#\/schema\/logo\/image\/\"},\"sameAs\":[\"https:\/\/www.facebook.com\/asesorialastablas\"]}]}<\/script>\n<!-- \/ Yoast SEO Premium plugin. -->","yoast_head_json":{"title":"Asesor\u00eda Fiscal en Las Tablas Madrid | Expertos en Impuestos","description":"Gesti\u00f3n fiscal eficiente para aut\u00f3nomos y pymes en Las Tablas. Optimizamos tus impuestos y cumplimos con todas tus obligaciones tributarias.","robots":{"index":"index","follow":"follow","max-snippet":"max-snippet:-1","max-image-preview":"max-image-preview:large","max-video-preview":"max-video-preview:-1"},"canonical":"https:\/\/asesorialastablasmadrid.es\/en\/asesoria-fiscal-las-tablas-madrid\/","og_locale":"en_GB","og_type":"article","og_title":"Asesor\u00eda Fiscal","og_description":"Gesti\u00f3n fiscal eficiente para aut\u00f3nomos y pymes en Las Tablas. Optimizamos tus impuestos y cumplimos con todas tus obligaciones tributarias.","og_url":"https:\/\/asesorialastablasmadrid.es\/en\/asesoria-fiscal-las-tablas-madrid\/","og_site_name":"Asesoria las tablas","article_publisher":"https:\/\/www.facebook.com\/asesorialastablas","article_modified_time":"2026-03-18T15:23:00+00:00","twitter_misc":{"Estimated reading time":"2 minutes"},"schema":{"@context":"https:\/\/schema.org","@graph":[{"@type":"WebPage","@id":"https:\/\/asesorialastablasmadrid.es\/asesoria-fiscal-las-tablas-madrid","url":"https:\/\/asesorialastablasmadrid.es\/asesoria-fiscal-las-tablas-madrid","name":"Asesor\u00eda Fiscal en Las Tablas Madrid | Expertos en Impuestos","isPartOf":{"@id":"https:\/\/asesorialastablasmadrid.es\/#website"},"datePublished":"2015-03-31T17:22:40+00:00","dateModified":"2026-03-18T15:23:00+00:00","description":"Gesti\u00f3n fiscal eficiente para aut\u00f3nomos y pymes en Las Tablas. Optimizamos tus impuestos y cumplimos con todas tus obligaciones tributarias.","breadcrumb":{"@id":"https:\/\/asesorialastablasmadrid.es\/asesoria-fiscal-las-tablas-madrid#breadcrumb"},"inLanguage":"en-GB","potentialAction":[{"@type":"ReadAction","target":["https:\/\/asesorialastablasmadrid.es\/asesoria-fiscal-las-tablas-madrid"]}]},{"@type":"BreadcrumbList","@id":"https:\/\/asesorialastablasmadrid.es\/asesoria-fiscal-las-tablas-madrid#breadcrumb","itemListElement":[{"@type":"ListItem","position":1,"name":"Portada","item":"https:\/\/asesorialastablasmadrid.es\/"},{"@type":"ListItem","position":2,"name":"Asesor\u00eda Fiscal"}]},{"@type":"WebSite","@id":"https:\/\/asesorialastablasmadrid.es\/#website","url":"https:\/\/asesorialastablasmadrid.es\/","name":"Asesoria las tablas","description":"Asesoria fiscal, laboral y contable","publisher":{"@id":"https:\/\/asesorialastablasmadrid.es\/#organization"},"potentialAction":[{"@type":"SearchAction","target":{"@type":"EntryPoint","urlTemplate":"https:\/\/asesorialastablasmadrid.es\/?s={search_term_string}"},"query-input":{"@type":"PropertyValueSpecification","valueRequired":true,"valueName":"search_term_string"}}],"inLanguage":"en-GB"},{"@type":"Organization","@id":"https:\/\/asesorialastablasmadrid.es\/#organization","name":"Asesoria las tablas","url":"https:\/\/asesorialastablasmadrid.es\/","logo":{"@type":"ImageObject","inLanguage":"en-GB","@id":"https:\/\/asesorialastablasmadrid.es\/#\/schema\/logo\/image\/","url":"https:\/\/asesorialastablas.com\/wp-content\/uploads\/2023\/10\/NajeraLogo2-e1696915559586-1.png","contentUrl":"https:\/\/asesorialastablas.com\/wp-content\/uploads\/2023\/10\/NajeraLogo2-e1696915559586-1.png","width":109,"height":114,"caption":"Asesoria las tablas"},"image":{"@id":"https:\/\/asesorialastablasmadrid.es\/#\/schema\/logo\/image\/"},"sameAs":["https:\/\/www.facebook.com\/asesorialastablas"]}]}},"_links":{"self":[{"href":"https:\/\/asesorialastablasmadrid.es\/en\/wp-json\/wp\/v2\/pages\/324","targetHints":{"allow":["GET"]}}],"collection":[{"href":"https:\/\/asesorialastablasmadrid.es\/en\/wp-json\/wp\/v2\/pages"}],"about":[{"href":"https:\/\/asesorialastablasmadrid.es\/en\/wp-json\/wp\/v2\/types\/page"}],"author":[{"embeddable":true,"href":"https:\/\/asesorialastablasmadrid.es\/en\/wp-json\/wp\/v2\/users\/2"}],"replies":[{"embeddable":true,"href":"https:\/\/asesorialastablasmadrid.es\/en\/wp-json\/wp\/v2\/comments?post=324"}],"version-history":[{"count":57,"href":"https:\/\/asesorialastablasmadrid.es\/en\/wp-json\/wp\/v2\/pages\/324\/revisions"}],"predecessor-version":[{"id":5208,"href":"https:\/\/asesorialastablasmadrid.es\/en\/wp-json\/wp\/v2\/pages\/324\/revisions\/5208"}],"wp:attachment":[{"href":"https:\/\/asesorialastablasmadrid.es\/en\/wp-json\/wp\/v2\/media?parent=324"}],"curies":[{"name":"wp","href":"https:\/\/api.w.org\/{rel}","templated":true}]}}