{"id":2507,"date":"2024-03-23T02:04:42","date_gmt":"2024-03-23T02:04:42","guid":{"rendered":"https:\/\/asesorialastablas.com\/?page_id=2507"},"modified":"2025-03-01T13:37:00","modified_gmt":"2025-03-01T13:37:00","slug":"servicios-empresariales-mapfre","status":"publish","type":"page","link":"https:\/\/asesorialastablasmadrid.es\/en\/servicios-empresariales-mapfre","title":{"rendered":"MAPFRE Business Services"},"content":{"rendered":"<div data-elementor-type=\"wp-page\" data-elementor-id=\"2507\" class=\"elementor elementor-2507\" data-elementor-post-type=\"page\">\n\t\t\t\t<div class=\"elementor-element elementor-element-62aacfb e-con-full e-flex e-con e-parent\" data-id=\"62aacfb\" data-element_type=\"container\" data-settings=\"{&quot;background_background&quot;:&quot;classic&quot;}\">\n\t\t<div class=\"elementor-element elementor-element-81fb342 e-con-full e-flex e-con e-child\" data-id=\"81fb342\" data-element_type=\"container\">\n\t\t\t\t<div class=\"elementor-element elementor-element-46a1637 elementor-widget elementor-widget-image\" data-id=\"46a1637\" data-element_type=\"widget\" data-widget_type=\"image.default\">\n\t\t\t\t<div class=\"elementor-widget-container\">\n\t\t\t\t\t\t\t\t\t\t\t\t\t\t\t<img fetchpriority=\"high\" decoding=\"async\" width=\"1080\" height=\"212\" src=\"https:\/\/asesorialastablasmadrid.es\/wp-content\/uploads\/2024\/03\/fsghsbvcasx-1.png\" class=\"attachment-2048x2048 size-2048x2048 wp-image-2898\" alt=\"\" srcset=\"https:\/\/asesorialastablasmadrid.es\/wp-content\/uploads\/2024\/03\/fsghsbvcasx-1.png 1080w, https:\/\/asesorialastablasmadrid.es\/wp-content\/uploads\/2024\/03\/fsghsbvcasx-1-300x59.png 300w, https:\/\/asesorialastablasmadrid.es\/wp-content\/uploads\/2024\/03\/fsghsbvcasx-1-1024x201.png 1024w, https:\/\/asesorialastablasmadrid.es\/wp-content\/uploads\/2024\/03\/fsghsbvcasx-1-768x151.png 768w, https:\/\/asesorialastablasmadrid.es\/wp-content\/uploads\/2024\/03\/fsghsbvcasx-1-100x20.png 100w, https:\/\/asesorialastablasmadrid.es\/wp-content\/uploads\/2024\/03\/fsghsbvcasx-1-846x166.png 846w\" sizes=\"(max-width: 1080px) 100vw, 1080px\" \/>\t\t\t\t\t\t\t\t\t\t\t\t\t\t\t<\/div>\n\t\t\t\t<\/div>\n\t\t\t\t<\/div>\n\t\t<div class=\"elementor-element elementor-element-689ff6c e-con-full e-flex e-con e-child\" data-id=\"689ff6c\" data-element_type=\"container\">\n\t\t\t\t<div class=\"elementor-element elementor-element-e240c5d elementor-widget elementor-widget-text-editor\" data-id=\"e240c5d\" data-element_type=\"widget\" data-widget_type=\"text-editor.default\">\n\t\t\t\t<div class=\"elementor-widget-container\">\n\t\t\t\t\t\t\t\t\t<p>Comprehensive Advisory with Mapfre<\/p>\t\t\t\t\t\t\t\t<\/div>\n\t\t\t\t<\/div>\n\t\t\t\t<\/div>\n\t\t\t\t<\/div>\n\t\t<div class=\"elementor-element elementor-element-78a798b e-flex e-con-boxed e-con e-parent\" data-id=\"78a798b\" data-element_type=\"container\">\n\t\t\t\t\t<div class=\"e-con-inner\">\n\t\t\t\t<div class=\"elementor-element elementor-element-b736a99 elementor-widget__width-initial elementor-widget-mobile__width-initial elementor-widget elementor-widget-text-editor\" data-id=\"b736a99\" data-element_type=\"widget\" data-widget_type=\"text-editor.default\">\n\t\t\t\t<div class=\"elementor-widget-container\">\n\t\t\t\t\t\t\t\t\t<p>Desde Asesor\u00eda Las Tablas hemos incorporado una colaboraci\u00f3n con el Departamento de Empresas e Inversi\u00f3n de Mapfre. Con esta colaboraci\u00f3n buscamos poder ofreceros un servicio m\u00e1s amplio y diferenciador logrando no solo asesoraros de la mejor manera como venimos haciendo hasta ahora, sino tambi\u00e9n poder facilitaros las herramientas necesarias para poder poner en marcha cualquier soluci\u00f3n propuesta. El objetivo es poner a su disposici\u00f3n, la experiencia de Mapfre en soluciones aseguradoras, financieras y fiscales, buscando el mayor beneficio para vosotros.<\/p>\t\t\t\t\t\t\t\t<\/div>\n\t\t\t\t<\/div>\n\t\t\t\t\t<\/div>\n\t\t\t\t<\/div>\n\t\t<div class=\"elementor-element elementor-element-7072932 e-con-full e-flex e-con e-parent\" data-id=\"7072932\" data-element_type=\"container\" data-settings=\"{&quot;background_background&quot;:&quot;classic&quot;}\">\n\t\t\t\t<div class=\"elementor-element elementor-element-fb0fcd0 elementor-tabs-alignment-center elementor-tabs-view-horizontal elementor-widget elementor-widget-tabs\" data-id=\"fb0fcd0\" data-element_type=\"widget\" data-widget_type=\"tabs.default\">\n\t\t\t\t<div class=\"elementor-widget-container\">\n\t\t\t\t\t\t\t<div class=\"elementor-tabs\">\n\t\t\t<div class=\"elementor-tabs-wrapper\" role=\"tablist\" >\n\t\t\t\t\t\t\t\t\t<div id=\"elementor-tab-title-2631\" class=\"elementor-tab-title elementor-tab-desktop-title\" aria-selected=\"true\" data-tab=\"1\" role=\"tab\" tabindex=\"0\" aria-controls=\"elementor-tab-content-2631\" aria-expanded=\"false\">INSURANCE SOLUTIONS<\/div>\n\t\t\t\t\t\t\t\t\t<div id=\"elementor-tab-title-2632\" class=\"elementor-tab-title elementor-tab-desktop-title\" aria-selected=\"false\" data-tab=\"2\" role=\"tab\" tabindex=\"-1\" aria-controls=\"elementor-tab-content-2632\" aria-expanded=\"false\">FINANCIAL SOLUTIONS<\/div>\n\t\t\t\t\t\t\t\t\t<div id=\"elementor-tab-title-2633\" class=\"elementor-tab-title elementor-tab-desktop-title\" aria-selected=\"false\" data-tab=\"3\" role=\"tab\" tabindex=\"-1\" aria-controls=\"elementor-tab-content-2633\" aria-expanded=\"false\">CORPORATE SOCIAL SECURITY<\/div>\n\t\t\t\t\t\t\t<\/div>\n\t\t\t<div class=\"elementor-tabs-content-wrapper\" role=\"tablist\" aria-orientation=\"vertical\">\n\t\t\t\t\t\t\t\t\t<div class=\"elementor-tab-title elementor-tab-mobile-title\" aria-selected=\"true\" data-tab=\"1\" role=\"tab\" tabindex=\"0\" aria-controls=\"elementor-tab-content-2631\" aria-expanded=\"false\">INSURANCE SOLUTIONS<\/div>\n\t\t\t\t\t<div id=\"elementor-tab-content-2631\" class=\"elementor-tab-content elementor-clearfix\" data-tab=\"1\" role=\"tabpanel\" aria-labelledby=\"elementor-tab-title-2631\" tabindex=\"0\" hidden=\"false\"><p>For proper asset and family protection, in addition to providing all the necessary support for property and general insurance (cars, home, liability, etc.), our department specializes in personal protection with individual insurance (life, health, etc.), conducting the necessary studies to find not only the best solution but also the most tax-efficient ways to implement them.<\/p><ul><li>LIFE INSURANCE (annual renewable, amortization, etc.)<\/li><li>ACCIDENT INSURANCE<\/li><li>DEATH INSURANCE<\/li><li>DEPENDENCY INSURANCE<\/li><li>HEALTH INSURANCE (individual\/company\/self-employed)<\/li><li>MANDATORY CONVENTION INSURANCE<\/li><li>HOME INSURANCE (rental, alarms, etc.)<\/li><li>CAR INSURANCE<\/li><li>LIABILITY INSURANCE<\/li><li>MULTIRISK INSURANCE<\/li><li>FLEET INSURANCE<\/li><li>ENGINEERING INSURANCE<\/li><li>TRANSPORT INSURANCE<\/li><\/ul><\/div>\n\t\t\t\t\t\t\t\t\t<div class=\"elementor-tab-title elementor-tab-mobile-title\" aria-selected=\"false\" data-tab=\"2\" role=\"tab\" tabindex=\"-1\" aria-controls=\"elementor-tab-content-2632\" aria-expanded=\"false\">FINANCIAL SOLUTIONS<\/div>\n\t\t\t\t\t<div id=\"elementor-tab-content-2632\" class=\"elementor-tab-content elementor-clearfix\" data-tab=\"2\" role=\"tabpanel\" aria-labelledby=\"elementor-tab-title-2632\" tabindex=\"0\" hidden=\"hidden\"><p>En este sentido, buscamos ofrecer servicios de planificaci\u00f3n a corto, medio y largo plazo seg\u00fan los intereses del cliente, logrando una planificaci\u00f3n adecuada a lo largo del tiempo para que se sienta c\u00f3modo y aproveche al m\u00e1ximo sus recursos, as\u00ed como las deducciones y ventajas fiscales que muchas soluciones ofrecen.<\/p><ul><li>Planes de pensiones individuales.<\/li><li>Planes de pensiones simplificados para aut\u00f3nomos.<\/li><li>Planes de empleo por empresa.<\/li><li>Soluciones de ahorro, desde opciones 100% garantizadas hasta opciones m\u00e1s moderadas o din\u00e1micas.<\/li><li>Fondos de inversi\u00f3n con arquitectura abierta, trabajando con m\u00e1s de 30,000 fondos.<\/li><li>Hipotecas con condiciones especiales.<\/li><li>Rentas.<\/li><\/ul><\/div>\n\t\t\t\t\t\t\t\t\t<div class=\"elementor-tab-title elementor-tab-mobile-title\" aria-selected=\"false\" data-tab=\"3\" role=\"tab\" tabindex=\"-1\" aria-controls=\"elementor-tab-content-2633\" aria-expanded=\"false\">CORPORATE SOCIAL SECURITY<\/div>\n\t\t\t\t\t<div id=\"elementor-tab-content-2633\" class=\"elementor-tab-content elementor-clearfix\" data-tab=\"3\" role=\"tabpanel\" aria-labelledby=\"elementor-tab-title-2633\" tabindex=\"0\" hidden=\"hidden\"><p>Ofrecemos soluciones en el \u00e1mbito de la previsi\u00f3n social empresarial, equilibrando los intereses empresariales con el bienestar de la plantilla para favorecer un clima laboral \u00f3ptimo. Proporcionamos apoyo tanto a empleados como a directivos y socios de empresas, protegi\u00e9ndolos y blind\u00e1ndolos ante diversos escenarios que puedan surgir.<\/p><ul><li>Plan de retribuci\u00f3n flexible.<\/li><li>Beneficios sociales.<\/li><li>Protocolo sucesorio empresarial.<\/li><li>Bonos por fidelidad.<\/li><li>Bajas incentivadas.<\/li><li>Prejubilaciones.<\/li><li>Planificaci\u00f3n financiera empresarial.<\/li><\/ul><\/div>\n\t\t\t\t\t\t\t<\/div>\n\t\t<\/div>\n\t\t\t\t\t\t<\/div>\n\t\t\t\t<\/div>\n\t\t\t\t<\/div>\n\t\t<div class=\"elementor-element elementor-element-8b0d521 e-con-full e-flex e-con e-parent\" data-id=\"8b0d521\" data-element_type=\"container\">\n\t\t<div class=\"elementor-element elementor-element-9c0bf12 e-flex e-con-boxed e-con e-child\" data-id=\"9c0bf12\" data-element_type=\"container\" data-settings=\"{&quot;background_background&quot;:&quot;classic&quot;}\">\n\t\t\t\t\t<div class=\"e-con-inner\">\n\t\t\t\t<div class=\"elementor-element elementor-element-3b2647f elementor-align-justify elementor-widget-mobile__width-initial elementor-widget elementor-widget-button\" data-id=\"3b2647f\" data-element_type=\"widget\" data-widget_type=\"button.default\">\n\t\t\t\t<div class=\"elementor-widget-container\">\n\t\t\t\t\t\t\t\t\t<div class=\"elementor-button-wrapper\">\n\t\t\t\t\t<a class=\"elementor-button elementor-button-link elementor-size-sm\" href=\"https:\/\/asesorialastablasmadrid.es\/en\/contacto-asesoria-legal-las-tablas-madrid\/\">\n\t\t\t\t\t\t<span class=\"elementor-button-content-wrapper\">\n\t\t\t\t\t\t<span class=\"elementor-button-icon\">\n\t\t\t\t<svg aria-hidden=\"true\" class=\"e-font-icon-svg e-fas-headset\" viewbox=\"0 0 512 512\" xmlns=\"http:\/\/www.w3.org\/2000\/svg\"><path d=\"M192 208c0-17.67-14.33-32-32-32h-16c-35.35 0-64 28.65-64 64v48c0 35.35 28.65 64 64 64h16c17.67 0 32-14.33 32-32V208zm176 144c35.35 0 64-28.65 64-64v-48c0-35.35-28.65-64-64-64h-16c-17.67 0-32 14.33-32 32v112c0 17.67 14.33 32 32 32h16zM256 0C113.18 0 4.58 118.83 0 256v16c0 8.84 7.16 16 16 16h16c8.84 0 16-7.16 16-16v-16c0-114.69 93.31-208 208-208s208 93.31 208 208h-.12c.08 2.43.12 165.72.12 165.72 0 23.35-18.93 42.28-42.28 42.28H320c0-26.51-21.49-48-48-48h-32c-26.51 0-48 21.49-48 48s21.49 48 48 48h181.72c49.86 0 90.28-40.42 90.28-90.28V256C507.42 118.83 398.82 0 256 0z\"><\/path><\/svg>\t\t\t<\/span>\n\t\t\t\t\t\t\t\t\t<span class=\"elementor-button-text\">Contact us today and discover everything we can offer you!<\/span>\n\t\t\t\t\t<\/span>\n\t\t\t\t\t<\/a>\n\t\t\t\t<\/div>\n\t\t\t\t\t\t\t\t<\/div>\n\t\t\t\t<\/div>\n\t\t\t\t\t<\/div>\n\t\t\t\t<\/div>\n\t\t\t\t<\/div>\n\t\t<div class=\"elementor-element elementor-element-2156f6f e-flex e-con-boxed e-con e-parent\" data-id=\"2156f6f\" data-element_type=\"container\">\n\t\t\t\t\t<div class=\"e-con-inner\">\n\t\t\t\t\t<\/div>\n\t\t\t\t<\/div>\n\t\t\t\t<\/div>","protected":false},"excerpt":{"rendered":"<p>Asesor\u00eda Integral con Mapfre Desde Asesor\u00eda Las Tablas hemos incorporado una colaboraci\u00f3n con el Departamento de Empresas e Inversi\u00f3n de Mapfre. Con esta colaboraci\u00f3n buscamos poder ofreceros un servicio m\u00e1s amplio y diferenciador logrando no solo asesoraros de la mejor manera como venimos haciendo hasta ahora, sino tambi\u00e9n poder facilitaros las herramientas necesarias para poder [&hellip;]<\/p>","protected":false},"author":2,"featured_media":0,"parent":0,"menu_order":0,"comment_status":"closed","ping_status":"closed","template":"elementor_header_footer","meta":{"footnotes":""},"class_list":["post-2507","page","type-page","status-publish","hentry"],"yoast_head":"<!-- This site is optimized with the Yoast SEO Premium plugin v21.3 (Yoast SEO v24.5) - https:\/\/yoast.com\/wordpress\/plugins\/seo\/ -->\n<title>Servicios con Aseguradora MAPFRE - Asesoria las tablas<\/title>\n<meta name=\"robots\" content=\"index, follow, max-snippet:-1, max-image-preview:large, max-video-preview:-1\" \/>\n<link rel=\"canonical\" href=\"https:\/\/asesorialastablasmadrid.es\/en\/servicios-empresariales-mapfre\/\" \/>\n<meta property=\"og:locale\" content=\"en_GB\" \/>\n<meta property=\"og:type\" content=\"article\" \/>\n<meta property=\"og:title\" content=\"Servicios con Aseguradora MAPFRE\" \/>\n<meta property=\"og:description\" content=\"Asesor\u00eda Integral con Mapfre Desde Asesor\u00eda Las Tablas hemos incorporado una colaboraci\u00f3n con el Departamento de Empresas e Inversi\u00f3n de Mapfre. Con esta colaboraci\u00f3n buscamos poder ofreceros un servicio m\u00e1s amplio y diferenciador logrando no solo asesoraros de la mejor manera como venimos haciendo hasta ahora, sino tambi\u00e9n poder facilitaros las herramientas necesarias para poder [&hellip;]\" \/>\n<meta property=\"og:url\" content=\"https:\/\/asesorialastablasmadrid.es\/en\/servicios-empresariales-mapfre\/\" \/>\n<meta property=\"og:site_name\" content=\"Asesoria las tablas\" \/>\n<meta property=\"article:publisher\" content=\"https:\/\/www.facebook.com\/asesorialastablas\" \/>\n<meta property=\"article:modified_time\" content=\"2025-03-01T13:37:00+00:00\" \/>\n<meta property=\"og:image\" content=\"https:\/\/asesorialastablasmadrid.es\/wp-content\/uploads\/2024\/03\/fsghsbvcasx-1.png\" \/>\n\t<meta property=\"og:image:width\" content=\"1080\" \/>\n\t<meta property=\"og:image:height\" content=\"212\" \/>\n\t<meta property=\"og:image:type\" content=\"image\/png\" \/>\n<meta name=\"twitter:label1\" content=\"Estimated reading time\" \/>\n\t<meta name=\"twitter:data1\" content=\"2 minutes\" \/>\n<script type=\"application\/ld+json\" class=\"yoast-schema-graph\">{\"@context\":\"https:\/\/schema.org\",\"@graph\":[{\"@type\":\"WebPage\",\"@id\":\"https:\/\/asesorialastablasmadrid.es\/servicios-empresariales-mapfre\",\"url\":\"https:\/\/asesorialastablasmadrid.es\/servicios-empresariales-mapfre\",\"name\":\"Servicios con Aseguradora MAPFRE - Asesoria las tablas\",\"isPartOf\":{\"@id\":\"https:\/\/asesorialastablasmadrid.es\/#website\"},\"primaryImageOfPage\":{\"@id\":\"https:\/\/asesorialastablasmadrid.es\/servicios-empresariales-mapfre#primaryimage\"},\"image\":{\"@id\":\"https:\/\/asesorialastablasmadrid.es\/servicios-empresariales-mapfre#primaryimage\"},\"thumbnailUrl\":\"https:\/\/asesorialastablasmadrid.es\/wp-content\/uploads\/2024\/03\/fsghsbvcasx-1.png\",\"datePublished\":\"2024-03-23T02:04:42+00:00\",\"dateModified\":\"2025-03-01T13:37:00+00:00\",\"breadcrumb\":{\"@id\":\"https:\/\/asesorialastablasmadrid.es\/servicios-empresariales-mapfre#breadcrumb\"},\"inLanguage\":\"en-GB\",\"potentialAction\":[{\"@type\":\"ReadAction\",\"target\":[\"https:\/\/asesorialastablasmadrid.es\/servicios-empresariales-mapfre\"]}]},{\"@type\":\"ImageObject\",\"inLanguage\":\"en-GB\",\"@id\":\"https:\/\/asesorialastablasmadrid.es\/servicios-empresariales-mapfre#primaryimage\",\"url\":\"https:\/\/asesorialastablasmadrid.es\/wp-content\/uploads\/2024\/03\/fsghsbvcasx-1.png\",\"contentUrl\":\"https:\/\/asesorialastablasmadrid.es\/wp-content\/uploads\/2024\/03\/fsghsbvcasx-1.png\"},{\"@type\":\"BreadcrumbList\",\"@id\":\"https:\/\/asesorialastablasmadrid.es\/servicios-empresariales-mapfre#breadcrumb\",\"itemListElement\":[{\"@type\":\"ListItem\",\"position\":1,\"name\":\"Portada\",\"item\":\"https:\/\/asesorialastablasmadrid.es\/\"},{\"@type\":\"ListItem\",\"position\":2,\"name\":\"Servicios con Aseguradora MAPFRE\"}]},{\"@type\":\"WebSite\",\"@id\":\"https:\/\/asesorialastablasmadrid.es\/#website\",\"url\":\"https:\/\/asesorialastablasmadrid.es\/\",\"name\":\"Asesoria las tablas\",\"description\":\"Asesoria fiscal, laboral y contable\",\"publisher\":{\"@id\":\"https:\/\/asesorialastablasmadrid.es\/#organization\"},\"potentialAction\":[{\"@type\":\"SearchAction\",\"target\":{\"@type\":\"EntryPoint\",\"urlTemplate\":\"https:\/\/asesorialastablasmadrid.es\/?s={search_term_string}\"},\"query-input\":{\"@type\":\"PropertyValueSpecification\",\"valueRequired\":true,\"valueName\":\"search_term_string\"}}],\"inLanguage\":\"en-GB\"},{\"@type\":\"Organization\",\"@id\":\"https:\/\/asesorialastablasmadrid.es\/#organization\",\"name\":\"Asesoria las tablas\",\"url\":\"https:\/\/asesorialastablasmadrid.es\/\",\"logo\":{\"@type\":\"ImageObject\",\"inLanguage\":\"en-GB\",\"@id\":\"https:\/\/asesorialastablasmadrid.es\/#\/schema\/logo\/image\/\",\"url\":\"https:\/\/asesorialastablas.com\/wp-content\/uploads\/2023\/10\/NajeraLogo2-e1696915559586-1.png\",\"contentUrl\":\"https:\/\/asesorialastablas.com\/wp-content\/uploads\/2023\/10\/NajeraLogo2-e1696915559586-1.png\",\"width\":109,\"height\":114,\"caption\":\"Asesoria las tablas\"},\"image\":{\"@id\":\"https:\/\/asesorialastablasmadrid.es\/#\/schema\/logo\/image\/\"},\"sameAs\":[\"https:\/\/www.facebook.com\/asesorialastablas\"]}]}<\/script>\n<!-- \/ Yoast SEO Premium plugin. -->","yoast_head_json":{"title":"Servicios con Aseguradora MAPFRE - Asesoria las tablas","robots":{"index":"index","follow":"follow","max-snippet":"max-snippet:-1","max-image-preview":"max-image-preview:large","max-video-preview":"max-video-preview:-1"},"canonical":"https:\/\/asesorialastablasmadrid.es\/en\/servicios-empresariales-mapfre\/","og_locale":"en_GB","og_type":"article","og_title":"Servicios con Aseguradora MAPFRE","og_description":"Asesor\u00eda Integral con Mapfre Desde Asesor\u00eda Las Tablas hemos incorporado una colaboraci\u00f3n con el Departamento de Empresas e Inversi\u00f3n de Mapfre. Con esta colaboraci\u00f3n buscamos poder ofreceros un servicio m\u00e1s amplio y diferenciador logrando no solo asesoraros de la mejor manera como venimos haciendo hasta ahora, sino tambi\u00e9n poder facilitaros las herramientas necesarias para poder [&hellip;]","og_url":"https:\/\/asesorialastablasmadrid.es\/en\/servicios-empresariales-mapfre\/","og_site_name":"Asesoria las tablas","article_publisher":"https:\/\/www.facebook.com\/asesorialastablas","article_modified_time":"2025-03-01T13:37:00+00:00","og_image":[{"width":1080,"height":212,"url":"https:\/\/asesorialastablasmadrid.es\/wp-content\/uploads\/2024\/03\/fsghsbvcasx-1.png","type":"image\/png"}],"twitter_misc":{"Estimated reading time":"2 minutes"},"schema":{"@context":"https:\/\/schema.org","@graph":[{"@type":"WebPage","@id":"https:\/\/asesorialastablasmadrid.es\/servicios-empresariales-mapfre","url":"https:\/\/asesorialastablasmadrid.es\/servicios-empresariales-mapfre","name":"Servicios con Aseguradora MAPFRE - Asesoria las tablas","isPartOf":{"@id":"https:\/\/asesorialastablasmadrid.es\/#website"},"primaryImageOfPage":{"@id":"https:\/\/asesorialastablasmadrid.es\/servicios-empresariales-mapfre#primaryimage"},"image":{"@id":"https:\/\/asesorialastablasmadrid.es\/servicios-empresariales-mapfre#primaryimage"},"thumbnailUrl":"https:\/\/asesorialastablasmadrid.es\/wp-content\/uploads\/2024\/03\/fsghsbvcasx-1.png","datePublished":"2024-03-23T02:04:42+00:00","dateModified":"2025-03-01T13:37:00+00:00","breadcrumb":{"@id":"https:\/\/asesorialastablasmadrid.es\/servicios-empresariales-mapfre#breadcrumb"},"inLanguage":"en-GB","potentialAction":[{"@type":"ReadAction","target":["https:\/\/asesorialastablasmadrid.es\/servicios-empresariales-mapfre"]}]},{"@type":"ImageObject","inLanguage":"en-GB","@id":"https:\/\/asesorialastablasmadrid.es\/servicios-empresariales-mapfre#primaryimage","url":"https:\/\/asesorialastablasmadrid.es\/wp-content\/uploads\/2024\/03\/fsghsbvcasx-1.png","contentUrl":"https:\/\/asesorialastablasmadrid.es\/wp-content\/uploads\/2024\/03\/fsghsbvcasx-1.png"},{"@type":"BreadcrumbList","@id":"https:\/\/asesorialastablasmadrid.es\/servicios-empresariales-mapfre#breadcrumb","itemListElement":[{"@type":"ListItem","position":1,"name":"Portada","item":"https:\/\/asesorialastablasmadrid.es\/"},{"@type":"ListItem","position":2,"name":"Servicios con Aseguradora MAPFRE"}]},{"@type":"WebSite","@id":"https:\/\/asesorialastablasmadrid.es\/#website","url":"https:\/\/asesorialastablasmadrid.es\/","name":"Asesoria las tablas","description":"Asesoria fiscal, laboral y contable","publisher":{"@id":"https:\/\/asesorialastablasmadrid.es\/#organization"},"potentialAction":[{"@type":"SearchAction","target":{"@type":"EntryPoint","urlTemplate":"https:\/\/asesorialastablasmadrid.es\/?s={search_term_string}"},"query-input":{"@type":"PropertyValueSpecification","valueRequired":true,"valueName":"search_term_string"}}],"inLanguage":"en-GB"},{"@type":"Organization","@id":"https:\/\/asesorialastablasmadrid.es\/#organization","name":"Asesoria las tablas","url":"https:\/\/asesorialastablasmadrid.es\/","logo":{"@type":"ImageObject","inLanguage":"en-GB","@id":"https:\/\/asesorialastablasmadrid.es\/#\/schema\/logo\/image\/","url":"https:\/\/asesorialastablas.com\/wp-content\/uploads\/2023\/10\/NajeraLogo2-e1696915559586-1.png","contentUrl":"https:\/\/asesorialastablas.com\/wp-content\/uploads\/2023\/10\/NajeraLogo2-e1696915559586-1.png","width":109,"height":114,"caption":"Asesoria las tablas"},"image":{"@id":"https:\/\/asesorialastablasmadrid.es\/#\/schema\/logo\/image\/"},"sameAs":["https:\/\/www.facebook.com\/asesorialastablas"]}]}},"_links":{"self":[{"href":"https:\/\/asesorialastablasmadrid.es\/en\/wp-json\/wp\/v2\/pages\/2507","targetHints":{"allow":["GET"]}}],"collection":[{"href":"https:\/\/asesorialastablasmadrid.es\/en\/wp-json\/wp\/v2\/pages"}],"about":[{"href":"https:\/\/asesorialastablasmadrid.es\/en\/wp-json\/wp\/v2\/types\/page"}],"author":[{"embeddable":true,"href":"https:\/\/asesorialastablasmadrid.es\/en\/wp-json\/wp\/v2\/users\/2"}],"replies":[{"embeddable":true,"href":"https:\/\/asesorialastablasmadrid.es\/en\/wp-json\/wp\/v2\/comments?post=2507"}],"version-history":[{"count":36,"href":"https:\/\/asesorialastablasmadrid.es\/en\/wp-json\/wp\/v2\/pages\/2507\/revisions"}],"predecessor-version":[{"id":5269,"href":"https:\/\/asesorialastablasmadrid.es\/en\/wp-json\/wp\/v2\/pages\/2507\/revisions\/5269"}],"wp:attachment":[{"href":"https:\/\/asesorialastablasmadrid.es\/en\/wp-json\/wp\/v2\/media?parent=2507"}],"curies":[{"name":"wp","href":"https:\/\/api.w.org\/{rel}","templated":true}]}}